{"id":61,"date":"2015-03-02T04:38:49","date_gmt":"2015-03-01T21:38:49","guid":{"rendered":"http:\/\/structure.thememove.com\/?page_id=61"},"modified":"2021-09-21T13:42:16","modified_gmt":"2021-09-21T16:42:16","slug":"a-ddtiza","status":"publish","type":"page","link":"https:\/\/ddtizapragas.com.br\/site\/a-ddtiza\/","title":{"rendered":"A Empresa"},"content":{"rendered":"<p>[vc_row][vc_column][\/vc_column][\/vc_row][vc_row type=&#8221;full_width&#8221; css=&#8221;.vc_custom_1571860662950{padding-right: 120px !important;padding-left: 120px !important;}&#8221;][vc_column][vc_custom_heading text=&#8221;A DDTIZA&#8221; font_container=&#8221;tag:h2|font_size:20|text_align:left&#8221; el_class=&#8221;heading-title-3&#8243;][\/vc_column][\/vc_row][vc_row type=&#8221;full_width&#8221; css=&#8221;.vc_custom_1571860723814{margin-bottom: 70px !important;padding-right: 120px !important;padding-left: 120px !important;}&#8221;][vc_column width=&#8221;1\/2&#8243;][vc_single_image image=&#8221;76090&#8243; img_size=&#8221;800&#215;800&#8243;][vc_empty_space][vc_custom_heading text=&#8221;EMPRESA FILIADA A MINASPRAG&#8221; font_container=&#8221;tag:h2|font_size:20|text_align:left&#8221; el_class=&#8221;heading-title-3&#8243; link=&#8221;url:http%3A%2F%2Fwww.minasprag.com.br%2F||target:%20_blank|&#8221;][\/vc_column][vc_column width=&#8221;1\/2&#8243;][vc_column_text]<\/p>\n<p align=\"justify\">A\u00a0<strong>DDTIZA<\/strong>\u00a0atua desde 1990 nos segmentos de\u00a0<strong>Controle de Pragas Urbanas<\/strong>\u00a0e vem se destacando no mercado atrav\u00e9s do seu alto conceito de qualidade em seus servi\u00e7os prestados e atendimento personalizado.<\/p>\n<p align=\"justify\">Atuamos em\u00a0<strong>BH e regi\u00e3o da grande BH<\/strong>, desenvolvendo projetos de controle de pragas ideal e adequado \u00e0s necessidades de cada cliente.<\/p>\n<p align=\"justify\">Oferecemos um controle de pragas eficiente e ao mesmo tempo ecologicamente correto, atrav\u00e9s do uso com produtos biodegrad\u00e1veis e registrados no Minist\u00e9rio da Sa\u00fade. Trabalhamos com produtos dos maiores fabricantes mundiais como Bayer, Basf, Rogama, Syngenta que garantem resultado imediato e excelente a\u00e7\u00e3o residual contra as mais diversas esp\u00e9cies de pragas urbanas, mas sem agredir o Meio Ambiente.<\/p>\n<p align=\"justify\">Trabalhamos de acordo com as normas estabelecidas pela ANVISA (Ag\u00eancia Nacional de Vigil\u00e2ncia Sanit\u00e1ria), com total licenciamento, registro e autoriza\u00e7\u00e3o junto aos \u00f3rg\u00e3os respons\u00e1veis para desenvolver tecnicamente nossas tarefas.<\/p>\n<p align=\"justify\">A equipe t\u00e9cnica da\u00a0<strong>DDTIZA<\/strong>\u00a0\u00e9 formada por bi\u00f3logos e t\u00e9cnicos capacitados a atender cada cliente de forma personalizada. Nossos colaboradores s\u00e3o bem treinados, de inteira confian\u00e7a e responsabilidade, al\u00e9m de participarem periodicamente de reciclagem e atualiza\u00e7\u00e3o referente \u00e0s novas t\u00e9cnicas, produtos e equipamentos do mercado de dedetiza\u00e7\u00e3o para um perfeito desempenho de suas fun\u00e7\u00f5es.<\/p>\n<p align=\"justify\">Acreditamos que o relacionamento humano \u00e9 a base para os projetos e pesquisas de sucesso, por isso direcionamos investimentos ao aprimoramento de equipamentos e a constante reciclagem dos nossos profissionais.<\/p>\n<p>[\/vc_column_text][\/vc_column][\/vc_row][vc_row][vc_column][vc_empty_space][\/vc_column][\/vc_row][vc_row type=&#8221;full_width&#8221; full_width=&#8221;stretch_row_content&#8221; css=&#8221;.vc_custom_1571860736884{padding-right: 120px !important;padding-left: 120px !important;background-color: #ef7d00 !important;}&#8221; el_class=&#8221;intro align-center&#8221;][vc_column width=&#8221;3\/4&#8243;][vc_custom_heading text=&#8221;A DDTIZA tem um padr\u00e3o de excel\u00eancia em qualidade na presta\u00e7\u00e3o de servi\u00e7o em controle de pragas urbanas.&#8221; font_container=&#8221;tag:h4|font_size:22|text_align:center|color:%23ffffff&#8221; el_class=&#8221;align-in-line&#8221;][\/vc_column][vc_column width=&#8221;1\/4&#8243;][vc_btn title=&#8221;SOLICITE SUA COTA\u00c7\u00c3O&#8221; style=&#8221;outline&#8221; shape=&#8221;square&#8221; color=&#8221;white&#8221; size=&#8221;lg&#8221; link=&#8221;url:http%3A%2F%2Fwww.ddtizapragas.com.br%2Fsite%2Fcotacao%2F|title:Fa%C3%A7a%20sua%20cota%C3%A7%C3%A3o||&#8221; css=&#8221;.vc_custom_1571539835176{background-color: rgba(255,123,0,0.01) !important;*background-color: rgb(255,123,0) !important;}&#8221;][\/vc_column][\/vc_row][vc_row][vc_column][vc_raw_html]JTNDJTIxLS0lMjBHb29nbGUlMjBUYWclMjBNYW5hZ2VyJTIwJTI4bm9zY3JpcHQlMjklMjAtLSUzRSUwQSUzQ25vc2NyaXB0JTNFJTNDaWZyYW1lJTIwc3JjJTNEJTIyaHR0cHMlM0ElMkYlMkZ3d3cuZ29vZ2xldGFnbWFuYWdlci5jb20lMkZucy5odG1sJTNGaWQlM0RHVE0tVFhXQ0pTTCUyMiUwQWhlaWdodCUzRCUyMjAlMjIlMjB3aWR0aCUzRCUyMjAlMjIlMjBzdHlsZSUzRCUyMmRpc3BsYXklM0Fub25lJTNCdmlzaWJpbGl0eSUzQWhpZGRlbiUyMiUzRSUzQyUyRmlmcmFtZSUzRSUzQyUyRm5vc2NyaXB0JTNFJTBBJTNDJTIxLS0lMjBFbmQlMjBHb29nbGUlMjBUYWclMjBNYW5hZ2VyJTIwJTI4bm9zY3JpcHQlMjklMjAtLSUzRQ==[\/vc_raw_html][\/vc_column][\/vc_row]<\/p>\n","protected":false},"excerpt":{"rendered":"<p>[vc_row][vc_column][\/vc_column][\/vc_row][vc_row type=&#8221;full_width&#8221; css=&#8221;.vc_custom_1571860662950{padding-right: 120px !important;padding-left: 120px !important;}&#8221;][vc_column][vc_custom_heading text=&#8221;A DDTIZA&#8221; font_container=&#8221;tag:h2|font_size:20|text_align:left&#8221; el_class=&#8221;heading-title-3&#8243;][\/vc_column][\/vc_row][vc_row type=&#8221;full_width&#8221; css=&#8221;.vc_custom_1571860723814{margin-bottom: 70px !important;padding-right: 120px !important;padding-left: 120px !important;}&#8221;][vc_column width=&#8221;1\/2&#8243;][vc_single_image image=&#8221;76090&#8243; img_size=&#8221;800&#215;800&#8243;][vc_empty_space][vc_custom_heading text=&#8221;EMPRESA FILIADA A MINASPRAG&#8221; font_container=&#8221;tag:h2|font_size:20|text_align:left&#8221; el_class=&#8221;heading-title-3&#8243; link=&#8221;url:http%3A%2F%2Fwww.minasprag.com.br%2F||target:%20_blank|&#8221;][\/vc_column][vc_column width=&#8221;1\/2&#8243;][vc_column_text] A\u00a0DDTIZA\u00a0atua desde 1990 nos segmentos de\u00a0Controle de Pragas Urbanas\u00a0e vem se destacando no mercado atrav\u00e9s do seu alto conceito de qualidade em seus servi\u00e7os prestados [&hellip;]<\/p>\n","protected":false},"author":1,"featured_media":76004,"parent":0,"menu_order":0,"comment_status":"closed","ping_status":"closed","template":"","meta":{"_lmt_disableupdate":"","_lmt_disable":"","_joinchat":[],"footnotes":""},"class_list":["post-61","page","type-page","status-publish","has-post-thumbnail","hentry"],"_links":{"self":[{"href":"https:\/\/ddtizapragas.com.br\/site\/wp-json\/wp\/v2\/pages\/61","targetHints":{"allow":["GET"]}}],"collection":[{"href":"https:\/\/ddtizapragas.com.br\/site\/wp-json\/wp\/v2\/pages"}],"about":[{"href":"https:\/\/ddtizapragas.com.br\/site\/wp-json\/wp\/v2\/types\/page"}],"author":[{"embeddable":true,"href":"https:\/\/ddtizapragas.com.br\/site\/wp-json\/wp\/v2\/users\/1"}],"replies":[{"embeddable":true,"href":"https:\/\/ddtizapragas.com.br\/site\/wp-json\/wp\/v2\/comments?post=61"}],"version-history":[{"count":91,"href":"https:\/\/ddtizapragas.com.br\/site\/wp-json\/wp\/v2\/pages\/61\/revisions"}],"predecessor-version":[{"id":76091,"href":"https:\/\/ddtizapragas.com.br\/site\/wp-json\/wp\/v2\/pages\/61\/revisions\/76091"}],"wp:featuredmedia":[{"embeddable":true,"href":"https:\/\/ddtizapragas.com.br\/site\/wp-json\/wp\/v2\/media\/76004"}],"wp:attachment":[{"href":"https:\/\/ddtizapragas.com.br\/site\/wp-json\/wp\/v2\/media?parent=61"}],"curies":[{"name":"wp","href":"https:\/\/api.w.org\/{rel}","templated":true}]}}