{"id":75462,"date":"2019-10-01T00:53:24","date_gmt":"2019-10-01T03:53:24","guid":{"rendered":"http:\/\/www.ddtizapragas.com.br\/site\/?page_id=75462"},"modified":"2020-02-19T10:37:54","modified_gmt":"2020-02-19T13:37:54","slug":"descupinizacao","status":"publish","type":"page","link":"https:\/\/ddtizapragas.com.br\/site\/dedetizacao\/descupinizacao\/","title":{"rendered":"Descupiniza\u00e7\u00e3o"},"content":{"rendered":"<p>[vc_row][vc_column][\/vc_column][\/vc_row][vc_row type=&#8221;full_width&#8221; css=&#8221;.vc_custom_1571698690614{padding-right: 120px !important;padding-left: 120px !important;}&#8221;][vc_column][vc_custom_heading text=&#8221;Descupiniza\u00e7\u00e3o&#8221; font_container=&#8221;tag:h2|font_size:20|text_align:center&#8221; el_class=&#8221;heading-title-3&#8243;][\/vc_column][\/vc_row][vc_row type=&#8221;full_width&#8221; css=&#8221;.vc_custom_1571698707851{margin-top: 20px !important;margin-bottom: 70px !important;padding-right: 120px !important;padding-left: 120px !important;}&#8221;][vc_column width=&#8221;1\/3&#8243;][vc_single_image source=&#8221;featured_image&#8221; img_size=&#8221;full&#8221; alignment=&#8221;center&#8221;][\/vc_column][vc_column width=&#8221;2\/3&#8243;][vc_column_text]<\/p>\n<p align=\"justify\">O conhecimento da biologia dos cupins \u00e9 base fundamental na ado\u00e7\u00e3o de medidas preventivas e curativas. Seus h\u00e1bitos de vida, reprodu\u00e7\u00e3o, exig\u00eancias quanto \u00e0 temperatura e umidade s\u00e3o alguns fatores que determinam os procedimentos a serem adotados no seu controle.<\/p>\n<ul>\n<li>\n<p align=\"justify\"><strong>O Tratamento de cupim de madeira seca<\/strong>\u00a0consiste no tratamento do madeirame contaminado, atrav\u00e9s de gotejamento, pincelamento ou perfura\u00e7\u00e3o com inje\u00e7\u00e3o de inseticida l\u00edquido domissanit\u00e1rio especifico para tratamento de cupim.<\/p>\n<\/li>\n<li>\n<p align=\"justify\"><strong>O tratamento de cupins solo<\/strong>\u00a0\u00e9 realizado atrav\u00e9s de barreira qu\u00edmica constru\u00edda ao redor da estrutura contaminada, sendo realizado atrav\u00e9s de furos onde \u00e9 aplicado o inseticida, sendo este em formula\u00e7\u00e3o liquida espec\u00edfico para o tratamento de cupim de solo e polvilhamento de inseticida em formula\u00e7\u00e3o p\u00f3 seco.<\/p>\n<\/li>\n<\/ul>\n<p>&nbsp;<\/p>\n<p>[\/vc_column_text][\/vc_column][\/vc_row][vc_row][vc_column][vc_empty_space height=&#8221;50&#8243;][\/vc_column][\/vc_row][vc_row type=&#8221;full_width&#8221; el_class=&#8221;certifications align-center&#8221; css=&#8221;.vc_custom_1571698720834{padding-right: 120px !important;padding-left: 120px !important;}&#8221;][vc_column width=&#8221;1\/4&#8243;][vc_column_text]<a href=\"http:\/\/www.ddtizapragas.com.br\/site\/desinsetizacao\/\"><img loading=\"lazy\" decoding=\"async\" class=\"alignnone\" src=\"http:\/\/www.ddtizapragas.com.br\/site\/wp-content\/uploads\/2019\/09\/desinsetizacao_ddtiza.png\" alt=\"\" width=\"80\" height=\"80\" \/><\/a><\/p>\n<h3>DESINSETIZA\u00c7\u00c3O<\/h3>\n<p style=\"text-align: justify;\">A desinsetiza\u00e7\u00e3o \u00e9 o controle dos insetos e aracn\u00eddeos mais comuns encontrados em \u00e1reas urbanas, tais como: baratas, pulgas, formigas, tra\u00e7as, aranhas, escorpi\u00f5es, entre outros.<\/p>\n<p>[\/vc_column_text][\/vc_column][vc_column width=&#8221;1\/4&#8243;][vc_column_text]<a href=\"http:\/\/www.ddtizapragas.com.br\/site\/desratizacao\/\"><img loading=\"lazy\" decoding=\"async\" class=\"alignnone\" src=\"http:\/\/www.ddtizapragas.com.br\/site\/wp-content\/uploads\/2019\/09\/desratizacao_ddtiza.png\" alt=\"\" width=\"80\" height=\"80\" \/><\/a><\/p>\n<h3>DESRATIZA\u00c7\u00c3O<\/h3>\n<p style=\"text-align: justify;\">Os roedores s\u00e3o animais \u00e1geis, ariscos e cautelosos, conseguem se esconder com facilidade, tornam seu controle complexo. Nem sempre \u00e9 poss\u00edvel visualiz\u00e1-los, mas deixam vest\u00edgios de sua infesta\u00e7\u00e3o.<\/p>\n<p>[\/vc_column_text][\/vc_column][vc_column width=&#8221;1\/4&#8243;][vc_column_text]<a href=\"http:\/\/www.ddtizapragas.com.br\/site\/descupinizacao\/\"><img loading=\"lazy\" decoding=\"async\" class=\"alignnone\" src=\"http:\/\/www.ddtizapragas.com.br\/site\/wp-content\/uploads\/2019\/09\/descupinizacao_ddtiza.png\" alt=\"\" width=\"80\" height=\"80\" \/><\/a><\/p>\n<h3>DESCUPINIZA\u00c7\u00c3O<\/h3>\n<p style=\"text-align: justify;\">O conhecimento da biologia dos cupins \u00e9 base fundamental na ado\u00e7\u00e3o de medidas preventivas e curativas. Seus h\u00e1bitos de vida, reprodu\u00e7\u00e3o, exig\u00eancias quanto \u00e0 temperatura e umidade s\u00e3o alguns fatores que determinam os procedimentos a serem adotados no seu controle.<\/p>\n<p>[\/vc_column_text][\/vc_column][vc_column width=&#8221;1\/4&#8243;][vc_column_text]<a href=\"http:\/\/www.ddtizapragas.com.br\/site\/controle-de-pragas\/\"><img loading=\"lazy\" decoding=\"async\" class=\"alignnone\" src=\"http:\/\/www.ddtizapragas.com.br\/site\/wp-content\/uploads\/2019\/09\/controle-de-pragas_ddtiza.png\" alt=\"\" width=\"80\" height=\"80\" \/><\/a><\/p>\n<h3>CONTROLE DE PRAGAS<\/h3>\n<p style=\"text-align: justify;\">A CIPU &#8211;\u00a0<strong>Controle Integrado de Pragas Urbanas<\/strong>\u00a0atende diversos segmentos de mercado tais como: condom\u00ednios, empresas, escolas, hospitais, \u00f3rg\u00e3os p\u00fablicos, restaurantes, armaz\u00e9ns, ind\u00fastrias e com\u00e9rcios em geral.<\/p>\n<p>[\/vc_column_text][\/vc_column][\/vc_row][vc_row][vc_column][vc_raw_html]JTNDJTIxLS0lMjBHb29nbGUlMjBUYWclMjBNYW5hZ2VyJTIwJTI4bm9zY3JpcHQlMjklMjAtLSUzRSUwQSUzQ25vc2NyaXB0JTNFJTNDaWZyYW1lJTIwc3JjJTNEJTIyaHR0cHMlM0ElMkYlMkZ3d3cuZ29vZ2xldGFnbWFuYWdlci5jb20lMkZucy5odG1sJTNGaWQlM0RHVE0tVFhXQ0pTTCUyMiUwQWhlaWdodCUzRCUyMjAlMjIlMjB3aWR0aCUzRCUyMjAlMjIlMjBzdHlsZSUzRCUyMmRpc3BsYXklM0Fub25lJTNCdmlzaWJpbGl0eSUzQWhpZGRlbiUyMiUzRSUzQyUyRmlmcmFtZSUzRSUzQyUyRm5vc2NyaXB0JTNFJTBBJTNDJTIxLS0lMjBFbmQlMjBHb29nbGUlMjBUYWclMjBNYW5hZ2VyJTIwJTI4bm9zY3JpcHQlMjklMjAtLSUzRQ==[\/vc_raw_html][\/vc_column][\/vc_row]<\/p>\n","protected":false},"excerpt":{"rendered":"<p>[vc_row][vc_column][\/vc_column][\/vc_row][vc_row type=&#8221;full_width&#8221; css=&#8221;.vc_custom_1571698690614{padding-right: 120px !important;padding-left: 120px !important;}&#8221;][vc_column][vc_custom_heading text=&#8221;Descupiniza\u00e7\u00e3o&#8221; font_container=&#8221;tag:h2|font_size:20|text_align:center&#8221; el_class=&#8221;heading-title-3&#8243;][\/vc_column][\/vc_row][vc_row type=&#8221;full_width&#8221; css=&#8221;.vc_custom_1571698707851{margin-top: 20px !important;margin-bottom: 70px !important;padding-right: 120px !important;padding-left: 120px !important;}&#8221;][vc_column width=&#8221;1\/3&#8243;][vc_single_image source=&#8221;featured_image&#8221; img_size=&#8221;full&#8221; alignment=&#8221;center&#8221;][\/vc_column][vc_column width=&#8221;2\/3&#8243;][vc_column_text] O conhecimento da biologia dos cupins \u00e9 base fundamental na ado\u00e7\u00e3o de medidas preventivas e curativas. Seus h\u00e1bitos de vida, reprodu\u00e7\u00e3o, exig\u00eancias quanto \u00e0 temperatura e umidade s\u00e3o alguns fatores [&hellip;]<\/p>\n","protected":false},"author":1,"featured_media":75463,"parent":75394,"menu_order":0,"comment_status":"closed","ping_status":"closed","template":"","meta":{"_lmt_disableupdate":"","_lmt_disable":"","_joinchat":[],"footnotes":""},"class_list":["post-75462","page","type-page","status-publish","has-post-thumbnail","hentry"],"_links":{"self":[{"href":"https:\/\/ddtizapragas.com.br\/site\/wp-json\/wp\/v2\/pages\/75462","targetHints":{"allow":["GET"]}}],"collection":[{"href":"https:\/\/ddtizapragas.com.br\/site\/wp-json\/wp\/v2\/pages"}],"about":[{"href":"https:\/\/ddtizapragas.com.br\/site\/wp-json\/wp\/v2\/types\/page"}],"author":[{"embeddable":true,"href":"https:\/\/ddtizapragas.com.br\/site\/wp-json\/wp\/v2\/users\/1"}],"replies":[{"embeddable":true,"href":"https:\/\/ddtizapragas.com.br\/site\/wp-json\/wp\/v2\/comments?post=75462"}],"version-history":[{"count":7,"href":"https:\/\/ddtizapragas.com.br\/site\/wp-json\/wp\/v2\/pages\/75462\/revisions"}],"predecessor-version":[{"id":76051,"href":"https:\/\/ddtizapragas.com.br\/site\/wp-json\/wp\/v2\/pages\/75462\/revisions\/76051"}],"up":[{"embeddable":true,"href":"https:\/\/ddtizapragas.com.br\/site\/wp-json\/wp\/v2\/pages\/75394"}],"wp:featuredmedia":[{"embeddable":true,"href":"https:\/\/ddtizapragas.com.br\/site\/wp-json\/wp\/v2\/media\/75463"}],"wp:attachment":[{"href":"https:\/\/ddtizapragas.com.br\/site\/wp-json\/wp\/v2\/media?parent=75462"}],"curies":[{"name":"wp","href":"https:\/\/api.w.org\/{rel}","templated":true}]}}