{"id":75466,"date":"2019-10-01T00:59:06","date_gmt":"2019-10-01T03:59:06","guid":{"rendered":"http:\/\/www.ddtizapragas.com.br\/site\/?page_id=75466"},"modified":"2020-02-19T10:37:32","modified_gmt":"2020-02-19T13:37:32","slug":"controle-de-pragas","status":"publish","type":"page","link":"https:\/\/ddtizapragas.com.br\/site\/dedetizacao\/controle-de-pragas\/","title":{"rendered":"Controle de Pragas"},"content":{"rendered":"<p>[vc_row][vc_column][\/vc_column][\/vc_row][vc_row type=&#8221;full_width&#8221; css=&#8221;.vc_custom_1571698549132{padding-right: 120px !important;padding-left: 120px !important;}&#8221;][vc_column][vc_custom_heading text=&#8221;Controle de Pragas&#8221; font_container=&#8221;tag:h2|font_size:20|text_align:center&#8221; el_class=&#8221;heading-title-3&#8243;][\/vc_column][\/vc_row][vc_row type=&#8221;full_width&#8221; css=&#8221;.vc_custom_1571698562686{margin-top: 20px !important;margin-bottom: 70px !important;padding-right: 120px !important;padding-left: 120px !important;}&#8221;][vc_column width=&#8221;1\/3&#8243;][vc_single_image source=&#8221;featured_image&#8221; img_size=&#8221;full&#8221; alignment=&#8221;center&#8221;][\/vc_column][vc_column width=&#8221;2\/3&#8243;][vc_column_text]<\/p>\n<p align=\"justify\">A CIPU &#8211;\u00a0<strong>Controle Integrado de Pragas Urbanas<\/strong>\u00a0atende diversos segmentos de mercado tais como: condom\u00ednios, empresas, escolas, hospitais, \u00f3rg\u00e3os p\u00fablicos, restaurantes, armaz\u00e9ns, ind\u00fastrias e com\u00e9rcios em geral.<\/p>\n<p align=\"justify\">Iniciamos o projeto da CIPU com a inspe\u00e7\u00e3o de toda \u00e1rea interna e externa do im\u00f3vel a ser tratado, levando em considera\u00e7\u00e3o a localiza\u00e7\u00e3o do estabelecimento, estado de conserva\u00e7\u00e3o, distribui\u00e7\u00f5es sanit\u00e1rias, alimentares e outros. Ap\u00f3s este diagn\u00f3stico \u00e9 feito um mapeamento onde teremos a extens\u00e3o dos poss\u00edveis problemas e dos j\u00e1 existentes. A partir da\u00ed, implantamos o contrato e juntamente com o nosso cliente, realizamos as medidas adequadas . Ap\u00f3s a implanta\u00e7\u00e3o, realizamos monitoramentos com periodicidade de acordo com o segmento do cliente.<\/p>\n<p align=\"justify\">A CIPU \u00e9 um trabalho voltado para a\u00e7\u00f5es corretivas, mas, sobretudo, atrav\u00e9s de a\u00e7\u00f5es preventivas atrav\u00e9s de nossos monitoramentos peri\u00f3dicos.<\/p>\n<p>[\/vc_column_text][\/vc_column][\/vc_row][vc_row][vc_column][vc_empty_space height=&#8221;50&#8243;][\/vc_column][\/vc_row][vc_row type=&#8221;full_width&#8221; el_class=&#8221;certifications align-center&#8221; css=&#8221;.vc_custom_1571698578470{padding-right: 120px !important;padding-left: 120px !important;}&#8221;][vc_column width=&#8221;1\/4&#8243;][vc_column_text]<a href=\"http:\/\/www.ddtizapragas.com.br\/site\/desinsetizacao\/\"><img loading=\"lazy\" decoding=\"async\" class=\"alignnone\" src=\"http:\/\/www.ddtizapragas.com.br\/site\/wp-content\/uploads\/2019\/09\/desinsetizacao_ddtiza.png\" alt=\"\" width=\"80\" height=\"80\" \/><\/a><\/p>\n<h3>DESINSETIZA\u00c7\u00c3O<\/h3>\n<p style=\"text-align: justify;\">A desinsetiza\u00e7\u00e3o \u00e9 o controle dos insetos e aracn\u00eddeos mais comuns encontrados em \u00e1reas urbanas, tais como: baratas, pulgas, formigas, tra\u00e7as, aranhas, escorpi\u00f5es, entre outros.<\/p>\n<p>[\/vc_column_text][\/vc_column][vc_column width=&#8221;1\/4&#8243;][vc_column_text]<a href=\"http:\/\/www.ddtizapragas.com.br\/site\/desratizacao\/\"><img loading=\"lazy\" decoding=\"async\" class=\"alignnone\" src=\"http:\/\/www.ddtizapragas.com.br\/site\/wp-content\/uploads\/2019\/09\/desratizacao_ddtiza.png\" alt=\"\" width=\"80\" height=\"80\" \/><\/a><\/p>\n<h3>DESRATIZA\u00c7\u00c3O<\/h3>\n<p style=\"text-align: justify;\">Os roedores s\u00e3o animais \u00e1geis, ariscos e cautelosos, conseguem se esconder com facilidade, tornam seu controle complexo. Nem sempre \u00e9 poss\u00edvel visualiz\u00e1-los, mas deixam vest\u00edgios de sua infesta\u00e7\u00e3o.<\/p>\n<p>[\/vc_column_text][\/vc_column][vc_column width=&#8221;1\/4&#8243;][vc_column_text]<a href=\"http:\/\/www.ddtizapragas.com.br\/site\/descupinizacao\/\"><img loading=\"lazy\" decoding=\"async\" class=\"alignnone\" src=\"http:\/\/www.ddtizapragas.com.br\/site\/wp-content\/uploads\/2019\/09\/descupinizacao_ddtiza.png\" alt=\"\" width=\"80\" height=\"80\" \/><\/a><\/p>\n<h3>DESCUPINIZA\u00c7\u00c3O<\/h3>\n<p style=\"text-align: justify;\">O conhecimento da biologia dos cupins \u00e9 base fundamental na ado\u00e7\u00e3o de medidas preventivas e curativas. Seus h\u00e1bitos de vida, reprodu\u00e7\u00e3o, exig\u00eancias quanto \u00e0 temperatura e umidade s\u00e3o alguns fatores que determinam os procedimentos a serem adotados no seu controle.<\/p>\n<p>[\/vc_column_text][\/vc_column][vc_column width=&#8221;1\/4&#8243;][vc_column_text]<a href=\"http:\/\/www.ddtizapragas.com.br\/site\/controle-de-pragas\/\"><img loading=\"lazy\" decoding=\"async\" class=\"alignnone\" src=\"http:\/\/www.ddtizapragas.com.br\/site\/wp-content\/uploads\/2019\/09\/controle-de-pragas_ddtiza.png\" alt=\"\" width=\"80\" height=\"80\" \/><\/a><\/p>\n<h3>CONTROLE DE PRAGAS<\/h3>\n<p style=\"text-align: justify;\">A CIPU &#8211;\u00a0<strong>Controle Integrado de Pragas Urbanas<\/strong>\u00a0atende diversos segmentos de mercado tais como: condom\u00ednios, empresas, escolas, hospitais, \u00f3rg\u00e3os p\u00fablicos, restaurantes, armaz\u00e9ns, ind\u00fastrias e com\u00e9rcios em geral.<\/p>\n<p>[\/vc_column_text][\/vc_column][\/vc_row][vc_row][vc_column][vc_raw_html]JTNDJTIxLS0lMjBHb29nbGUlMjBUYWclMjBNYW5hZ2VyJTIwJTI4bm9zY3JpcHQlMjklMjAtLSUzRSUwQSUzQ25vc2NyaXB0JTNFJTNDaWZyYW1lJTIwc3JjJTNEJTIyaHR0cHMlM0ElMkYlMkZ3d3cuZ29vZ2xldGFnbWFuYWdlci5jb20lMkZucy5odG1sJTNGaWQlM0RHVE0tVFhXQ0pTTCUyMiUwQWhlaWdodCUzRCUyMjAlMjIlMjB3aWR0aCUzRCUyMjAlMjIlMjBzdHlsZSUzRCUyMmRpc3BsYXklM0Fub25lJTNCdmlzaWJpbGl0eSUzQWhpZGRlbiUyMiUzRSUzQyUyRmlmcmFtZSUzRSUzQyUyRm5vc2NyaXB0JTNFJTBBJTNDJTIxLS0lMjBFbmQlMjBHb29nbGUlMjBUYWclMjBNYW5hZ2VyJTIwJTI4bm9zY3JpcHQlMjklMjAtLSUzRQ==[\/vc_raw_html][\/vc_column][\/vc_row]<\/p>\n","protected":false},"excerpt":{"rendered":"<p>[vc_row][vc_column][\/vc_column][\/vc_row][vc_row type=&#8221;full_width&#8221; css=&#8221;.vc_custom_1571698549132{padding-right: 120px !important;padding-left: 120px !important;}&#8221;][vc_column][vc_custom_heading text=&#8221;Controle de Pragas&#8221; font_container=&#8221;tag:h2|font_size:20|text_align:center&#8221; el_class=&#8221;heading-title-3&#8243;][\/vc_column][\/vc_row][vc_row type=&#8221;full_width&#8221; css=&#8221;.vc_custom_1571698562686{margin-top: 20px !important;margin-bottom: 70px !important;padding-right: 120px !important;padding-left: 120px !important;}&#8221;][vc_column width=&#8221;1\/3&#8243;][vc_single_image source=&#8221;featured_image&#8221; img_size=&#8221;full&#8221; alignment=&#8221;center&#8221;][\/vc_column][vc_column width=&#8221;2\/3&#8243;][vc_column_text] A CIPU &#8211;\u00a0Controle Integrado de Pragas Urbanas\u00a0atende diversos segmentos de mercado tais como: condom\u00ednios, empresas, escolas, hospitais, \u00f3rg\u00e3os p\u00fablicos, restaurantes, armaz\u00e9ns, ind\u00fastrias e com\u00e9rcios em geral. Iniciamos o [&hellip;]<\/p>\n","protected":false},"author":1,"featured_media":75467,"parent":75394,"menu_order":0,"comment_status":"closed","ping_status":"closed","template":"","meta":{"_lmt_disableupdate":"","_lmt_disable":"","_joinchat":[],"footnotes":""},"class_list":["post-75466","page","type-page","status-publish","has-post-thumbnail","hentry"],"_links":{"self":[{"href":"https:\/\/ddtizapragas.com.br\/site\/wp-json\/wp\/v2\/pages\/75466","targetHints":{"allow":["GET"]}}],"collection":[{"href":"https:\/\/ddtizapragas.com.br\/site\/wp-json\/wp\/v2\/pages"}],"about":[{"href":"https:\/\/ddtizapragas.com.br\/site\/wp-json\/wp\/v2\/types\/page"}],"author":[{"embeddable":true,"href":"https:\/\/ddtizapragas.com.br\/site\/wp-json\/wp\/v2\/users\/1"}],"replies":[{"embeddable":true,"href":"https:\/\/ddtizapragas.com.br\/site\/wp-json\/wp\/v2\/comments?post=75466"}],"version-history":[{"count":5,"href":"https:\/\/ddtizapragas.com.br\/site\/wp-json\/wp\/v2\/pages\/75466\/revisions"}],"predecessor-version":[{"id":76050,"href":"https:\/\/ddtizapragas.com.br\/site\/wp-json\/wp\/v2\/pages\/75466\/revisions\/76050"}],"up":[{"embeddable":true,"href":"https:\/\/ddtizapragas.com.br\/site\/wp-json\/wp\/v2\/pages\/75394"}],"wp:featuredmedia":[{"embeddable":true,"href":"https:\/\/ddtizapragas.com.br\/site\/wp-json\/wp\/v2\/media\/75467"}],"wp:attachment":[{"href":"https:\/\/ddtizapragas.com.br\/site\/wp-json\/wp\/v2\/media?parent=75466"}],"curies":[{"name":"wp","href":"https:\/\/api.w.org\/{rel}","templated":true}]}}