{"id":75512,"date":"2019-10-01T03:21:59","date_gmt":"2019-10-01T06:21:59","guid":{"rendered":"http:\/\/www.ddtizapragas.com.br\/site\/?page_id=75512"},"modified":"2020-02-19T11:13:44","modified_gmt":"2020-02-19T14:13:44","slug":"aranha","status":"publish","type":"page","link":"https:\/\/ddtizapragas.com.br\/site\/pragas\/aranha\/","title":{"rendered":"Aranha"},"content":{"rendered":"<p>[vc_row][vc_column][\/vc_column][\/vc_row][vc_row type=&#8221;full_width&#8221; css=&#8221;.vc_custom_1571700354437{padding-right: 120px !important;padding-left: 120px !important;}&#8221;][vc_column][vc_custom_heading text=&#8221;Aranha&#8221; font_container=&#8221;tag:h2|font_size:20|text_align:center&#8221; el_class=&#8221;heading-title-3&#8243;][\/vc_column][\/vc_row][vc_row type=&#8221;full_width&#8221; css=&#8221;.vc_custom_1571700365754{margin-top: 20px !important;margin-bottom: 70px !important;padding-right: 120px !important;padding-left: 120px !important;}&#8221;][vc_column width=&#8221;1\/2&#8243;][vc_single_image source=&#8221;featured_image&#8221; img_size=&#8221;full&#8221; alignment=&#8221;center&#8221;][\/vc_column][vc_column width=&#8221;1\/2&#8243;][vc_column_text]<\/p>\n<p align=\"justify\">As aranhas s\u00e3o animais artr\u00f3podes pertecentes \u00e0 ordem Araneae da classe dos aracn\u00eddeos, existem aproximadamente 35.000 esp\u00e9cies no mundo. S\u00e3o animais carn\u00edvoros, alimentando-se principalmente de insetos, como grilos e baratas.<\/p>\n<p align=\"justify\">Apresentam como caracter\u00edsticas: quatro pares de patas articuladas, um par de pedipalpos e um par de qual\u00edceras. Nas quel\u00edceras est\u00e3o os ferr\u00f5es utilizados para inocula\u00e7\u00e3o do veneno.<\/p>\n<p align=\"justify\">As aranhas produzem min\u00fasculos fios de seda, a qual conhecemos com teia.<\/p>\n<p align=\"justify\">Muitas esp\u00e9cies de aranhas s\u00e3o inofensivas ao homem por\u00e9m, acidentes graves podem ocorrer com outras esp\u00e9cies. No Brasil existem tr\u00eas g\u00eaneros de aranhas de import\u00e2ncia m\u00e9dica: Phoneutria, Loxosceles e Latrodectus.<\/p>\n<p>[\/vc_column_text][\/vc_column][\/vc_row][vc_row][vc_column][\/vc_column][\/vc_row][vc_row][vc_column][vc_empty_space height=&#8221;50px&#8221;][\/vc_column][\/vc_row][vc_row type=&#8221;full_width&#8221; css=&#8221;.vc_custom_1571700379194{padding-right: 120px !important;padding-left: 120px !important;}&#8221;][vc_column][vc_custom_heading text=&#8221;Conhe\u00e7a a biologia das principais pragas que atingem nosso meio urbano:&#8221; font_container=&#8221;tag:h2|font_size:20|text_align:center&#8221; el_class=&#8221;heading-title-3&#8243;][vc_raw_html]JTNDdGFibGUlMjBib3JkZXIlM0QlMjIwJTIyJTNFJTBBJTNDdGJvZHklM0UlMEElM0N0ciUzRSUwQSUzQ3RkJTNFJTNDYSUyMGhyZWYlM0QlMjJodHRwJTNBJTJGJTJGd3d3LmRkdGl6YXByYWdhcy5jb20uYnIlMkZzaXRlJTJGYXJhbmhhJTJGJTIyJTNFJTNDaW1nJTIwY2xhc3MlM0QlMjJhbGlnbmNlbnRlciUyMiUyMHNyYyUzRCUyMmh0dHAlM0ElMkYlMkZ3d3cuZGR0aXphcHJhZ2FzLmNvbS5iciUyRnNpdGUlMkZ3cC1jb250ZW50JTJGdXBsb2FkcyUyRjIwMTklMkYxMCUyRmFyYW5oYV9kZHRpemEucG5nJTIyJTIwYWx0JTNEJTIyQXJhbmhhJTIyJTIwc3R5bGUlM0QlMjJvcGFjaXR5JTNBJTIwMC40JTNCJTIyJTIwb25tb3VzZW92ZXIlM0QlMjJ0aGlzLnN0eWxlLm9wYWNpdHklM0QxJTNCdGhpcy5maWx0ZXJzLmFscGhhLm9wYWNpdHklM0QxMDAlMjIlMjBvbm1vdXNlb3V0JTNEJTIydGhpcy5zdHlsZS5vcGFjaXR5JTNEMC40JTNCdGhpcy5maWx0ZXJzLmFscGhhLm9wYWNpdHklM0Q0MCUyMiUyMGJvcmRlciUzRCUyMjAlMjIlMjB3aWR0aCUzRCUyMjgwJTIyJTIwaGVpZ2h0JTNEJTIyODAlMjIlMjAlMkYlM0UlM0MlMkZhJTNFJTBBJTNDaDQlMjBzdHlsZSUzRCUyMnRleHQtYWxpZ24lM0ElMjBjZW50ZXIlM0IlMjIlM0UlM0NhJTIwaHJlZiUzRCUyMmh0dHAlM0ElMkYlMkZ3d3cuZGR0aXphcHJhZ2FzLmNvbS5iciUyRnNpdGUlMkZhcmFuaGElMkYlMjIlM0VBcmFuaGElM0MlMkZhJTNFJTNDJTJGaDQlM0UlMEElM0MlMkZ0ZCUzRSUwQSUzQ3RkJTNFJTNDYSUyMGhyZWYlM0QlMjJodHRwJTNBJTJGJTJGd3d3LmRkdGl6YXByYWdhcy5jb20uYnIlMkZzaXRlJTJGY3VwaW0lMkYlMjIlM0UlM0NpbWclMjBjbGFzcyUzRCUyMmFsaWduY2VudGVyJTIyJTIwc3JjJTNEJTIyaHR0cCUzQSUyRiUyRnd3dy5kZHRpemFwcmFnYXMuY29tLmJyJTJGc2l0ZSUyRndwLWNvbnRlbnQlMkZ1cGxvYWRzJTJGMjAxOSUyRjEwJTJGY3VwaW1fZGR0aXphLnBuZyUyMiUyMGFsdCUzRCUyMkN1cGltJTIyJTIwc3R5bGUlM0QlMjJvcGFjaXR5JTNBJTIwMC40JTNCJTIyJTIwb25tb3VzZW92ZXIlM0QlMjJ0aGlzLnN0eWxlLm9wYWNpdHklM0QxJTNCdGhpcy5maWx0ZXJzLmFscGhhLm9wYWNpdHklM0QxMDAlMjIlMjBvbm1vdXNlb3V0JTNEJTIydGhpcy5zdHlsZS5vcGFjaXR5JTNEMC40JTNCdGhpcy5maWx0ZXJzLmFscGhhLm9wYWNpdHklM0Q0MCUyMiUyMGJvcmRlciUzRCUyMjAlMjIlMjB3aWR0aCUzRCUyMjgwJTIyJTIwaGVpZ2h0JTNEJTIyODAlMjIlMjAlMkYlM0UlM0MlMkZhJTNFJTBBJTNDaDQlMjBzdHlsZSUzRCUyMnRleHQtYWxpZ24lM0ElMjBjZW50ZXIlM0IlMjIlM0UlM0NhJTIwaHJlZiUzRCUyMmh0dHAlM0ElMkYlMkZ3d3cuZGR0aXphcHJhZ2FzLmNvbS5iciUyRnNpdGUlMkZjdXBpbSUyRiUyMiUzRUN1cGltJTNDJTJGYSUzRSUzQyUyRmg0JTNFJTBBJTNDJTJGdGQlM0UlMEElM0N0ZCUzRSUzQ2ElMjBocmVmJTNEJTIyaHR0cCUzQSUyRiUyRnd3dy5kZHRpemFwcmFnYXMuY29tLmJyJTJGc2l0ZSUyRmVzY29ycGlhbyUyRiUyMiUzRSUzQ2ltZyUyMGNsYXNzJTNEJTIyYWxpZ25jZW50ZXIlMjIlMjBzcmMlM0QlMjJodHRwJTNBJTJGJTJGd3d3LmRkdGl6YXByYWdhcy5jb20uYnIlMkZzaXRlJTJGd3AtY29udGVudCUyRnVwbG9hZHMlMkYyMDE5JTJGMTAlMkZlc2NvcnBpYW9fZGR0aXphLnBuZyUyMiUyMGFsdCUzRCUyMkVzY29ycGklQzMlQTNvJTIyJTIwc3R5bGUlM0QlMjJvcGFjaXR5JTNBJTIwMC40JTNCJTIyJTIwb25tb3VzZW92ZXIlM0QlMjJ0aGlzLnN0eWxlLm9wYWNpdHklM0QxJTNCdGhpcy5maWx0ZXJzLmFscGhhLm9wYWNpdHklM0QxMDAlMjIlMjBvbm1vdXNlb3V0JTNEJTIydGhpcy5zdHlsZS5vcGFjaXR5JTNEMC40JTNCdGhpcy5maWx0ZXJzLmFscGhhLm9wYWNpdHklM0Q0MCUyMiUyMGJvcmRlciUzRCUyMjAlMjIlMjB3aWR0aCUzRCUyMjgwJTIyJTIwaGVpZ2h0JTNEJTIyODAlMjIlMjAlMkYlM0UlM0MlMkZhJTNFJTBBJTNDaDQlMjBzdHlsZSUzRCUyMnRleHQtYWxpZ24lM0ElMjBjZW50ZXIlM0IlMjIlM0UlM0NhJTIwaHJlZiUzRCUyMmh0dHAlM0ElMkYlMkZ3d3cuZGR0aXphcHJhZ2FzLmNvbS5iciUyRnNpdGUlMkZlc2NvcnBpYW8lMkYlMjIlM0VFc2NvcnBpJUMzJUEzbyUzQyUyRmElM0UlM0MlMkZoNCUzRSUwQSUzQyUyRnRkJTNFJTBBJTNDdGQlM0UlM0NhJTIwaHJlZiUzRCUyMmh0dHAlM0ElMkYlMkZ3d3cuZGR0aXphcHJhZ2FzLmNvbS5iciUyRnNpdGUlMkZmb3JtaWdhJTJGJTIyJTNFJTNDaW1nJTIwY2xhc3MlM0QlMjJhbGlnbmNlbnRlciUyMiUyMHNyYyUzRCUyMmh0dHAlM0ElMkYlMkZ3d3cuZGR0aXphcHJhZ2FzLmNvbS5iciUyRnNpdGUlMkZ3cC1jb250ZW50JTJGdXBsb2FkcyUyRjIwMTklMkYxMCUyRmZvcm1pZ2FfZGR0aXphLnBuZyUyMiUyMGFsdCUzRCUyMkZvcm1pZ2ElMjIlMjBzdHlsZSUzRCUyMm9wYWNpdHklM0ElMjAwLjQlM0IlMjIlMjBvbm1vdXNlb3ZlciUzRCUyMnRoaXMuc3R5bGUub3BhY2l0eSUzRDElM0J0aGlzLmZpbHRlcnMuYWxwaGEub3BhY2l0eSUzRDEwMCUyMiUyMG9ubW91c2VvdXQlM0QlMjJ0aGlzLnN0eWxlLm9wYWNpdHklM0QwLjQlM0J0aGlzLmZpbHRlcnMuYWxwaGEub3BhY2l0eSUzRDQwJTIyJTIwYm9yZGVyJTNEJTIyMCUyMiUyMHdpZHRoJTNEJTIyODAlMjIlMjBoZWlnaHQlM0QlMjI4MCUyMiUyMCUyRiUzRSUzQyUyRmElM0UlMEElM0NoNCUyMHN0eWxlJTNEJTIydGV4dC1hbGlnbiUzQSUyMGNlbnRlciUzQiUyMiUzRSUzQ2ElMjBocmVmJTNEJTIyaHR0cCUzQSUyRiUyRnd3dy5kZHRpemFwcmFnYXMuY29tLmJyJTJGc2l0ZSUyRmZvcm1pZ2ElMkYlMjIlM0VGb3JtaWdhJTNDJTJGYSUzRSUzQyUyRmg0JTNFJTBBJTNDJTJGdGQlM0UlMEElM0MlMkZ0ciUzRSUwQSUzQ3RyJTNFJTBBJTNDdGQlM0UlM0NhJTIwaHJlZiUzRCUyMmh0dHAlM0ElMkYlMkZ3d3cuZGR0aXphcHJhZ2FzLmNvbS5iciUyRnNpdGUlMkZiYXJhdGElMkYlMjIlM0UlM0NpbWclMjBjbGFzcyUzRCUyMmFsaWduY2VudGVyJTIyJTIwc3JjJTNEJTIyaHR0cCUzQSUyRiUyRnd3dy5kZHRpemFwcmFnYXMuY29tLmJyJTJGc2l0ZSUyRndwLWNvbnRlbnQlMkZ1cGxvYWRzJTJGMjAxOSUyRjEwJTJGYmFyYXRhX2RkdGl6YS5wbmclMjIlMjBhbHQlM0QlMjJCYXJhdGElMjIlMjBzdHlsZSUzRCUyMm9wYWNpdHklM0ElMjAwLjQlM0IlMjIlMjBvbm1vdXNlb3ZlciUzRCUyMnRoaXMuc3R5bGUub3BhY2l0eSUzRDElM0J0aGlzLmZpbHRlcnMuYWxwaGEub3BhY2l0eSUzRDEwMCUyMiUyMG9ubW91c2VvdXQlM0QlMjJ0aGlzLnN0eWxlLm9wYWNpdHklM0QwLjQlM0J0aGlzLmZpbHRlcnMuYWxwaGEub3BhY2l0eSUzRDQwJTIyJTIwYm9yZGVyJTNEJTIyMCUyMiUyMHdpZHRoJTNEJTIyODAlMjIlMjBoZWlnaHQlM0QlMjI4MCUyMiUyMCUyRiUzRSUzQyUyRmElM0UlMEElM0NoNCUyMHN0eWxlJTNEJTIydGV4dC1hbGlnbiUzQSUyMGNlbnRlciUzQiUyMiUzRSUzQ2ElMjBocmVmJTNEJTIyaHR0cCUzQSUyRiUyRnd3dy5kZHRpemFwcmFnYXMuY29tLmJyJTJGc2l0ZSUyRmJhcmF0YSUyRiUyMiUzRUJhcmF0YSUzQyUyRmElM0UlM0MlMkZoNCUzRSUwQSUzQyUyRnRkJTNFJTBBJTNDdGQlM0UlM0NhJTIwaHJlZiUzRCUyMmh0dHAlM0ElMkYlMkZ3d3cuZGR0aXphcHJhZ2FzLmNvbS5iciUyRnNpdGUlMkZwdWxnYSUyRiUyMiUzRSUzQ2ltZyUyMGNsYXNzJTNEJTIyYWxpZ25jZW50ZXIlMjIlMjBzcmMlM0QlMjJodHRwJTNBJTJGJTJGd3d3LmRkdGl6YXByYWdhcy5jb20uYnIlMkZzaXRlJTJGd3AtY29udGVudCUyRnVwbG9hZHMlMkYyMDE5JTJGMTAlMkZwdWxnYV9kZHRpemEucG5nJTIyJTIwYWx0JTNEJTIyUHVsZ2ElMjIlMjBzdHlsZSUzRCUyMm9wYWNpdHklM0ElMjAwLjQlM0IlMjIlMjBvbm1vdXNlb3ZlciUzRCUyMnRoaXMuc3R5bGUub3BhY2l0eSUzRDElM0J0aGlzLmZpbHRlcnMuYWxwaGEub3BhY2l0eSUzRDEwMCUyMiUyMG9ubW91c2VvdXQlM0QlMjJ0aGlzLnN0eWxlLm9wYWNpdHklM0QwLjQlM0J0aGlzLmZpbHRlcnMuYWxwaGEub3BhY2l0eSUzRDQwJTIyJTIwYm9yZGVyJTNEJTIyMCUyMiUyMHdpZHRoJTNEJTIyODAlMjIlMjBoZWlnaHQlM0QlMjI4MCUyMiUyMCUyRiUzRSUzQyUyRmElM0UlMEElM0NoNCUyMHN0eWxlJTNEJTIydGV4dC1hbGlnbiUzQSUyMGNlbnRlciUzQiUyMiUzRSUzQ2ElMjBocmVmJTNEJTIyaHR0cCUzQSUyRiUyRnd3dy5kZHRpemFwcmFnYXMuY29tLmJyJTJGc2l0ZSUyRnB1bGdhJTJGJTIyJTNFUHVsZ2ElM0MlMkZhJTNFJTNDJTJGaDQlM0UlMEElM0MlMkZ0ZCUzRSUwQSUzQ3RkJTNFJTNDYSUyMGhyZWYlM0QlMjJodHRwJTNBJTJGJTJGd3d3LmRkdGl6YXByYWdhcy5jb20uYnIlMkZzaXRlJTJGbW9zY2ElMkYlMjIlM0UlM0NpbWclMjBjbGFzcyUzRCUyMmFsaWduY2VudGVyJTIyJTIwc3JjJTNEJTIyaHR0cCUzQSUyRiUyRnd3dy5kZHRpemFwcmFnYXMuY29tLmJyJTJGc2l0ZSUyRndwLWNvbnRlbnQlMkZ1cGxvYWRzJTJGMjAxOSUyRjEwJTJGbW9zcXVpdG9fZGR0aXphLnBuZyUyMiUyMGFsdCUzRCUyMk1vc2NhJTIyJTIwc3R5bGUlM0QlMjJvcGFjaXR5JTNBJTIwMC40JTNCJTIyJTIwb25tb3VzZW92ZXIlM0QlMjJ0aGlzLnN0eWxlLm9wYWNpdHklM0QxJTNCdGhpcy5maWx0ZXJzLmFscGhhLm9wYWNpdHklM0QxMDAlMjIlMjBvbm1vdXNlb3V0JTNEJTIydGhpcy5zdHlsZS5vcGFjaXR5JTNEMC40JTNCdGhpcy5maWx0ZXJzLmFscGhhLm9wYWNpdHklM0Q0MCUyMiUyMGJvcmRlciUzRCUyMjAlMjIlMjB3aWR0aCUzRCUyMjgwJTIyJTIwaGVpZ2h0JTNEJTIyODAlMjIlMjAlMkYlM0UlM0MlMkZhJTNFJTBBJTNDaDQlMjBzdHlsZSUzRCUyMnRleHQtYWxpZ24lM0ElMjBjZW50ZXIlM0IlMjIlM0UlM0NhJTIwaHJlZiUzRCUyMmh0dHAlM0ElMkYlMkZ3d3cuZGR0aXphcHJhZ2FzLmNvbS5iciUyRnNpdGUlMkZtb3NjYSUyRiUyMiUzRU1vc2NhJTNDJTJGYSUzRSUzQyUyRmg0JTNFJTBBJTNDJTJGdGQlM0UlMEElM0N0ZCUzRSUzQ2ElMjBocmVmJTNEJTIyaHR0cCUzQSUyRiUyRnd3dy5kZHRpemFwcmFnYXMuY29tLmJyJTJGc2l0ZSUyRnJvZWRvcmVzJTJGJTIyJTNFJTNDaW1nJTIwY2xhc3MlM0QlMjJhbGlnbmNlbnRlciUyMiUyMHNyYyUzRCUyMmh0dHAlM0ElMkYlMkZ3d3cuZGR0aXphcHJhZ2FzLmNvbS5iciUyRnNpdGUlMkZ3cC1jb250ZW50JTJGdXBsb2FkcyUyRjIwMTklMkYxMCUyRnJhdG9fZGR0aXphLnBuZyUyMiUyMGFsdCUzRCUyMlJvZWRvcmVzJTIyJTIwc3R5bGUlM0QlMjJvcGFjaXR5JTNBJTIwMC40JTNCJTIyJTIwb25tb3VzZW92ZXIlM0QlMjJ0aGlzLnN0eWxlLm9wYWNpdHklM0QxJTNCdGhpcy5maWx0ZXJzLmFscGhhLm9wYWNpdHklM0QxMDAlMjIlMjBvbm1vdXNlb3V0JTNEJTIydGhpcy5zdHlsZS5vcGFjaXR5JTNEMC40JTNCdGhpcy5maWx0ZXJzLmFscGhhLm9wYWNpdHklM0Q0MCUyMiUyMGJvcmRlciUzRCUyMjAlMjIlMjB3aWR0aCUzRCUyMjgwJTIyJTIwaGVpZ2h0JTNEJTIyODAlMjIlMjAlMkYlM0UlM0MlMkZhJTNFJTBBJTNDaDQlMjBzdHlsZSUzRCUyMnRleHQtYWxpZ24lM0ElMjBjZW50ZXIlM0IlMjIlM0UlM0NhJTIwaHJlZiUzRCUyMmh0dHAlM0ElMkYlMkZ3d3cuZGR0aXphcHJhZ2FzLmNvbS5iciUyRnNpdGUlMkZyb2Vkb3JlcyUyRiUyMiUzRVJvZWRvcmVzJTNDJTJGYSUzRSUzQyUyRmg0JTNFJTBBJTNDJTJGdGQlM0UlMEElM0MlMkZ0ciUzRSUwQSUzQyUyRnRib2R5JTNFJTBBJTNDJTJGdGFibGUlM0U=[\/vc_raw_html][\/vc_column][\/vc_row][vc_row][vc_column][vc_raw_html]JTNDJTIxLS0lMjBHb29nbGUlMjBUYWclMjBNYW5hZ2VyJTIwJTI4bm9zY3JpcHQlMjklMjAtLSUzRSUwQSUzQ25vc2NyaXB0JTNFJTNDaWZyYW1lJTIwc3JjJTNEJTIyaHR0cHMlM0ElMkYlMkZ3d3cuZ29vZ2xldGFnbWFuYWdlci5jb20lMkZucy5odG1sJTNGaWQlM0RHVE0tVFhXQ0pTTCUyMiUwQWhlaWdodCUzRCUyMjAlMjIlMjB3aWR0aCUzRCUyMjAlMjIlMjBzdHlsZSUzRCUyMmRpc3BsYXklM0Fub25lJTNCdmlzaWJpbGl0eSUzQWhpZGRlbiUyMiUzRSUzQyUyRmlmcmFtZSUzRSUzQyUyRm5vc2NyaXB0JTNFJTBBJTNDJTIxLS0lMjBFbmQlMjBHb29nbGUlMjBUYWclMjBNYW5hZ2VyJTIwJTI4bm9zY3JpcHQlMjklMjAtLSUzRQ==[\/vc_raw_html][\/vc_column][\/vc_row]<\/p>\n","protected":false},"excerpt":{"rendered":"<p>[vc_row][vc_column][\/vc_column][\/vc_row][vc_row type=&#8221;full_width&#8221; css=&#8221;.vc_custom_1571700354437{padding-right: 120px !important;padding-left: 120px !important;}&#8221;][vc_column][vc_custom_heading text=&#8221;Aranha&#8221; font_container=&#8221;tag:h2|font_size:20|text_align:center&#8221; el_class=&#8221;heading-title-3&#8243;][\/vc_column][\/vc_row][vc_row type=&#8221;full_width&#8221; css=&#8221;.vc_custom_1571700365754{margin-top: 20px !important;margin-bottom: 70px !important;padding-right: 120px !important;padding-left: 120px !important;}&#8221;][vc_column width=&#8221;1\/2&#8243;][vc_single_image source=&#8221;featured_image&#8221; img_size=&#8221;full&#8221; alignment=&#8221;center&#8221;][\/vc_column][vc_column width=&#8221;1\/2&#8243;][vc_column_text] As aranhas s\u00e3o animais artr\u00f3podes pertecentes \u00e0 ordem Araneae da classe dos aracn\u00eddeos, existem aproximadamente 35.000 esp\u00e9cies no mundo. S\u00e3o animais carn\u00edvoros, alimentando-se principalmente de insetos, como grilos e baratas. [&hellip;]<\/p>\n","protected":false},"author":1,"featured_media":75523,"parent":75474,"menu_order":0,"comment_status":"closed","ping_status":"closed","template":"","meta":{"_lmt_disableupdate":"","_lmt_disable":"","_joinchat":[],"footnotes":""},"class_list":["post-75512","page","type-page","status-publish","has-post-thumbnail","hentry"],"_links":{"self":[{"href":"https:\/\/ddtizapragas.com.br\/site\/wp-json\/wp\/v2\/pages\/75512","targetHints":{"allow":["GET"]}}],"collection":[{"href":"https:\/\/ddtizapragas.com.br\/site\/wp-json\/wp\/v2\/pages"}],"about":[{"href":"https:\/\/ddtizapragas.com.br\/site\/wp-json\/wp\/v2\/types\/page"}],"author":[{"embeddable":true,"href":"https:\/\/ddtizapragas.com.br\/site\/wp-json\/wp\/v2\/users\/1"}],"replies":[{"embeddable":true,"href":"https:\/\/ddtizapragas.com.br\/site\/wp-json\/wp\/v2\/comments?post=75512"}],"version-history":[{"count":14,"href":"https:\/\/ddtizapragas.com.br\/site\/wp-json\/wp\/v2\/pages\/75512\/revisions"}],"predecessor-version":[{"id":76057,"href":"https:\/\/ddtizapragas.com.br\/site\/wp-json\/wp\/v2\/pages\/75512\/revisions\/76057"}],"up":[{"embeddable":true,"href":"https:\/\/ddtizapragas.com.br\/site\/wp-json\/wp\/v2\/pages\/75474"}],"wp:featuredmedia":[{"embeddable":true,"href":"https:\/\/ddtizapragas.com.br\/site\/wp-json\/wp\/v2\/media\/75523"}],"wp:attachment":[{"href":"https:\/\/ddtizapragas.com.br\/site\/wp-json\/wp\/v2\/media?parent=75512"}],"curies":[{"name":"wp","href":"https:\/\/api.w.org\/{rel}","templated":true}]}}