{"id":75527,"date":"2019-10-01T03:46:10","date_gmt":"2019-10-01T06:46:10","guid":{"rendered":"http:\/\/www.ddtizapragas.com.br\/site\/?page_id=75527"},"modified":"2020-02-19T11:15:03","modified_gmt":"2020-02-19T14:15:03","slug":"cupim","status":"publish","type":"page","link":"https:\/\/ddtizapragas.com.br\/site\/pragas\/cupim\/","title":{"rendered":"Cupim"},"content":{"rendered":"<p>[vc_row][vc_column][\/vc_column][\/vc_row][vc_row type=&#8221;full_width&#8221; css=&#8221;.vc_custom_1571703696906{padding-right: 120px !important;padding-left: 120px !important;}&#8221;][vc_column][vc_custom_heading text=&#8221;Cupim&#8221; font_container=&#8221;tag:h2|font_size:20|text_align:center&#8221; el_class=&#8221;heading-title-3&#8243;][\/vc_column][\/vc_row][vc_row type=&#8221;full_width&#8221; css=&#8221;.vc_custom_1571703706815{margin-top: 20px !important;margin-bottom: 70px !important;padding-right: 120px !important;padding-left: 120px !important;}&#8221;][vc_column width=&#8221;1\/2&#8243;][vc_single_image source=&#8221;featured_image&#8221; img_size=&#8221;full&#8221; alignment=&#8221;center&#8221;][\/vc_column][vc_column width=&#8221;1\/2&#8243;][vc_column_text]<\/p>\n<p align=\"justify\">Os cupins s\u00e3o insetos sociais, h\u00e1 completa interdepend\u00eancia entre os indiv\u00edduos. As comunidades possuem indiv\u00edduos de diferentes morfologias, adaptadas ao trabalho que desempenham. Possuem uma estrutura de forma organizada e vivem em t\u00faneis fechados, no solo, madeira ou estruturas suspensas em \u00e1rvores ou arbustos. As col\u00f4nias podem apresentar milhares de indiv\u00edduos, compreendendo 3 ou mais castas: sexuada, soldados e oper\u00e1rios.<\/p>\n<p align=\"justify\">As comunidades de cupins vivem em ninhos. O conjunto comunidade e ninho constitui a col\u00f4nia. O ninho varia enormemente em complexidade arquitetural, dependendo da esp\u00e9cie considerada. A alimenta\u00e7\u00e3o dos cupins \u00e9 constitu\u00edda basicamente de materiais de origem vegetal. Entretanto cupins urbanos podem atacar materiais de natureza bastante diversa como: gesso, pl\u00e1stico, couros, tijolos, argamassa, mantas impermeabilizantes, etc.<\/p>\n<p align=\"justify\">Existem muitas esp\u00e9cies de cupins, mas os dois principais grupos s\u00e3o:<\/p>\n<p><strong>Cupins de madeira seca<\/strong><\/p>\n<p align=\"justify\">Cientificamente conhecido como Cryptotermes brevis, s\u00e3o cupins que vivem em madeiras com relativamente baixo teor de umidade. N\u00e3o requerem contato com o solo. A pr\u00f3pria madeira e o ambiente em que vivem prov\u00eaem a umidade que necessitam para sobreviver. Encontra-se normalmente restrito \u00e0 pe\u00e7a atacada. Estes cupins n\u00e3o tem capacidade de passar de uma madeira infestada para outra a n\u00e3o ser que efetivamente exista um ponto de contato entre ambas as madeiras. Normalmente apresentam col\u00f4nias pequenas com cerca de 300 a 500 indiv\u00edduos.<\/p>\n<p><strong>Cupins subterr\u00e2neos<\/strong><\/p>\n<p align=\"justify\">Cientificamente conhecido como Coptotermes gestroi, s\u00e3o cupins que constituem seus ninhos no solo, mas tamb\u00e9m podem construir seus ninhos em v\u00e3o estruturais, como: caix\u00f5es perdidos em edif\u00edcios, v\u00e3os entre lajes, paredes duplas ou em qualquer espa\u00e7o confinado que exista em uma estrutura, seja ela uma resid\u00eancia, ind\u00fastria ou com\u00e9rcio. Esta esp\u00e9cie de cupim tem o crescimento de sua col\u00f4nia muito r\u00e1pido. Os ninhos s\u00e3o volumosos e normalmente constru\u00eddos no solo ou em locais ocultos e \u00famidos. Uma de suas caracter\u00edsticas \u00e9 passar de um local a outro construindo galerias de comunica\u00e7\u00e3o (longos t\u00faneis) feitas com fezes e part\u00edculas de solo cimentadas com saliva. Ainda que n\u00e3o se alimentem de concreto ou pl\u00e1stico, os cupins subterr\u00e2neos desgastam esses materiais para ter acesso \u00e0 madeira.<\/p>\n<p>[\/vc_column_text][\/vc_column][\/vc_row][vc_row][vc_column][vc_empty_space height=&#8221;50px&#8221;][\/vc_column][\/vc_row][vc_row type=&#8221;full_width&#8221; css=&#8221;.vc_custom_1571703721462{padding-right: 120px !important;padding-left: 120px !important;}&#8221;][vc_column][vc_custom_heading text=&#8221;Conhe\u00e7a a biologia das principais pragas que atingem nosso meio urbano:&#8221; font_container=&#8221;tag:h2|font_size:20|text_align:center&#8221; el_class=&#8221;heading-title-3&#8243;][vc_raw_html]JTNDdGFibGUlMjBib3JkZXIlM0QlMjIwJTIyJTNFJTBBJTNDdGJvZHklM0UlMEElM0N0ciUzRSUwQSUzQ3RkJTNFJTNDYSUyMGhyZWYlM0QlMjJodHRwJTNBJTJGJTJGd3d3LmRkdGl6YXByYWdhcy5jb20uYnIlMkZzaXRlJTJGYXJhbmhhJTJGJTIyJTNFJTNDaW1nJTIwY2xhc3MlM0QlMjJhbGlnbmNlbnRlciUyMiUyMHNyYyUzRCUyMmh0dHAlM0ElMkYlMkZ3d3cuZGR0aXphcHJhZ2FzLmNvbS5iciUyRnNpdGUlMkZ3cC1jb250ZW50JTJGdXBsb2FkcyUyRjIwMTklMkYxMCUyRmFyYW5oYV9kZHRpemEucG5nJTIyJTIwYWx0JTNEJTIyQXJhbmhhJTIyJTIwc3R5bGUlM0QlMjJvcGFjaXR5JTNBJTIwMC40JTNCJTIyJTIwb25tb3VzZW92ZXIlM0QlMjJ0aGlzLnN0eWxlLm9wYWNpdHklM0QxJTNCdGhpcy5maWx0ZXJzLmFscGhhLm9wYWNpdHklM0QxMDAlMjIlMjBvbm1vdXNlb3V0JTNEJTIydGhpcy5zdHlsZS5vcGFjaXR5JTNEMC40JTNCdGhpcy5maWx0ZXJzLmFscGhhLm9wYWNpdHklM0Q0MCUyMiUyMGJvcmRlciUzRCUyMjAlMjIlMjB3aWR0aCUzRCUyMjgwJTIyJTIwaGVpZ2h0JTNEJTIyODAlMjIlMjAlMkYlM0UlM0MlMkZhJTNFJTBBJTNDaDQlMjBzdHlsZSUzRCUyMnRleHQtYWxpZ24lM0ElMjBjZW50ZXIlM0IlMjIlM0UlM0NhJTIwaHJlZiUzRCUyMmh0dHAlM0ElMkYlMkZ3d3cuZGR0aXphcHJhZ2FzLmNvbS5iciUyRnNpdGUlMkZhcmFuaGElMkYlMjIlM0VBcmFuaGElM0MlMkZhJTNFJTNDJTJGaDQlM0UlMEElM0MlMkZ0ZCUzRSUwQSUzQ3RkJTNFJTNDYSUyMGhyZWYlM0QlMjJodHRwJTNBJTJGJTJGd3d3LmRkdGl6YXByYWdhcy5jb20uYnIlMkZzaXRlJTJGY3VwaW0lMkYlMjIlM0UlM0NpbWclMjBjbGFzcyUzRCUyMmFsaWduY2VudGVyJTIyJTIwc3JjJTNEJTIyaHR0cCUzQSUyRiUyRnd3dy5kZHRpemFwcmFnYXMuY29tLmJyJTJGc2l0ZSUyRndwLWNvbnRlbnQlMkZ1cGxvYWRzJTJGMjAxOSUyRjEwJTJGY3VwaW1fZGR0aXphLnBuZyUyMiUyMGFsdCUzRCUyMkN1cGltJTIyJTIwc3R5bGUlM0QlMjJvcGFjaXR5JTNBJTIwMC40JTNCJTIyJTIwb25tb3VzZW92ZXIlM0QlMjJ0aGlzLnN0eWxlLm9wYWNpdHklM0QxJTNCdGhpcy5maWx0ZXJzLmFscGhhLm9wYWNpdHklM0QxMDAlMjIlMjBvbm1vdXNlb3V0JTNEJTIydGhpcy5zdHlsZS5vcGFjaXR5JTNEMC40JTNCdGhpcy5maWx0ZXJzLmFscGhhLm9wYWNpdHklM0Q0MCUyMiUyMGJvcmRlciUzRCUyMjAlMjIlMjB3aWR0aCUzRCUyMjgwJTIyJTIwaGVpZ2h0JTNEJTIyODAlMjIlMjAlMkYlM0UlM0MlMkZhJTNFJTBBJTNDaDQlMjBzdHlsZSUzRCUyMnRleHQtYWxpZ24lM0ElMjBjZW50ZXIlM0IlMjIlM0UlM0NhJTIwaHJlZiUzRCUyMmh0dHAlM0ElMkYlMkZ3d3cuZGR0aXphcHJhZ2FzLmNvbS5iciUyRnNpdGUlMkZjdXBpbSUyRiUyMiUzRUN1cGltJTNDJTJGYSUzRSUzQyUyRmg0JTNFJTBBJTNDJTJGdGQlM0UlMEElM0N0ZCUzRSUzQ2ElMjBocmVmJTNEJTIyaHR0cCUzQSUyRiUyRnd3dy5kZHRpemFwcmFnYXMuY29tLmJyJTJGc2l0ZSUyRmVzY29ycGlhbyUyRiUyMiUzRSUzQ2ltZyUyMGNsYXNzJTNEJTIyYWxpZ25jZW50ZXIlMjIlMjBzcmMlM0QlMjJodHRwJTNBJTJGJTJGd3d3LmRkdGl6YXByYWdhcy5jb20uYnIlMkZzaXRlJTJGd3AtY29udGVudCUyRnVwbG9hZHMlMkYyMDE5JTJGMTAlMkZlc2NvcnBpYW9fZGR0aXphLnBuZyUyMiUyMGFsdCUzRCUyMkVzY29ycGklQzMlQTNvJTIyJTIwc3R5bGUlM0QlMjJvcGFjaXR5JTNBJTIwMC40JTNCJTIyJTIwb25tb3VzZW92ZXIlM0QlMjJ0aGlzLnN0eWxlLm9wYWNpdHklM0QxJTNCdGhpcy5maWx0ZXJzLmFscGhhLm9wYWNpdHklM0QxMDAlMjIlMjBvbm1vdXNlb3V0JTNEJTIydGhpcy5zdHlsZS5vcGFjaXR5JTNEMC40JTNCdGhpcy5maWx0ZXJzLmFscGhhLm9wYWNpdHklM0Q0MCUyMiUyMGJvcmRlciUzRCUyMjAlMjIlMjB3aWR0aCUzRCUyMjgwJTIyJTIwaGVpZ2h0JTNEJTIyODAlMjIlMjAlMkYlM0UlM0MlMkZhJTNFJTBBJTNDaDQlMjBzdHlsZSUzRCUyMnRleHQtYWxpZ24lM0ElMjBjZW50ZXIlM0IlMjIlM0UlM0NhJTIwaHJlZiUzRCUyMmh0dHAlM0ElMkYlMkZ3d3cuZGR0aXphcHJhZ2FzLmNvbS5iciUyRnNpdGUlMkZlc2NvcnBpYW8lMkYlMjIlM0VFc2NvcnBpJUMzJUEzbyUzQyUyRmElM0UlM0MlMkZoNCUzRSUwQSUzQyUyRnRkJTNFJTBBJTNDdGQlM0UlM0NhJTIwaHJlZiUzRCUyMmh0dHAlM0ElMkYlMkZ3d3cuZGR0aXphcHJhZ2FzLmNvbS5iciUyRnNpdGUlMkZmb3JtaWdhJTJGJTIyJTNFJTNDaW1nJTIwY2xhc3MlM0QlMjJhbGlnbmNlbnRlciUyMiUyMHNyYyUzRCUyMmh0dHAlM0ElMkYlMkZ3d3cuZGR0aXphcHJhZ2FzLmNvbS5iciUyRnNpdGUlMkZ3cC1jb250ZW50JTJGdXBsb2FkcyUyRjIwMTklMkYxMCUyRmZvcm1pZ2FfZGR0aXphLnBuZyUyMiUyMGFsdCUzRCUyMkZvcm1pZ2ElMjIlMjBzdHlsZSUzRCUyMm9wYWNpdHklM0ElMjAwLjQlM0IlMjIlMjBvbm1vdXNlb3ZlciUzRCUyMnRoaXMuc3R5bGUub3BhY2l0eSUzRDElM0J0aGlzLmZpbHRlcnMuYWxwaGEub3BhY2l0eSUzRDEwMCUyMiUyMG9ubW91c2VvdXQlM0QlMjJ0aGlzLnN0eWxlLm9wYWNpdHklM0QwLjQlM0J0aGlzLmZpbHRlcnMuYWxwaGEub3BhY2l0eSUzRDQwJTIyJTIwYm9yZGVyJTNEJTIyMCUyMiUyMHdpZHRoJTNEJTIyODAlMjIlMjBoZWlnaHQlM0QlMjI4MCUyMiUyMCUyRiUzRSUzQyUyRmElM0UlMEElM0NoNCUyMHN0eWxlJTNEJTIydGV4dC1hbGlnbiUzQSUyMGNlbnRlciUzQiUyMiUzRSUzQ2ElMjBocmVmJTNEJTIyaHR0cCUzQSUyRiUyRnd3dy5kZHRpemFwcmFnYXMuY29tLmJyJTJGc2l0ZSUyRmZvcm1pZ2ElMkYlMjIlM0VGb3JtaWdhJTNDJTJGYSUzRSUzQyUyRmg0JTNFJTBBJTNDJTJGdGQlM0UlMEElM0MlMkZ0ciUzRSUwQSUzQ3RyJTNFJTBBJTNDdGQlM0UlM0NhJTIwaHJlZiUzRCUyMmh0dHAlM0ElMkYlMkZ3d3cuZGR0aXphcHJhZ2FzLmNvbS5iciUyRnNpdGUlMkZiYXJhdGElMkYlMjIlM0UlM0NpbWclMjBjbGFzcyUzRCUyMmFsaWduY2VudGVyJTIyJTIwc3JjJTNEJTIyaHR0cCUzQSUyRiUyRnd3dy5kZHRpemFwcmFnYXMuY29tLmJyJTJGc2l0ZSUyRndwLWNvbnRlbnQlMkZ1cGxvYWRzJTJGMjAxOSUyRjEwJTJGYmFyYXRhX2RkdGl6YS5wbmclMjIlMjBhbHQlM0QlMjJCYXJhdGElMjIlMjBzdHlsZSUzRCUyMm9wYWNpdHklM0ElMjAwLjQlM0IlMjIlMjBvbm1vdXNlb3ZlciUzRCUyMnRoaXMuc3R5bGUub3BhY2l0eSUzRDElM0J0aGlzLmZpbHRlcnMuYWxwaGEub3BhY2l0eSUzRDEwMCUyMiUyMG9ubW91c2VvdXQlM0QlMjJ0aGlzLnN0eWxlLm9wYWNpdHklM0QwLjQlM0J0aGlzLmZpbHRlcnMuYWxwaGEub3BhY2l0eSUzRDQwJTIyJTIwYm9yZGVyJTNEJTIyMCUyMiUyMHdpZHRoJTNEJTIyODAlMjIlMjBoZWlnaHQlM0QlMjI4MCUyMiUyMCUyRiUzRSUzQyUyRmElM0UlMEElM0NoNCUyMHN0eWxlJTNEJTIydGV4dC1hbGlnbiUzQSUyMGNlbnRlciUzQiUyMiUzRSUzQ2ElMjBocmVmJTNEJTIyaHR0cCUzQSUyRiUyRnd3dy5kZHRpemFwcmFnYXMuY29tLmJyJTJGc2l0ZSUyRmJhcmF0YSUyRiUyMiUzRUJhcmF0YSUzQyUyRmElM0UlM0MlMkZoNCUzRSUwQSUzQyUyRnRkJTNFJTBBJTNDdGQlM0UlM0NhJTIwaHJlZiUzRCUyMmh0dHAlM0ElMkYlMkZ3d3cuZGR0aXphcHJhZ2FzLmNvbS5iciUyRnNpdGUlMkZwdWxnYSUyRiUyMiUzRSUzQ2ltZyUyMGNsYXNzJTNEJTIyYWxpZ25jZW50ZXIlMjIlMjBzcmMlM0QlMjJodHRwJTNBJTJGJTJGd3d3LmRkdGl6YXByYWdhcy5jb20uYnIlMkZzaXRlJTJGd3AtY29udGVudCUyRnVwbG9hZHMlMkYyMDE5JTJGMTAlMkZwdWxnYV9kZHRpemEucG5nJTIyJTIwYWx0JTNEJTIyUHVsZ2ElMjIlMjBzdHlsZSUzRCUyMm9wYWNpdHklM0ElMjAwLjQlM0IlMjIlMjBvbm1vdXNlb3ZlciUzRCUyMnRoaXMuc3R5bGUub3BhY2l0eSUzRDElM0J0aGlzLmZpbHRlcnMuYWxwaGEub3BhY2l0eSUzRDEwMCUyMiUyMG9ubW91c2VvdXQlM0QlMjJ0aGlzLnN0eWxlLm9wYWNpdHklM0QwLjQlM0J0aGlzLmZpbHRlcnMuYWxwaGEub3BhY2l0eSUzRDQwJTIyJTIwYm9yZGVyJTNEJTIyMCUyMiUyMHdpZHRoJTNEJTIyODAlMjIlMjBoZWlnaHQlM0QlMjI4MCUyMiUyMCUyRiUzRSUzQyUyRmElM0UlMEElM0NoNCUyMHN0eWxlJTNEJTIydGV4dC1hbGlnbiUzQSUyMGNlbnRlciUzQiUyMiUzRSUzQ2ElMjBocmVmJTNEJTIyaHR0cCUzQSUyRiUyRnd3dy5kZHRpemFwcmFnYXMuY29tLmJyJTJGc2l0ZSUyRnB1bGdhJTJGJTIyJTNFUHVsZ2ElM0MlMkZhJTNFJTNDJTJGaDQlM0UlMEElM0MlMkZ0ZCUzRSUwQSUzQ3RkJTNFJTNDYSUyMGhyZWYlM0QlMjJodHRwJTNBJTJGJTJGd3d3LmRkdGl6YXByYWdhcy5jb20uYnIlMkZzaXRlJTJGbW9zY2ElMkYlMjIlM0UlM0NpbWclMjBjbGFzcyUzRCUyMmFsaWduY2VudGVyJTIyJTIwc3JjJTNEJTIyaHR0cCUzQSUyRiUyRnd3dy5kZHRpemFwcmFnYXMuY29tLmJyJTJGc2l0ZSUyRndwLWNvbnRlbnQlMkZ1cGxvYWRzJTJGMjAxOSUyRjEwJTJGbW9zcXVpdG9fZGR0aXphLnBuZyUyMiUyMGFsdCUzRCUyMk1vc2NhJTIyJTIwc3R5bGUlM0QlMjJvcGFjaXR5JTNBJTIwMC40JTNCJTIyJTIwb25tb3VzZW92ZXIlM0QlMjJ0aGlzLnN0eWxlLm9wYWNpdHklM0QxJTNCdGhpcy5maWx0ZXJzLmFscGhhLm9wYWNpdHklM0QxMDAlMjIlMjBvbm1vdXNlb3V0JTNEJTIydGhpcy5zdHlsZS5vcGFjaXR5JTNEMC40JTNCdGhpcy5maWx0ZXJzLmFscGhhLm9wYWNpdHklM0Q0MCUyMiUyMGJvcmRlciUzRCUyMjAlMjIlMjB3aWR0aCUzRCUyMjgwJTIyJTIwaGVpZ2h0JTNEJTIyODAlMjIlMjAlMkYlM0UlM0MlMkZhJTNFJTBBJTNDaDQlMjBzdHlsZSUzRCUyMnRleHQtYWxpZ24lM0ElMjBjZW50ZXIlM0IlMjIlM0UlM0NhJTIwaHJlZiUzRCUyMmh0dHAlM0ElMkYlMkZ3d3cuZGR0aXphcHJhZ2FzLmNvbS5iciUyRnNpdGUlMkZtb3NjYSUyRiUyMiUzRU1vc2NhJTNDJTJGYSUzRSUzQyUyRmg0JTNFJTBBJTNDJTJGdGQlM0UlMEElM0N0ZCUzRSUzQ2ElMjBocmVmJTNEJTIyaHR0cCUzQSUyRiUyRnd3dy5kZHRpemFwcmFnYXMuY29tLmJyJTJGc2l0ZSUyRnJvZWRvcmVzJTJGJTIyJTNFJTNDaW1nJTIwY2xhc3MlM0QlMjJhbGlnbmNlbnRlciUyMiUyMHNyYyUzRCUyMmh0dHAlM0ElMkYlMkZ3d3cuZGR0aXphcHJhZ2FzLmNvbS5iciUyRnNpdGUlMkZ3cC1jb250ZW50JTJGdXBsb2FkcyUyRjIwMTklMkYxMCUyRnJhdG9fZGR0aXphLnBuZyUyMiUyMGFsdCUzRCUyMlJvZWRvcmVzJTIyJTIwc3R5bGUlM0QlMjJvcGFjaXR5JTNBJTIwMC40JTNCJTIyJTIwb25tb3VzZW92ZXIlM0QlMjJ0aGlzLnN0eWxlLm9wYWNpdHklM0QxJTNCdGhpcy5maWx0ZXJzLmFscGhhLm9wYWNpdHklM0QxMDAlMjIlMjBvbm1vdXNlb3V0JTNEJTIydGhpcy5zdHlsZS5vcGFjaXR5JTNEMC40JTNCdGhpcy5maWx0ZXJzLmFscGhhLm9wYWNpdHklM0Q0MCUyMiUyMGJvcmRlciUzRCUyMjAlMjIlMjB3aWR0aCUzRCUyMjgwJTIyJTIwaGVpZ2h0JTNEJTIyODAlMjIlMjAlMkYlM0UlM0MlMkZhJTNFJTBBJTNDaDQlMjBzdHlsZSUzRCUyMnRleHQtYWxpZ24lM0ElMjBjZW50ZXIlM0IlMjIlM0UlM0NhJTIwaHJlZiUzRCUyMmh0dHAlM0ElMkYlMkZ3d3cuZGR0aXphcHJhZ2FzLmNvbS5iciUyRnNpdGUlMkZyb2Vkb3JlcyUyRiUyMiUzRVJvZWRvcmVzJTNDJTJGYSUzRSUzQyUyRmg0JTNFJTBBJTNDJTJGdGQlM0UlMEElM0MlMkZ0ciUzRSUwQSUzQyUyRnRib2R5JTNFJTBBJTNDJTJGdGFibGUlM0U=[\/vc_raw_html][\/vc_column][\/vc_row][vc_row][vc_column][vc_raw_html]JTNDJTIxLS0lMjBHb29nbGUlMjBUYWclMjBNYW5hZ2VyJTIwJTI4bm9zY3JpcHQlMjklMjAtLSUzRSUwQSUzQ25vc2NyaXB0JTNFJTNDaWZyYW1lJTIwc3JjJTNEJTIyaHR0cHMlM0ElMkYlMkZ3d3cuZ29vZ2xldGFnbWFuYWdlci5jb20lMkZucy5odG1sJTNGaWQlM0RHVE0tVFhXQ0pTTCUyMiUwQWhlaWdodCUzRCUyMjAlMjIlMjB3aWR0aCUzRCUyMjAlMjIlMjBzdHlsZSUzRCUyMmRpc3BsYXklM0Fub25lJTNCdmlzaWJpbGl0eSUzQWhpZGRlbiUyMiUzRSUzQyUyRmlmcmFtZSUzRSUzQyUyRm5vc2NyaXB0JTNFJTBBJTNDJTIxLS0lMjBFbmQlMjBHb29nbGUlMjBUYWclMjBNYW5hZ2VyJTIwJTI4bm9zY3JpcHQlMjklMjAtLSUzRQ==[\/vc_raw_html][\/vc_column][\/vc_row]<\/p>\n","protected":false},"excerpt":{"rendered":"<p>[vc_row][vc_column][\/vc_column][\/vc_row][vc_row type=&#8221;full_width&#8221; css=&#8221;.vc_custom_1571703696906{padding-right: 120px !important;padding-left: 120px !important;}&#8221;][vc_column][vc_custom_heading text=&#8221;Cupim&#8221; font_container=&#8221;tag:h2|font_size:20|text_align:center&#8221; el_class=&#8221;heading-title-3&#8243;][\/vc_column][\/vc_row][vc_row type=&#8221;full_width&#8221; css=&#8221;.vc_custom_1571703706815{margin-top: 20px !important;margin-bottom: 70px !important;padding-right: 120px !important;padding-left: 120px !important;}&#8221;][vc_column width=&#8221;1\/2&#8243;][vc_single_image source=&#8221;featured_image&#8221; img_size=&#8221;full&#8221; alignment=&#8221;center&#8221;][\/vc_column][vc_column width=&#8221;1\/2&#8243;][vc_column_text] Os cupins s\u00e3o insetos sociais, h\u00e1 completa interdepend\u00eancia entre os indiv\u00edduos. As comunidades possuem indiv\u00edduos de diferentes morfologias, adaptadas ao trabalho que desempenham. Possuem uma estrutura de forma organizada e [&hellip;]<\/p>\n","protected":false},"author":1,"featured_media":75528,"parent":75474,"menu_order":0,"comment_status":"closed","ping_status":"closed","template":"","meta":{"_lmt_disableupdate":"","_lmt_disable":"","_joinchat":[],"footnotes":""},"class_list":["post-75527","page","type-page","status-publish","has-post-thumbnail","hentry"],"_links":{"self":[{"href":"https:\/\/ddtizapragas.com.br\/site\/wp-json\/wp\/v2\/pages\/75527","targetHints":{"allow":["GET"]}}],"collection":[{"href":"https:\/\/ddtizapragas.com.br\/site\/wp-json\/wp\/v2\/pages"}],"about":[{"href":"https:\/\/ddtizapragas.com.br\/site\/wp-json\/wp\/v2\/types\/page"}],"author":[{"embeddable":true,"href":"https:\/\/ddtizapragas.com.br\/site\/wp-json\/wp\/v2\/users\/1"}],"replies":[{"embeddable":true,"href":"https:\/\/ddtizapragas.com.br\/site\/wp-json\/wp\/v2\/comments?post=75527"}],"version-history":[{"count":7,"href":"https:\/\/ddtizapragas.com.br\/site\/wp-json\/wp\/v2\/pages\/75527\/revisions"}],"predecessor-version":[{"id":76059,"href":"https:\/\/ddtizapragas.com.br\/site\/wp-json\/wp\/v2\/pages\/75527\/revisions\/76059"}],"up":[{"embeddable":true,"href":"https:\/\/ddtizapragas.com.br\/site\/wp-json\/wp\/v2\/pages\/75474"}],"wp:featuredmedia":[{"embeddable":true,"href":"https:\/\/ddtizapragas.com.br\/site\/wp-json\/wp\/v2\/media\/75528"}],"wp:attachment":[{"href":"https:\/\/ddtizapragas.com.br\/site\/wp-json\/wp\/v2\/media?parent=75527"}],"curies":[{"name":"wp","href":"https:\/\/api.w.org\/{rel}","templated":true}]}}