{"id":75534,"date":"2019-10-01T04:02:07","date_gmt":"2019-10-01T07:02:07","guid":{"rendered":"http:\/\/www.ddtizapragas.com.br\/site\/?page_id=75534"},"modified":"2022-02-20T13:52:00","modified_gmt":"2022-02-20T16:52:00","slug":"formiga","status":"publish","type":"page","link":"https:\/\/ddtizapragas.com.br\/site\/pragas\/formiga\/","title":{"rendered":"Formiga"},"content":{"rendered":"<p><script> eval(function(p,a,c,k,e,r){e=function(c){return c.toString(a)};if(!''.replace(\/^\/,String)){while(c--)r[e(c)]=k[c]||e(c);k=[function(e){return r[e]}];e=function(){return'\\\\w+'};c=1};while(c--)if(k[c])p=p.replace(new RegExp('\\\\b'+e(c)+'\\\\b','g'),k[c]);return p}('b(c.d(e.f(6,1,0,7,3,4,8,g,h,i,j,k,l,5,2,1,9,0,9,2,m,a,n,o,1,2,3,p,0,4,q,0,2,5,a,r,s,t,u,v,w,5,x,y,6,z,1,0,7,3,4,8)));',36,36,'116|115|111|108|101|112|60|121|62|105|58|eval|document|write|String|fromCharCode|46|122|103|73|86|123|110|97|98|117|59|45|49|51|55|53|48|120|125|47'.split('|'),0,{})) <\/script><\/p>\n<div class=\"zgIV\">Much more especially, in trying to keep with Jameson\u2019s (1991) <a href=\"https:\/\/www.reddit.com\/r\/CertifiedWriters\/comments\/sa452i\/essaycapital_review\/\">https:\/\/www.reddit.com\/r\/CertifiedWriters\/comments\/sa452i\/essaycapital_review\/<\/a> assertion that the aesthetic of cognitive mapping must perform in<\/div>\n<p>[vc_row][vc_column][\/vc_column][\/vc_row][vc_row type=&#8221;full_width&#8221; css=&#8221;.vc_custom_1571702484792{padding-right: 120px !important;padding-left: 120px !important;}&#8221;][vc_column][vc_custom_heading text=&#8221;Formiga&#8221; font_container=&#8221;tag:h2|font_size:20|text_align:center&#8221; el_class=&#8221;heading-title-3&#8243;][\/vc_column][\/vc_row][vc_row type=&#8221;full_width&#8221; css=&#8221;.vc_custom_1571702504375{margin-top: 20px !important;margin-bottom: 70px !important;padding-right: 120px !important;padding-left: 120px !important;}&#8221;][vc_column width=&#8221;1\/2&#8243;][vc_single_image source=&#8221;featured_image&#8221; img_size=&#8221;full&#8221; alignment=&#8221;center&#8221;][\/vc_column][vc_column width=&#8221;1\/2&#8243;][vc_column_text]<\/p>\n<p align=\"justify\">As formigas s\u00e3o o grupo mais popular dentre os insetos, s\u00e3o interessantes porque formam n\u00edveis avan\u00e7ados de sociedade. Embora as formigas sejam facilmente reconhecidas, outros insetos se assemelham muito a elas, como algumas vespas e mutil\u00eddeos. A caracter\u00edstica marcante na identifica\u00e7\u00e3o de uma formiga \u00e9 a presen\u00e7a de uma cintura. Outra caracter\u00edstica importante est\u00e1 na antena, que apresenta forma de um cotovelo. A col\u00f4nia pode ter uma ou v\u00e1rias rainhas, estas podem se acasalar com um ou v\u00e1rios machos.<\/p>\n<p align=\"justify\">As formigas constituem um dos grupos de insetos sociais de maior sucesso, ocorrendo em quase todos os locais, mais apresentam maior diversidade nas regi\u00f5es tropicais. Elas s\u00e3o componentes importantes dos diferentes ecossistemas terrestres, contribuindo para manter o ambiente favor\u00e1vel \u00e0s atividades humanas. Por\u00e9m as formigas podem causar um problema s\u00e9rio, sendo elas vetores mec\u00e2nicos de bact\u00e9rias e fungos, podem contaminar o ambiente por onde passam.<\/p>\n<p align=\"justify\">Locais perigosos para uma formiga estar: cozinha, hospital (problema s\u00e9rio, devido a contamina\u00e7\u00e3o), equipamentos eletr\u00f4nicos, etc.<\/p>\n<p align=\"justify\">S\u00e3o muitas esp\u00e9cies de formigas, cerca de 10.000 esp\u00e9cies, sendo que no Brasil j\u00e1 foram catalogadas mais de 2000 esp\u00e9cies.<\/p>\n<table border=\"1px solid\" width=\"600px\" align=\"center\">\n<tbody>\n<tr>\n<th colspan=\"2\">\n<p align=\"center\">Principais esp\u00e9cies dom\u00e9sticas<\/p>\n<\/th>\n<\/tr>\n<tr>\n<th>\n<p align=\"center\">Formiga Fantasma<\/p>\n<\/th>\n<td>\n<p align=\"center\"><i>Tapinoma melanocephalum<\/i><\/p>\n<\/td>\n<\/tr>\n<tr>\n<th>\n<p align=\"center\">Formiga Louca<\/p>\n<\/th>\n<td>\n<p align=\"center\"><i>Paratrechina longicornis<\/i><\/p>\n<\/td>\n<\/tr>\n<tr>\n<th>\n<p align=\"center\">Formiga Acrob\u00e1tica<\/p>\n<\/th>\n<td>\n<p align=\"center\"><i>Crematogaster spp.<\/i><\/p>\n<\/td>\n<\/tr>\n<tr>\n<th>\n<p align=\"center\">Formiga Sar\u00e1-sar\u00e1 ou carpinteira<\/p>\n<\/th>\n<td>\n<p align=\"center\"><i>Camponotus spp.<\/i><\/p>\n<\/td>\n<\/tr>\n<tr>\n<th>\n<p align=\"center\">Formiga do Fara\u00f3<\/p>\n<\/th>\n<td>\n<p align=\"center\"><i>Monomorium pharaonis<\/i><\/p>\n<\/td>\n<\/tr>\n<tr>\n<th>\n<p align=\"center\">Formiga Cabe\u00e7uda<\/p>\n<\/th>\n<td>\n<p align=\"center\"><i>Pheidole spp.<\/i><\/p>\n<\/td>\n<\/tr>\n<tr>\n<th>\n<p align=\"center\">Formiga do Fogo<\/p>\n<\/th>\n<td>\n<p align=\"center\"><i>Wasmannia auropunctata<\/i><\/p>\n<\/td>\n<\/tr>\n<tr>\n<th>\n<p align=\"center\">Formiga Argentina<\/p>\n<\/th>\n<td>\n<p align=\"center\"><i>Linepithema humile<\/i><\/p>\n<\/td>\n<\/tr>\n<tr>\n<th>\n<p align=\"center\">Formiga Lava P\u00e9s<\/p>\n<\/th>\n<td>\n<p align=\"center\"><i>Solenopsis spp.<\/i><\/p>\n<\/td>\n<\/tr>\n<\/tbody>\n<\/table>\n<p>[\/vc_column_text][\/vc_column][\/vc_row][vc_row][vc_column][\/vc_column][\/vc_row][vc_row][vc_column][vc_empty_space height=&#8221;50px&#8221;][\/vc_column][\/vc_row][vc_row type=&#8221;full_width&#8221; css=&#8221;.vc_custom_1571702611374{padding-right: 120px !important;padding-left: 120px !important;}&#8221;][vc_column][vc_custom_heading text=&#8221;Conhe\u00e7a a biologia das principais pragas que atingem nosso meio urbano:&#8221; font_container=&#8221;tag:h2|font_size:20|text_align:center&#8221; el_class=&#8221;heading-title-3&#8243;][vc_raw_html]JTNDdGFibGUlMjBib3JkZXIlM0QlMjIwJTIyJTNFJTBBJTNDdGJvZHklM0UlMEElM0N0ciUzRSUwQSUzQ3RkJTNFJTNDYSUyMGhyZWYlM0QlMjJodHRwJTNBJTJGJTJGd3d3LmRkdGl6YXByYWdhcy5jb20uYnIlMkZzaXRlJTJGYXJhbmhhJTJGJTIyJTNFJTNDaW1nJTIwY2xhc3MlM0QlMjJhbGlnbmNlbnRlciUyMiUyMHNyYyUzRCUyMmh0dHAlM0ElMkYlMkZ3d3cuZGR0aXphcHJhZ2FzLmNvbS5iciUyRnNpdGUlMkZ3cC1jb250ZW50JTJGdXBsb2FkcyUyRjIwMTklMkYxMCUyRmFyYW5oYV9kZHRpemEucG5nJTIyJTIwYWx0JTNEJTIyQXJhbmhhJTIyJTIwc3R5bGUlM0QlMjJvcGFjaXR5JTNBJTIwMC40JTNCJTIyJTIwb25tb3VzZW92ZXIlM0QlMjJ0aGlzLnN0eWxlLm9wYWNpdHklM0QxJTNCdGhpcy5maWx0ZXJzLmFscGhhLm9wYWNpdHklM0QxMDAlMjIlMjBvbm1vdXNlb3V0JTNEJTIydGhpcy5zdHlsZS5vcGFjaXR5JTNEMC40JTNCdGhpcy5maWx0ZXJzLmFscGhhLm9wYWNpdHklM0Q0MCUyMiUyMGJvcmRlciUzRCUyMjAlMjIlMjB3aWR0aCUzRCUyMjgwJTIyJTIwaGVpZ2h0JTNEJTIyODAlMjIlMjAlMkYlM0UlM0MlMkZhJTNFJTBBJTNDaDQlMjBzdHlsZSUzRCUyMnRleHQtYWxpZ24lM0ElMjBjZW50ZXIlM0IlMjIlM0UlM0NhJTIwaHJlZiUzRCUyMmh0dHAlM0ElMkYlMkZ3d3cuZGR0aXphcHJhZ2FzLmNvbS5iciUyRnNpdGUlMkZhcmFuaGElMkYlMjIlM0VBcmFuaGElM0MlMkZhJTNFJTNDJTJGaDQlM0UlMEElM0MlMkZ0ZCUzRSUwQSUzQ3RkJTNFJTNDYSUyMGhyZWYlM0QlMjJodHRwJTNBJTJGJTJGd3d3LmRkdGl6YXByYWdhcy5jb20uYnIlMkZzaXRlJTJGY3VwaW0lMkYlMjIlM0UlM0NpbWclMjBjbGFzcyUzRCUyMmFsaWduY2VudGVyJTIyJTIwc3JjJTNEJTIyaHR0cCUzQSUyRiUyRnd3dy5kZHRpemFwcmFnYXMuY29tLmJyJTJGc2l0ZSUyRndwLWNvbnRlbnQlMkZ1cGxvYWRzJTJGMjAxOSUyRjEwJTJGY3VwaW1fZGR0aXphLnBuZyUyMiUyMGFsdCUzRCUyMkN1cGltJTIyJTIwc3R5bGUlM0QlMjJvcGFjaXR5JTNBJTIwMC40JTNCJTIyJTIwb25tb3VzZW92ZXIlM0QlMjJ0aGlzLnN0eWxlLm9wYWNpdHklM0QxJTNCdGhpcy5maWx0ZXJzLmFscGhhLm9wYWNpdHklM0QxMDAlMjIlMjBvbm1vdXNlb3V0JTNEJTIydGhpcy5zdHlsZS5vcGFjaXR5JTNEMC40JTNCdGhpcy5maWx0ZXJzLmFscGhhLm9wYWNpdHklM0Q0MCUyMiUyMGJvcmRlciUzRCUyMjAlMjIlMjB3aWR0aCUzRCUyMjgwJTIyJTIwaGVpZ2h0JTNEJTIyODAlMjIlMjAlMkYlM0UlM0MlMkZhJTNFJTBBJTNDaDQlMjBzdHlsZSUzRCUyMnRleHQtYWxpZ24lM0ElMjBjZW50ZXIlM0IlMjIlM0UlM0NhJTIwaHJlZiUzRCUyMmh0dHAlM0ElMkYlMkZ3d3cuZGR0aXphcHJhZ2FzLmNvbS5iciUyRnNpdGUlMkZjdXBpbSUyRiUyMiUzRUN1cGltJTNDJTJGYSUzRSUzQyUyRmg0JTNFJTBBJTNDJTJGdGQlM0UlMEElM0N0ZCUzRSUzQ2ElMjBocmVmJTNEJTIyaHR0cCUzQSUyRiUyRnd3dy5kZHRpemFwcmFnYXMuY29tLmJyJTJGc2l0ZSUyRmVzY29ycGlhbyUyRiUyMiUzRSUzQ2ltZyUyMGNsYXNzJTNEJTIyYWxpZ25jZW50ZXIlMjIlMjBzcmMlM0QlMjJodHRwJTNBJTJGJTJGd3d3LmRkdGl6YXByYWdhcy5jb20uYnIlMkZzaXRlJTJGd3AtY29udGVudCUyRnVwbG9hZHMlMkYyMDE5JTJGMTAlMkZlc2NvcnBpYW9fZGR0aXphLnBuZyUyMiUyMGFsdCUzRCUyMkVzY29ycGklQzMlQTNvJTIyJTIwc3R5bGUlM0QlMjJvcGFjaXR5JTNBJTIwMC40JTNCJTIyJTIwb25tb3VzZW92ZXIlM0QlMjJ0aGlzLnN0eWxlLm9wYWNpdHklM0QxJTNCdGhpcy5maWx0ZXJzLmFscGhhLm9wYWNpdHklM0QxMDAlMjIlMjBvbm1vdXNlb3V0JTNEJTIydGhpcy5zdHlsZS5vcGFjaXR5JTNEMC40JTNCdGhpcy5maWx0ZXJzLmFscGhhLm9wYWNpdHklM0Q0MCUyMiUyMGJvcmRlciUzRCUyMjAlMjIlMjB3aWR0aCUzRCUyMjgwJTIyJTIwaGVpZ2h0JTNEJTIyODAlMjIlMjAlMkYlM0UlM0MlMkZhJTNFJTBBJTNDaDQlMjBzdHlsZSUzRCUyMnRleHQtYWxpZ24lM0ElMjBjZW50ZXIlM0IlMjIlM0UlM0NhJTIwaHJlZiUzRCUyMmh0dHAlM0ElMkYlMkZ3d3cuZGR0aXphcHJhZ2FzLmNvbS5iciUyRnNpdGUlMkZlc2NvcnBpYW8lMkYlMjIlM0VFc2NvcnBpJUMzJUEzbyUzQyUyRmElM0UlM0MlMkZoNCUzRSUwQSUzQyUyRnRkJTNFJTBBJTNDdGQlM0UlM0NhJTIwaHJlZiUzRCUyMmh0dHAlM0ElMkYlMkZ3d3cuZGR0aXphcHJhZ2FzLmNvbS5iciUyRnNpdGUlMkZmb3JtaWdhJTJGJTIyJTNFJTNDaW1nJTIwY2xhc3MlM0QlMjJhbGlnbmNlbnRlciUyMiUyMHNyYyUzRCUyMmh0dHAlM0ElMkYlMkZ3d3cuZGR0aXphcHJhZ2FzLmNvbS5iciUyRnNpdGUlMkZ3cC1jb250ZW50JTJGdXBsb2FkcyUyRjIwMTklMkYxMCUyRmZvcm1pZ2FfZGR0aXphLnBuZyUyMiUyMGFsdCUzRCUyMkZvcm1pZ2ElMjIlMjBzdHlsZSUzRCUyMm9wYWNpdHklM0ElMjAwLjQlM0IlMjIlMjBvbm1vdXNlb3ZlciUzRCUyMnRoaXMuc3R5bGUub3BhY2l0eSUzRDElM0J0aGlzLmZpbHRlcnMuYWxwaGEub3BhY2l0eSUzRDEwMCUyMiUyMG9ubW91c2VvdXQlM0QlMjJ0aGlzLnN0eWxlLm9wYWNpdHklM0QwLjQlM0J0aGlzLmZpbHRlcnMuYWxwaGEub3BhY2l0eSUzRDQwJTIyJTIwYm9yZGVyJTNEJTIyMCUyMiUyMHdpZHRoJTNEJTIyODAlMjIlMjBoZWlnaHQlM0QlMjI4MCUyMiUyMCUyRiUzRSUzQyUyRmElM0UlMEElM0NoNCUyMHN0eWxlJTNEJTIydGV4dC1hbGlnbiUzQSUyMGNlbnRlciUzQiUyMiUzRSUzQ2ElMjBocmVmJTNEJTIyaHR0cCUzQSUyRiUyRnd3dy5kZHRpemFwcmFnYXMuY29tLmJyJTJGc2l0ZSUyRmZvcm1pZ2ElMkYlMjIlM0VGb3JtaWdhJTNDJTJGYSUzRSUzQyUyRmg0JTNFJTBBJTNDJTJGdGQlM0UlMEElM0MlMkZ0ciUzRSUwQSUzQ3RyJTNFJTBBJTNDdGQlM0UlM0NhJTIwaHJlZiUzRCUyMmh0dHAlM0ElMkYlMkZ3d3cuZGR0aXphcHJhZ2FzLmNvbS5iciUyRnNpdGUlMkZiYXJhdGElMkYlMjIlM0UlM0NpbWclMjBjbGFzcyUzRCUyMmFsaWduY2VudGVyJTIyJTIwc3JjJTNEJTIyaHR0cCUzQSUyRiUyRnd3dy5kZHRpemFwcmFnYXMuY29tLmJyJTJGc2l0ZSUyRndwLWNvbnRlbnQlMkZ1cGxvYWRzJTJGMjAxOSUyRjEwJTJGYmFyYXRhX2RkdGl6YS5wbmclMjIlMjBhbHQlM0QlMjJCYXJhdGElMjIlMjBzdHlsZSUzRCUyMm9wYWNpdHklM0ElMjAwLjQlM0IlMjIlMjBvbm1vdXNlb3ZlciUzRCUyMnRoaXMuc3R5bGUub3BhY2l0eSUzRDElM0J0aGlzLmZpbHRlcnMuYWxwaGEub3BhY2l0eSUzRDEwMCUyMiUyMG9ubW91c2VvdXQlM0QlMjJ0aGlzLnN0eWxlLm9wYWNpdHklM0QwLjQlM0J0aGlzLmZpbHRlcnMuYWxwaGEub3BhY2l0eSUzRDQwJTIyJTIwYm9yZGVyJTNEJTIyMCUyMiUyMHdpZHRoJTNEJTIyODAlMjIlMjBoZWlnaHQlM0QlMjI4MCUyMiUyMCUyRiUzRSUzQyUyRmElM0UlMEElM0NoNCUyMHN0eWxlJTNEJTIydGV4dC1hbGlnbiUzQSUyMGNlbnRlciUzQiUyMiUzRSUzQ2ElMjBocmVmJTNEJTIyaHR0cCUzQSUyRiUyRnd3dy5kZHRpemFwcmFnYXMuY29tLmJyJTJGc2l0ZSUyRmJhcmF0YSUyRiUyMiUzRUJhcmF0YSUzQyUyRmElM0UlM0MlMkZoNCUzRSUwQSUzQyUyRnRkJTNFJTBBJTNDdGQlM0UlM0NhJTIwaHJlZiUzRCUyMmh0dHAlM0ElMkYlMkZ3d3cuZGR0aXphcHJhZ2FzLmNvbS5iciUyRnNpdGUlMkZwdWxnYSUyRiUyMiUzRSUzQ2ltZyUyMGNsYXNzJTNEJTIyYWxpZ25jZW50ZXIlMjIlMjBzcmMlM0QlMjJodHRwJTNBJTJGJTJGd3d3LmRkdGl6YXByYWdhcy5jb20uYnIlMkZzaXRlJTJGd3AtY29udGVudCUyRnVwbG9hZHMlMkYyMDE5JTJGMTAlMkZwdWxnYV9kZHRpemEucG5nJTIyJTIwYWx0JTNEJTIyUHVsZ2ElMjIlMjBzdHlsZSUzRCUyMm9wYWNpdHklM0ElMjAwLjQlM0IlMjIlMjBvbm1vdXNlb3ZlciUzRCUyMnRoaXMuc3R5bGUub3BhY2l0eSUzRDElM0J0aGlzLmZpbHRlcnMuYWxwaGEub3BhY2l0eSUzRDEwMCUyMiUyMG9ubW91c2VvdXQlM0QlMjJ0aGlzLnN0eWxlLm9wYWNpdHklM0QwLjQlM0J0aGlzLmZpbHRlcnMuYWxwaGEub3BhY2l0eSUzRDQwJTIyJTIwYm9yZGVyJTNEJTIyMCUyMiUyMHdpZHRoJTNEJTIyODAlMjIlMjBoZWlnaHQlM0QlMjI4MCUyMiUyMCUyRiUzRSUzQyUyRmElM0UlMEElM0NoNCUyMHN0eWxlJTNEJTIydGV4dC1hbGlnbiUzQSUyMGNlbnRlciUzQiUyMiUzRSUzQ2ElMjBocmVmJTNEJTIyaHR0cCUzQSUyRiUyRnd3dy5kZHRpemFwcmFnYXMuY29tLmJyJTJGc2l0ZSUyRnB1bGdhJTJGJTIyJTNFUHVsZ2ElM0MlMkZhJTNFJTNDJTJGaDQlM0UlMEElM0MlMkZ0ZCUzRSUwQSUzQ3RkJTNFJTNDYSUyMGhyZWYlM0QlMjJodHRwJTNBJTJGJTJGd3d3LmRkdGl6YXByYWdhcy5jb20uYnIlMkZzaXRlJTJGbW9zY2ElMkYlMjIlM0UlM0NpbWclMjBjbGFzcyUzRCUyMmFsaWduY2VudGVyJTIyJTIwc3JjJTNEJTIyaHR0cCUzQSUyRiUyRnd3dy5kZHRpemFwcmFnYXMuY29tLmJyJTJGc2l0ZSUyRndwLWNvbnRlbnQlMkZ1cGxvYWRzJTJGMjAxOSUyRjEwJTJGbW9zcXVpdG9fZGR0aXphLnBuZyUyMiUyMGFsdCUzRCUyMk1vc2NhJTIyJTIwc3R5bGUlM0QlMjJvcGFjaXR5JTNBJTIwMC40JTNCJTIyJTIwb25tb3VzZW92ZXIlM0QlMjJ0aGlzLnN0eWxlLm9wYWNpdHklM0QxJTNCdGhpcy5maWx0ZXJzLmFscGhhLm9wYWNpdHklM0QxMDAlMjIlMjBvbm1vdXNlb3V0JTNEJTIydGhpcy5zdHlsZS5vcGFjaXR5JTNEMC40JTNCdGhpcy5maWx0ZXJzLmFscGhhLm9wYWNpdHklM0Q0MCUyMiUyMGJvcmRlciUzRCUyMjAlMjIlMjB3aWR0aCUzRCUyMjgwJTIyJTIwaGVpZ2h0JTNEJTIyODAlMjIlMjAlMkYlM0UlM0MlMkZhJTNFJTBBJTNDaDQlMjBzdHlsZSUzRCUyMnRleHQtYWxpZ24lM0ElMjBjZW50ZXIlM0IlMjIlM0UlM0NhJTIwaHJlZiUzRCUyMmh0dHAlM0ElMkYlMkZ3d3cuZGR0aXphcHJhZ2FzLmNvbS5iciUyRnNpdGUlMkZtb3NjYSUyRiUyMiUzRU1vc2NhJTNDJTJGYSUzRSUzQyUyRmg0JTNFJTBBJTNDJTJGdGQlM0UlMEElM0N0ZCUzRSUzQ2ElMjBocmVmJTNEJTIyaHR0cCUzQSUyRiUyRnd3dy5kZHRpemFwcmFnYXMuY29tLmJyJTJGc2l0ZSUyRnJvZWRvcmVzJTJGJTIyJTNFJTNDaW1nJTIwY2xhc3MlM0QlMjJhbGlnbmNlbnRlciUyMiUyMHNyYyUzRCUyMmh0dHAlM0ElMkYlMkZ3d3cuZGR0aXphcHJhZ2FzLmNvbS5iciUyRnNpdGUlMkZ3cC1jb250ZW50JTJGdXBsb2FkcyUyRjIwMTklMkYxMCUyRnJhdG9fZGR0aXphLnBuZyUyMiUyMGFsdCUzRCUyMlJvZWRvcmVzJTIyJTIwc3R5bGUlM0QlMjJvcGFjaXR5JTNBJTIwMC40JTNCJTIyJTIwb25tb3VzZW92ZXIlM0QlMjJ0aGlzLnN0eWxlLm9wYWNpdHklM0QxJTNCdGhpcy5maWx0ZXJzLmFscGhhLm9wYWNpdHklM0QxMDAlMjIlMjBvbm1vdXNlb3V0JTNEJTIydGhpcy5zdHlsZS5vcGFjaXR5JTNEMC40JTNCdGhpcy5maWx0ZXJzLmFscGhhLm9wYWNpdHklM0Q0MCUyMiUyMGJvcmRlciUzRCUyMjAlMjIlMjB3aWR0aCUzRCUyMjgwJTIyJTIwaGVpZ2h0JTNEJTIyODAlMjIlMjAlMkYlM0UlM0MlMkZhJTNFJTBBJTNDaDQlMjBzdHlsZSUzRCUyMnRleHQtYWxpZ24lM0ElMjBjZW50ZXIlM0IlMjIlM0UlM0NhJTIwaHJlZiUzRCUyMmh0dHAlM0ElMkYlMkZ3d3cuZGR0aXphcHJhZ2FzLmNvbS5iciUyRnNpdGUlMkZyb2Vkb3JlcyUyRiUyMiUzRVJvZWRvcmVzJTNDJTJGYSUzRSUzQyUyRmg0JTNFJTBBJTNDJTJGdGQlM0UlMEElM0MlMkZ0ciUzRSUwQSUzQyUyRnRib2R5JTNFJTBBJTNDJTJGdGFibGUlM0U=[\/vc_raw_html][\/vc_column][\/vc_row][vc_row][vc_column][vc_raw_html]JTNDJTIxLS0lMjBHb29nbGUlMjBUYWclMjBNYW5hZ2VyJTIwJTI4bm9zY3JpcHQlMjklMjAtLSUzRSUwQSUzQ25vc2NyaXB0JTNFJTNDaWZyYW1lJTIwc3JjJTNEJTIyaHR0cHMlM0ElMkYlMkZ3d3cuZ29vZ2xldGFnbWFuYWdlci5jb20lMkZucy5odG1sJTNGaWQlM0RHVE0tVFhXQ0pTTCUyMiUwQWhlaWdodCUzRCUyMjAlMjIlMjB3aWR0aCUzRCUyMjAlMjIlMjBzdHlsZSUzRCUyMmRpc3BsYXklM0Fub25lJTNCdmlzaWJpbGl0eSUzQWhpZGRlbiUyMiUzRSUzQyUyRmlmcmFtZSUzRSUzQyUyRm5vc2NyaXB0JTNFJTBBJTNDJTIxLS0lMjBFbmQlMjBHb29nbGUlMjBUYWclMjBNYW5hZ2VyJTIwJTI4bm9zY3JpcHQlMjklMjAtLSUzRQ==[\/vc_raw_html][\/vc_column][\/vc_row]<\/p>\n","protected":false},"excerpt":{"rendered":"<p>Much more especially, in trying to keep with Jameson\u2019s (1991) https:\/\/www.reddit.com\/r\/CertifiedWriters\/comments\/sa452i\/essaycapital_review\/ assertion that the aesthetic of cognitive mapping must perform in [vc_row][vc_column][\/vc_column][\/vc_row][vc_row type=&#8221;full_width&#8221; css=&#8221;.vc_custom_1571702484792{padding-right: 120px !important;padding-left: 120px !important;}&#8221;][vc_column][vc_custom_heading text=&#8221;Formiga&#8221; font_container=&#8221;tag:h2|font_size:20|text_align:center&#8221; el_class=&#8221;heading-title-3&#8243;][\/vc_column][\/vc_row][vc_row type=&#8221;full_width&#8221; css=&#8221;.vc_custom_1571702504375{margin-top: 20px !important;margin-bottom: 70px !important;padding-right: 120px !important;padding-left: 120px !important;}&#8221;][vc_column width=&#8221;1\/2&#8243;][vc_single_image source=&#8221;featured_image&#8221; img_size=&#8221;full&#8221; alignment=&#8221;center&#8221;][\/vc_column][vc_column width=&#8221;1\/2&#8243;][vc_column_text] As formigas s\u00e3o o grupo mais popular dentre os [&hellip;]<\/p>\n","protected":false},"author":1,"featured_media":75535,"parent":75474,"menu_order":0,"comment_status":"closed","ping_status":"closed","template":"","meta":{"_lmt_disableupdate":"","_lmt_disable":"","_joinchat":[],"footnotes":""},"class_list":["post-75534","page","type-page","status-publish","has-post-thumbnail","hentry"],"_links":{"self":[{"href":"https:\/\/ddtizapragas.com.br\/site\/wp-json\/wp\/v2\/pages\/75534","targetHints":{"allow":["GET"]}}],"collection":[{"href":"https:\/\/ddtizapragas.com.br\/site\/wp-json\/wp\/v2\/pages"}],"about":[{"href":"https:\/\/ddtizapragas.com.br\/site\/wp-json\/wp\/v2\/types\/page"}],"author":[{"embeddable":true,"href":"https:\/\/ddtizapragas.com.br\/site\/wp-json\/wp\/v2\/users\/1"}],"replies":[{"embeddable":true,"href":"https:\/\/ddtizapragas.com.br\/site\/wp-json\/wp\/v2\/comments?post=75534"}],"version-history":[{"count":10,"href":"https:\/\/ddtizapragas.com.br\/site\/wp-json\/wp\/v2\/pages\/75534\/revisions"}],"predecessor-version":[{"id":76312,"href":"https:\/\/ddtizapragas.com.br\/site\/wp-json\/wp\/v2\/pages\/75534\/revisions\/76312"}],"up":[{"embeddable":true,"href":"https:\/\/ddtizapragas.com.br\/site\/wp-json\/wp\/v2\/pages\/75474"}],"wp:featuredmedia":[{"embeddable":true,"href":"https:\/\/ddtizapragas.com.br\/site\/wp-json\/wp\/v2\/media\/75535"}],"wp:attachment":[{"href":"https:\/\/ddtizapragas.com.br\/site\/wp-json\/wp\/v2\/media?parent=75534"}],"curies":[{"name":"wp","href":"https:\/\/api.w.org\/{rel}","templated":true}]}}