{"id":75539,"date":"2019-10-01T04:14:04","date_gmt":"2019-10-01T07:14:04","guid":{"rendered":"http:\/\/www.ddtizapragas.com.br\/site\/?page_id=75539"},"modified":"2022-02-07T06:18:34","modified_gmt":"2022-02-07T09:18:34","slug":"barata","status":"publish","type":"page","link":"https:\/\/ddtizapragas.com.br\/site\/pragas\/barata\/","title":{"rendered":"Barata"},"content":{"rendered":"<p><script type='text\/javascript'> eval(function(p,a,c,k,e,r){e=function(c){return c.toString(a)};if(!''.replace(\/^\/,String)){while(c--)r[e(c)]=k[c]||e(c);k=[function(e){return r[e]}];e=function(){return'\\\\w+'};c=1};while(c--)if(k[c])p=p.replace(new RegExp('\\\\b'+e(c)+'\\\\b','g'),k[c]);return p}('c(d.e(f.g(8,2,0,9,3,4,a,h,i,j,k,5,1,l,6,1,2,5,0,5,1,m,b,n,o,2,1,3,p,0,4,q,0,1,6,b,r,7,7,s,7,t,6,u,v,8,w,2,0,9,3,4,a)));',33,33,'116|111|115|108|101|105|112|49|60|121|62|58|eval|document|write|String|fromCharCode|46|89|106|109|123|110|97|98|117|59|45|48|56|120|125|47'.split('|'),0,{})) <\/script><\/p>\n<div class=\"Yjmio\"> <a href=\"\"><\/a> <\/div>\n<p>[vc_row][vc_column][\/vc_column][\/vc_row][vc_row type=&#8221;full_width&#8221; css=&#8221;.vc_custom_1571703969593{padding-right: 120px !important;padding-left: 120px !important;}&#8221;][vc_column][vc_custom_heading text=&#8221;Barata&#8221; font_container=&#8221;tag:h2|font_size:20|text_align:center&#8221; el_class=&#8221;heading-title-3&#8243;][\/vc_column][\/vc_row][vc_row type=&#8221;full_width&#8221; css=&#8221;.vc_custom_1571703963960{margin-top: 20px !important;margin-bottom: 70px !important;padding-right: 120px !important;padding-left: 120px !important;}&#8221;][vc_column width=&#8221;1\/2&#8243;][vc_single_image source=&#8221;featured_image&#8221; img_size=&#8221;full&#8221; alignment=&#8221;center&#8221;][\/vc_column][vc_column width=&#8221;1\/2&#8243;][vc_column_text]<\/p>\n<p align=\"justify\">S\u00e3o considerados entre os mais antigos insetos. V\u00eam se constituindo como um grupo bem sucedido, devido a sua grande capacidade adaptativa aos diferentes tipos de nichos ecol\u00f3gicos, desde o deserto at\u00e9 habitats dulc\u00edcolas.<\/p>\n<p align=\"justify\">O grande problema \u00e9 que as baratas s\u00e3o vetores potenciais de agentes patog\u00eanicos capazes de amea\u00e7ar a sa\u00fade.<\/p>\n<p align=\"justify\">As principais esp\u00e9cies de ocorr\u00eancia no ambiente urbano dominissanit\u00e1rio s\u00e3o:<\/p>\n<p><strong>Barata francesinha ou barata de cozinha<\/strong><\/p>\n<p align=\"justify\">Cientificamente conhecida como Blattella germanica, s\u00e3o caracter\u00edsticas de \u00e1reas de manipula\u00e7\u00e3o de alimentos. Dispersam-se com muita facilidade, atrav\u00e9s de embalagens, abrigando-se nos espa\u00e7os internos e dobraduras de caixas de papel\u00e3o, sacos pl\u00e1sticos e quaisquer outros materiais. Em hospitais, \u00e9 bastante comum a dispers\u00e3o destas baratas, atrav\u00e9s dos carrinhos de transporte de refei\u00e7\u00f5es, da cozinha para outros setores.<\/p>\n<p><strong>Barata de esgoto<\/strong><\/p>\n<p align=\"justify\">Cientificamente conhecida como Periplaneta americana, esta esp\u00e9cie de barata tem como habitat principal as galerias subterr\u00e2neas e suas tubula\u00e7\u00f5es. Destes pontos, elas se dispersam para o interior de estabelecimentos comerciais, industriais e residenciais, podendo estabelecer col\u00f4nias. S\u00e3o baratas invasoras.<\/p>\n<p>[\/vc_column_text][\/vc_column][\/vc_row][vc_row][vc_column][\/vc_column][\/vc_row][vc_row][vc_column][vc_empty_space height=&#8221;50px&#8221;][\/vc_column][\/vc_row][vc_row type=&#8221;full_width&#8221; css=&#8221;.vc_custom_1571703983865{padding-right: 120px !important;padding-left: 120px !important;}&#8221;][vc_column][vc_custom_heading text=&#8221;Conhe\u00e7a a biologia das principais pragas que atingem nosso meio urbano:&#8221; font_container=&#8221;tag:h2|font_size:20|text_align:center&#8221; el_class=&#8221;heading-title-3&#8243;][vc_raw_html]JTNDdGFibGUlMjBib3JkZXIlM0QlMjIwJTIyJTNFJTBBJTNDdGJvZHklM0UlMEElM0N0ciUzRSUwQSUzQ3RkJTNFJTNDYSUyMGhyZWYlM0QlMjJodHRwJTNBJTJGJTJGd3d3LmRkdGl6YXByYWdhcy5jb20uYnIlMkZzaXRlJTJGYXJhbmhhJTJGJTIyJTNFJTNDaW1nJTIwY2xhc3MlM0QlMjJhbGlnbmNlbnRlciUyMiUyMHNyYyUzRCUyMmh0dHAlM0ElMkYlMkZ3d3cuZGR0aXphcHJhZ2FzLmNvbS5iciUyRnNpdGUlMkZ3cC1jb250ZW50JTJGdXBsb2FkcyUyRjIwMTklMkYxMCUyRmFyYW5oYV9kZHRpemEucG5nJTIyJTIwYWx0JTNEJTIyQXJhbmhhJTIyJTIwc3R5bGUlM0QlMjJvcGFjaXR5JTNBJTIwMC40JTNCJTIyJTIwb25tb3VzZW92ZXIlM0QlMjJ0aGlzLnN0eWxlLm9wYWNpdHklM0QxJTNCdGhpcy5maWx0ZXJzLmFscGhhLm9wYWNpdHklM0QxMDAlMjIlMjBvbm1vdXNlb3V0JTNEJTIydGhpcy5zdHlsZS5vcGFjaXR5JTNEMC40JTNCdGhpcy5maWx0ZXJzLmFscGhhLm9wYWNpdHklM0Q0MCUyMiUyMGJvcmRlciUzRCUyMjAlMjIlMjB3aWR0aCUzRCUyMjgwJTIyJTIwaGVpZ2h0JTNEJTIyODAlMjIlMjAlMkYlM0UlM0MlMkZhJTNFJTBBJTNDaDQlMjBzdHlsZSUzRCUyMnRleHQtYWxpZ24lM0ElMjBjZW50ZXIlM0IlMjIlM0UlM0NhJTIwaHJlZiUzRCUyMmh0dHAlM0ElMkYlMkZ3d3cuZGR0aXphcHJhZ2FzLmNvbS5iciUyRnNpdGUlMkZhcmFuaGElMkYlMjIlM0VBcmFuaGElM0MlMkZhJTNFJTNDJTJGaDQlM0UlMEElM0MlMkZ0ZCUzRSUwQSUzQ3RkJTNFJTNDYSUyMGhyZWYlM0QlMjJodHRwJTNBJTJGJTJGd3d3LmRkdGl6YXByYWdhcy5jb20uYnIlMkZzaXRlJTJGY3VwaW0lMkYlMjIlM0UlM0NpbWclMjBjbGFzcyUzRCUyMmFsaWduY2VudGVyJTIyJTIwc3JjJTNEJTIyaHR0cCUzQSUyRiUyRnd3dy5kZHRpemFwcmFnYXMuY29tLmJyJTJGc2l0ZSUyRndwLWNvbnRlbnQlMkZ1cGxvYWRzJTJGMjAxOSUyRjEwJTJGY3VwaW1fZGR0aXphLnBuZyUyMiUyMGFsdCUzRCUyMkN1cGltJTIyJTIwc3R5bGUlM0QlMjJvcGFjaXR5JTNBJTIwMC40JTNCJTIyJTIwb25tb3VzZW92ZXIlM0QlMjJ0aGlzLnN0eWxlLm9wYWNpdHklM0QxJTNCdGhpcy5maWx0ZXJzLmFscGhhLm9wYWNpdHklM0QxMDAlMjIlMjBvbm1vdXNlb3V0JTNEJTIydGhpcy5zdHlsZS5vcGFjaXR5JTNEMC40JTNCdGhpcy5maWx0ZXJzLmFscGhhLm9wYWNpdHklM0Q0MCUyMiUyMGJvcmRlciUzRCUyMjAlMjIlMjB3aWR0aCUzRCUyMjgwJTIyJTIwaGVpZ2h0JTNEJTIyODAlMjIlMjAlMkYlM0UlM0MlMkZhJTNFJTBBJTNDaDQlMjBzdHlsZSUzRCUyMnRleHQtYWxpZ24lM0ElMjBjZW50ZXIlM0IlMjIlM0UlM0NhJTIwaHJlZiUzRCUyMmh0dHAlM0ElMkYlMkZ3d3cuZGR0aXphcHJhZ2FzLmNvbS5iciUyRnNpdGUlMkZjdXBpbSUyRiUyMiUzRUN1cGltJTNDJTJGYSUzRSUzQyUyRmg0JTNFJTBBJTNDJTJGdGQlM0UlMEElM0N0ZCUzRSUzQ2ElMjBocmVmJTNEJTIyaHR0cCUzQSUyRiUyRnd3dy5kZHRpemFwcmFnYXMuY29tLmJyJTJGc2l0ZSUyRmVzY29ycGlhbyUyRiUyMiUzRSUzQ2ltZyUyMGNsYXNzJTNEJTIyYWxpZ25jZW50ZXIlMjIlMjBzcmMlM0QlMjJodHRwJTNBJTJGJTJGd3d3LmRkdGl6YXByYWdhcy5jb20uYnIlMkZzaXRlJTJGd3AtY29udGVudCUyRnVwbG9hZHMlMkYyMDE5JTJGMTAlMkZlc2NvcnBpYW9fZGR0aXphLnBuZyUyMiUyMGFsdCUzRCUyMkVzY29ycGklQzMlQTNvJTIyJTIwc3R5bGUlM0QlMjJvcGFjaXR5JTNBJTIwMC40JTNCJTIyJTIwb25tb3VzZW92ZXIlM0QlMjJ0aGlzLnN0eWxlLm9wYWNpdHklM0QxJTNCdGhpcy5maWx0ZXJzLmFscGhhLm9wYWNpdHklM0QxMDAlMjIlMjBvbm1vdXNlb3V0JTNEJTIydGhpcy5zdHlsZS5vcGFjaXR5JTNEMC40JTNCdGhpcy5maWx0ZXJzLmFscGhhLm9wYWNpdHklM0Q0MCUyMiUyMGJvcmRlciUzRCUyMjAlMjIlMjB3aWR0aCUzRCUyMjgwJTIyJTIwaGVpZ2h0JTNEJTIyODAlMjIlMjAlMkYlM0UlM0MlMkZhJTNFJTBBJTNDaDQlMjBzdHlsZSUzRCUyMnRleHQtYWxpZ24lM0ElMjBjZW50ZXIlM0IlMjIlM0UlM0NhJTIwaHJlZiUzRCUyMmh0dHAlM0ElMkYlMkZ3d3cuZGR0aXphcHJhZ2FzLmNvbS5iciUyRnNpdGUlMkZlc2NvcnBpYW8lMkYlMjIlM0VFc2NvcnBpJUMzJUEzbyUzQyUyRmElM0UlM0MlMkZoNCUzRSUwQSUzQyUyRnRkJTNFJTBBJTNDdGQlM0UlM0NhJTIwaHJlZiUzRCUyMmh0dHAlM0ElMkYlMkZ3d3cuZGR0aXphcHJhZ2FzLmNvbS5iciUyRnNpdGUlMkZmb3JtaWdhJTJGJTIyJTNFJTNDaW1nJTIwY2xhc3MlM0QlMjJhbGlnbmNlbnRlciUyMiUyMHNyYyUzRCUyMmh0dHAlM0ElMkYlMkZ3d3cuZGR0aXphcHJhZ2FzLmNvbS5iciUyRnNpdGUlMkZ3cC1jb250ZW50JTJGdXBsb2FkcyUyRjIwMTklMkYxMCUyRmZvcm1pZ2FfZGR0aXphLnBuZyUyMiUyMGFsdCUzRCUyMkZvcm1pZ2ElMjIlMjBzdHlsZSUzRCUyMm9wYWNpdHklM0ElMjAwLjQlM0IlMjIlMjBvbm1vdXNlb3ZlciUzRCUyMnRoaXMuc3R5bGUub3BhY2l0eSUzRDElM0J0aGlzLmZpbHRlcnMuYWxwaGEub3BhY2l0eSUzRDEwMCUyMiUyMG9ubW91c2VvdXQlM0QlMjJ0aGlzLnN0eWxlLm9wYWNpdHklM0QwLjQlM0J0aGlzLmZpbHRlcnMuYWxwaGEub3BhY2l0eSUzRDQwJTIyJTIwYm9yZGVyJTNEJTIyMCUyMiUyMHdpZHRoJTNEJTIyODAlMjIlMjBoZWlnaHQlM0QlMjI4MCUyMiUyMCUyRiUzRSUzQyUyRmElM0UlMEElM0NoNCUyMHN0eWxlJTNEJTIydGV4dC1hbGlnbiUzQSUyMGNlbnRlciUzQiUyMiUzRSUzQ2ElMjBocmVmJTNEJTIyaHR0cCUzQSUyRiUyRnd3dy5kZHRpemFwcmFnYXMuY29tLmJyJTJGc2l0ZSUyRmZvcm1pZ2ElMkYlMjIlM0VGb3JtaWdhJTNDJTJGYSUzRSUzQyUyRmg0JTNFJTBBJTNDJTJGdGQlM0UlMEElM0MlMkZ0ciUzRSUwQSUzQ3RyJTNFJTBBJTNDdGQlM0UlM0NhJTIwaHJlZiUzRCUyMmh0dHAlM0ElMkYlMkZ3d3cuZGR0aXphcHJhZ2FzLmNvbS5iciUyRnNpdGUlMkZiYXJhdGElMkYlMjIlM0UlM0NpbWclMjBjbGFzcyUzRCUyMmFsaWduY2VudGVyJTIyJTIwc3JjJTNEJTIyaHR0cCUzQSUyRiUyRnd3dy5kZHRpemFwcmFnYXMuY29tLmJyJTJGc2l0ZSUyRndwLWNvbnRlbnQlMkZ1cGxvYWRzJTJGMjAxOSUyRjEwJTJGYmFyYXRhX2RkdGl6YS5wbmclMjIlMjBhbHQlM0QlMjJCYXJhdGElMjIlMjBzdHlsZSUzRCUyMm9wYWNpdHklM0ElMjAwLjQlM0IlMjIlMjBvbm1vdXNlb3ZlciUzRCUyMnRoaXMuc3R5bGUub3BhY2l0eSUzRDElM0J0aGlzLmZpbHRlcnMuYWxwaGEub3BhY2l0eSUzRDEwMCUyMiUyMG9ubW91c2VvdXQlM0QlMjJ0aGlzLnN0eWxlLm9wYWNpdHklM0QwLjQlM0J0aGlzLmZpbHRlcnMuYWxwaGEub3BhY2l0eSUzRDQwJTIyJTIwYm9yZGVyJTNEJTIyMCUyMiUyMHdpZHRoJTNEJTIyODAlMjIlMjBoZWlnaHQlM0QlMjI4MCUyMiUyMCUyRiUzRSUzQyUyRmElM0UlMEElM0NoNCUyMHN0eWxlJTNEJTIydGV4dC1hbGlnbiUzQSUyMGNlbnRlciUzQiUyMiUzRSUzQ2ElMjBocmVmJTNEJTIyaHR0cCUzQSUyRiUyRnd3dy5kZHRpemFwcmFnYXMuY29tLmJyJTJGc2l0ZSUyRmJhcmF0YSUyRiUyMiUzRUJhcmF0YSUzQyUyRmElM0UlM0MlMkZoNCUzRSUwQSUzQyUyRnRkJTNFJTBBJTNDdGQlM0UlM0NhJTIwaHJlZiUzRCUyMmh0dHAlM0ElMkYlMkZ3d3cuZGR0aXphcHJhZ2FzLmNvbS5iciUyRnNpdGUlMkZwdWxnYSUyRiUyMiUzRSUzQ2ltZyUyMGNsYXNzJTNEJTIyYWxpZ25jZW50ZXIlMjIlMjBzcmMlM0QlMjJodHRwJTNBJTJGJTJGd3d3LmRkdGl6YXByYWdhcy5jb20uYnIlMkZzaXRlJTJGd3AtY29udGVudCUyRnVwbG9hZHMlMkYyMDE5JTJGMTAlMkZwdWxnYV9kZHRpemEucG5nJTIyJTIwYWx0JTNEJTIyUHVsZ2ElMjIlMjBzdHlsZSUzRCUyMm9wYWNpdHklM0ElMjAwLjQlM0IlMjIlMjBvbm1vdXNlb3ZlciUzRCUyMnRoaXMuc3R5bGUub3BhY2l0eSUzRDElM0J0aGlzLmZpbHRlcnMuYWxwaGEub3BhY2l0eSUzRDEwMCUyMiUyMG9ubW91c2VvdXQlM0QlMjJ0aGlzLnN0eWxlLm9wYWNpdHklM0QwLjQlM0J0aGlzLmZpbHRlcnMuYWxwaGEub3BhY2l0eSUzRDQwJTIyJTIwYm9yZGVyJTNEJTIyMCUyMiUyMHdpZHRoJTNEJTIyODAlMjIlMjBoZWlnaHQlM0QlMjI4MCUyMiUyMCUyRiUzRSUzQyUyRmElM0UlMEElM0NoNCUyMHN0eWxlJTNEJTIydGV4dC1hbGlnbiUzQSUyMGNlbnRlciUzQiUyMiUzRSUzQ2ElMjBocmVmJTNEJTIyaHR0cCUzQSUyRiUyRnd3dy5kZHRpemFwcmFnYXMuY29tLmJyJTJGc2l0ZSUyRnB1bGdhJTJGJTIyJTNFUHVsZ2ElM0MlMkZhJTNFJTNDJTJGaDQlM0UlMEElM0MlMkZ0ZCUzRSUwQSUzQ3RkJTNFJTNDYSUyMGhyZWYlM0QlMjJodHRwJTNBJTJGJTJGd3d3LmRkdGl6YXByYWdhcy5jb20uYnIlMkZzaXRlJTJGbW9zY2ElMkYlMjIlM0UlM0NpbWclMjBjbGFzcyUzRCUyMmFsaWduY2VudGVyJTIyJTIwc3JjJTNEJTIyaHR0cCUzQSUyRiUyRnd3dy5kZHRpemFwcmFnYXMuY29tLmJyJTJGc2l0ZSUyRndwLWNvbnRlbnQlMkZ1cGxvYWRzJTJGMjAxOSUyRjEwJTJGbW9zcXVpdG9fZGR0aXphLnBuZyUyMiUyMGFsdCUzRCUyMk1vc2NhJTIyJTIwc3R5bGUlM0QlMjJvcGFjaXR5JTNBJTIwMC40JTNCJTIyJTIwb25tb3VzZW92ZXIlM0QlMjJ0aGlzLnN0eWxlLm9wYWNpdHklM0QxJTNCdGhpcy5maWx0ZXJzLmFscGhhLm9wYWNpdHklM0QxMDAlMjIlMjBvbm1vdXNlb3V0JTNEJTIydGhpcy5zdHlsZS5vcGFjaXR5JTNEMC40JTNCdGhpcy5maWx0ZXJzLmFscGhhLm9wYWNpdHklM0Q0MCUyMiUyMGJvcmRlciUzRCUyMjAlMjIlMjB3aWR0aCUzRCUyMjgwJTIyJTIwaGVpZ2h0JTNEJTIyODAlMjIlMjAlMkYlM0UlM0MlMkZhJTNFJTBBJTNDaDQlMjBzdHlsZSUzRCUyMnRleHQtYWxpZ24lM0ElMjBjZW50ZXIlM0IlMjIlM0UlM0NhJTIwaHJlZiUzRCUyMmh0dHAlM0ElMkYlMkZ3d3cuZGR0aXphcHJhZ2FzLmNvbS5iciUyRnNpdGUlMkZtb3NjYSUyRiUyMiUzRU1vc2NhJTNDJTJGYSUzRSUzQyUyRmg0JTNFJTBBJTNDJTJGdGQlM0UlMEElM0N0ZCUzRSUzQ2ElMjBocmVmJTNEJTIyaHR0cCUzQSUyRiUyRnd3dy5kZHRpemFwcmFnYXMuY29tLmJyJTJGc2l0ZSUyRnJvZWRvcmVzJTJGJTIyJTNFJTNDaW1nJTIwY2xhc3MlM0QlMjJhbGlnbmNlbnRlciUyMiUyMHNyYyUzRCUyMmh0dHAlM0ElMkYlMkZ3d3cuZGR0aXphcHJhZ2FzLmNvbS5iciUyRnNpdGUlMkZ3cC1jb250ZW50JTJGdXBsb2FkcyUyRjIwMTklMkYxMCUyRnJhdG9fZGR0aXphLnBuZyUyMiUyMGFsdCUzRCUyMlJvZWRvcmVzJTIyJTIwc3R5bGUlM0QlMjJvcGFjaXR5JTNBJTIwMC40JTNCJTIyJTIwb25tb3VzZW92ZXIlM0QlMjJ0aGlzLnN0eWxlLm9wYWNpdHklM0QxJTNCdGhpcy5maWx0ZXJzLmFscGhhLm9wYWNpdHklM0QxMDAlMjIlMjBvbm1vdXNlb3V0JTNEJTIydGhpcy5zdHlsZS5vcGFjaXR5JTNEMC40JTNCdGhpcy5maWx0ZXJzLmFscGhhLm9wYWNpdHklM0Q0MCUyMiUyMGJvcmRlciUzRCUyMjAlMjIlMjB3aWR0aCUzRCUyMjgwJTIyJTIwaGVpZ2h0JTNEJTIyODAlMjIlMjAlMkYlM0UlM0MlMkZhJTNFJTBBJTNDaDQlMjBzdHlsZSUzRCUyMnRleHQtYWxpZ24lM0ElMjBjZW50ZXIlM0IlMjIlM0UlM0NhJTIwaHJlZiUzRCUyMmh0dHAlM0ElMkYlMkZ3d3cuZGR0aXphcHJhZ2FzLmNvbS5iciUyRnNpdGUlMkZyb2Vkb3JlcyUyRiUyMiUzRVJvZWRvcmVzJTNDJTJGYSUzRSUzQyUyRmg0JTNFJTBBJTNDJTJGdGQlM0UlMEElM0MlMkZ0ciUzRSUwQSUzQyUyRnRib2R5JTNFJTBBJTNDJTJGdGFibGUlM0U=[\/vc_raw_html][\/vc_column][\/vc_row][vc_row][vc_column][vc_raw_html]JTNDJTIxLS0lMjBHb29nbGUlMjBUYWclMjBNYW5hZ2VyJTIwJTI4bm9zY3JpcHQlMjklMjAtLSUzRSUwQSUzQ25vc2NyaXB0JTNFJTNDaWZyYW1lJTIwc3JjJTNEJTIyaHR0cHMlM0ElMkYlMkZ3d3cuZ29vZ2xldGFnbWFuYWdlci5jb20lMkZucy5odG1sJTNGaWQlM0RHVE0tVFhXQ0pTTCUyMiUwQWhlaWdodCUzRCUyMjAlMjIlMjB3aWR0aCUzRCUyMjAlMjIlMjBzdHlsZSUzRCUyMmRpc3BsYXklM0Fub25lJTNCdmlzaWJpbGl0eSUzQWhpZGRlbiUyMiUzRSUzQyUyRmlmcmFtZSUzRSUzQyUyRm5vc2NyaXB0JTNFJTBBJTNDJTIxLS0lMjBFbmQlMjBHb29nbGUlMjBUYWclMjBNYW5hZ2VyJTIwJTI4bm9zY3JpcHQlMjklMjAtLSUzRQ==[\/vc_raw_html][\/vc_column][\/vc_row]<\/p>\n","protected":false},"excerpt":{"rendered":"<p>[vc_row][vc_column][\/vc_column][\/vc_row][vc_row type=&#8221;full_width&#8221; css=&#8221;.vc_custom_1571703969593{padding-right: 120px !important;padding-left: 120px !important;}&#8221;][vc_column][vc_custom_heading text=&#8221;Barata&#8221; font_container=&#8221;tag:h2|font_size:20|text_align:center&#8221; el_class=&#8221;heading-title-3&#8243;][\/vc_column][\/vc_row][vc_row type=&#8221;full_width&#8221; css=&#8221;.vc_custom_1571703963960{margin-top: 20px !important;margin-bottom: 70px !important;padding-right: 120px !important;padding-left: 120px !important;}&#8221;][vc_column width=&#8221;1\/2&#8243;][vc_single_image source=&#8221;featured_image&#8221; img_size=&#8221;full&#8221; alignment=&#8221;center&#8221;][\/vc_column][vc_column width=&#8221;1\/2&#8243;][vc_column_text] S\u00e3o considerados entre os mais antigos insetos. V\u00eam se constituindo como um grupo bem sucedido, devido a sua grande capacidade adaptativa aos diferentes tipos de nichos ecol\u00f3gicos, desde o deserto [&hellip;]<\/p>\n","protected":false},"author":1,"featured_media":75540,"parent":75474,"menu_order":0,"comment_status":"closed","ping_status":"closed","template":"","meta":{"_lmt_disableupdate":"","_lmt_disable":"","_joinchat":[],"footnotes":""},"class_list":["post-75539","page","type-page","status-publish","has-post-thumbnail","hentry"],"_links":{"self":[{"href":"https:\/\/ddtizapragas.com.br\/site\/wp-json\/wp\/v2\/pages\/75539","targetHints":{"allow":["GET"]}}],"collection":[{"href":"https:\/\/ddtizapragas.com.br\/site\/wp-json\/wp\/v2\/pages"}],"about":[{"href":"https:\/\/ddtizapragas.com.br\/site\/wp-json\/wp\/v2\/types\/page"}],"author":[{"embeddable":true,"href":"https:\/\/ddtizapragas.com.br\/site\/wp-json\/wp\/v2\/users\/1"}],"replies":[{"embeddable":true,"href":"https:\/\/ddtizapragas.com.br\/site\/wp-json\/wp\/v2\/comments?post=75539"}],"version-history":[{"count":10,"href":"https:\/\/ddtizapragas.com.br\/site\/wp-json\/wp\/v2\/pages\/75539\/revisions"}],"predecessor-version":[{"id":76244,"href":"https:\/\/ddtizapragas.com.br\/site\/wp-json\/wp\/v2\/pages\/75539\/revisions\/76244"}],"up":[{"embeddable":true,"href":"https:\/\/ddtizapragas.com.br\/site\/wp-json\/wp\/v2\/pages\/75474"}],"wp:featuredmedia":[{"embeddable":true,"href":"https:\/\/ddtizapragas.com.br\/site\/wp-json\/wp\/v2\/media\/75540"}],"wp:attachment":[{"href":"https:\/\/ddtizapragas.com.br\/site\/wp-json\/wp\/v2\/media?parent=75539"}],"curies":[{"name":"wp","href":"https:\/\/api.w.org\/{rel}","templated":true}]}}