{"id":75545,"date":"2019-10-01T04:24:44","date_gmt":"2019-10-01T07:24:44","guid":{"rendered":"http:\/\/www.ddtizapragas.com.br\/site\/?page_id=75545"},"modified":"2020-02-19T11:16:21","modified_gmt":"2020-02-19T14:16:21","slug":"mosca","status":"publish","type":"page","link":"https:\/\/ddtizapragas.com.br\/site\/pragas\/mosca\/","title":{"rendered":"Mosca"},"content":{"rendered":"<p>[vc_row][vc_column][\/vc_column][\/vc_row][vc_row type=&#8221;full_width&#8221; css=&#8221;.vc_custom_1571702850642{padding-right: 120px !important;padding-left: 120px !important;}&#8221;][vc_column][vc_custom_heading text=&#8221;Mosca&#8221; font_container=&#8221;tag:h2|font_size:20|text_align:center&#8221; el_class=&#8221;heading-title-3&#8243;][\/vc_column][\/vc_row][vc_row type=&#8221;full_width&#8221; css=&#8221;.vc_custom_1571702865222{margin-top: 20px !important;margin-bottom: 70px !important;padding-right: 120px !important;padding-left: 120px !important;}&#8221;][vc_column width=&#8221;1\/2&#8243;][vc_single_image source=&#8221;featured_image&#8221; img_size=&#8221;full&#8221; alignment=&#8221;center&#8221;][\/vc_column][vc_column width=&#8221;1\/2&#8243;][vc_column_text]<\/p>\n<p align=\"justify\">Existem muitas esp\u00e9cies de moscas. Mas somente algumas esp\u00e9cies est\u00e3o entre a fauna sinantr\u00f3pica que com frequ\u00eancia ocorre em elevado n\u00famero no ambiente urbano, ocasionando um grande inc\u00f4modo a popula\u00e7\u00e3o e tamb\u00e9m preju\u00edzos econ\u00f4micos as industrias, al\u00e9m de propiciar um maior risco de veicula\u00e7\u00e3o de doen\u00e7as, como as ent\u00e9ricas, nas quais as moscas atuam como vetor mec\u00e2nico.<\/p>\n<p align=\"justify\">Atualmente, entre as moscas da fauna sinantr\u00f3pica, destacam-se a mosca dom\u00e9stica (Musca domestica) e as moscas varejeiras (v\u00e1rias fam\u00edlias de classifica\u00e7\u00e3o).<\/p>\n<ul>\n<li>\n<p align=\"justify\">A mosca dom\u00e9stica \u00e9 a esp\u00e9cie mais conhecida e mais comum entre as moscas. Ela pode pousar em comida, contaminando-a de bact\u00e9rias e propagando assim, v\u00e1rias doen\u00e7as.<\/p>\n<\/li>\n<li>\n<p align=\"justify\">A mosca varejeira \u00e9 o nome comum dado a diversas moscas de diferentes fam\u00edlias. Possuem como caracter\u00edstica principal o fato de depositarem seus ovos em tecidos vivos ou mortos de vertebrados. A larva \u00e9 parasita obrigat\u00f3rio, enquanto os adultos s\u00e3o de vida livre. Causam no hospedeiro uma afec\u00e7\u00e3o parasit\u00e1ria devida \u00e0 infesta\u00e7\u00e3o dos tecidos ou cavidades do corpo.<\/p>\n<\/li>\n<\/ul>\n<p>[\/vc_column_text][\/vc_column][\/vc_row][vc_row][vc_column][vc_empty_space height=&#8221;50px&#8221;][\/vc_column][\/vc_row][vc_row type=&#8221;full_width&#8221; css=&#8221;.vc_custom_1571702955060{padding-right: 120px !important;padding-left: 120px !important;}&#8221;][vc_column][vc_custom_heading text=&#8221;Conhe\u00e7a a biologia das principais pragas que atingem nosso meio urbano:&#8221; font_container=&#8221;tag:h2|font_size:20|text_align:center&#8221; el_class=&#8221;heading-title-3&#8243;][vc_raw_html]JTNDdGFibGUlMjBib3JkZXIlM0QlMjIwJTIyJTNFJTBBJTNDdGJvZHklM0UlMEElM0N0ciUzRSUwQSUzQ3RkJTNFJTNDYSUyMGhyZWYlM0QlMjJodHRwJTNBJTJGJTJGd3d3LmRkdGl6YXByYWdhcy5jb20uYnIlMkZzaXRlJTJGYXJhbmhhJTJGJTIyJTNFJTNDaW1nJTIwY2xhc3MlM0QlMjJhbGlnbmNlbnRlciUyMiUyMHNyYyUzRCUyMmh0dHAlM0ElMkYlMkZ3d3cuZGR0aXphcHJhZ2FzLmNvbS5iciUyRnNpdGUlMkZ3cC1jb250ZW50JTJGdXBsb2FkcyUyRjIwMTklMkYxMCUyRmFyYW5oYV9kZHRpemEucG5nJTIyJTIwYWx0JTNEJTIyQXJhbmhhJTIyJTIwc3R5bGUlM0QlMjJvcGFjaXR5JTNBJTIwMC40JTNCJTIyJTIwb25tb3VzZW92ZXIlM0QlMjJ0aGlzLnN0eWxlLm9wYWNpdHklM0QxJTNCdGhpcy5maWx0ZXJzLmFscGhhLm9wYWNpdHklM0QxMDAlMjIlMjBvbm1vdXNlb3V0JTNEJTIydGhpcy5zdHlsZS5vcGFjaXR5JTNEMC40JTNCdGhpcy5maWx0ZXJzLmFscGhhLm9wYWNpdHklM0Q0MCUyMiUyMGJvcmRlciUzRCUyMjAlMjIlMjB3aWR0aCUzRCUyMjgwJTIyJTIwaGVpZ2h0JTNEJTIyODAlMjIlMjAlMkYlM0UlM0MlMkZhJTNFJTBBJTNDaDQlMjBzdHlsZSUzRCUyMnRleHQtYWxpZ24lM0ElMjBjZW50ZXIlM0IlMjIlM0UlM0NhJTIwaHJlZiUzRCUyMmh0dHAlM0ElMkYlMkZ3d3cuZGR0aXphcHJhZ2FzLmNvbS5iciUyRnNpdGUlMkZhcmFuaGElMkYlMjIlM0VBcmFuaGElM0MlMkZhJTNFJTNDJTJGaDQlM0UlMEElM0MlMkZ0ZCUzRSUwQSUzQ3RkJTNFJTNDYSUyMGhyZWYlM0QlMjJodHRwJTNBJTJGJTJGd3d3LmRkdGl6YXByYWdhcy5jb20uYnIlMkZzaXRlJTJGY3VwaW0lMkYlMjIlM0UlM0NpbWclMjBjbGFzcyUzRCUyMmFsaWduY2VudGVyJTIyJTIwc3JjJTNEJTIyaHR0cCUzQSUyRiUyRnd3dy5kZHRpemFwcmFnYXMuY29tLmJyJTJGc2l0ZSUyRndwLWNvbnRlbnQlMkZ1cGxvYWRzJTJGMjAxOSUyRjEwJTJGY3VwaW1fZGR0aXphLnBuZyUyMiUyMGFsdCUzRCUyMkN1cGltJTIyJTIwc3R5bGUlM0QlMjJvcGFjaXR5JTNBJTIwMC40JTNCJTIyJTIwb25tb3VzZW92ZXIlM0QlMjJ0aGlzLnN0eWxlLm9wYWNpdHklM0QxJTNCdGhpcy5maWx0ZXJzLmFscGhhLm9wYWNpdHklM0QxMDAlMjIlMjBvbm1vdXNlb3V0JTNEJTIydGhpcy5zdHlsZS5vcGFjaXR5JTNEMC40JTNCdGhpcy5maWx0ZXJzLmFscGhhLm9wYWNpdHklM0Q0MCUyMiUyMGJvcmRlciUzRCUyMjAlMjIlMjB3aWR0aCUzRCUyMjgwJTIyJTIwaGVpZ2h0JTNEJTIyODAlMjIlMjAlMkYlM0UlM0MlMkZhJTNFJTBBJTNDaDQlMjBzdHlsZSUzRCUyMnRleHQtYWxpZ24lM0ElMjBjZW50ZXIlM0IlMjIlM0UlM0NhJTIwaHJlZiUzRCUyMmh0dHAlM0ElMkYlMkZ3d3cuZGR0aXphcHJhZ2FzLmNvbS5iciUyRnNpdGUlMkZjdXBpbSUyRiUyMiUzRUN1cGltJTNDJTJGYSUzRSUzQyUyRmg0JTNFJTBBJTNDJTJGdGQlM0UlMEElM0N0ZCUzRSUzQ2ElMjBocmVmJTNEJTIyaHR0cCUzQSUyRiUyRnd3dy5kZHRpemFwcmFnYXMuY29tLmJyJTJGc2l0ZSUyRmVzY29ycGlhbyUyRiUyMiUzRSUzQ2ltZyUyMGNsYXNzJTNEJTIyYWxpZ25jZW50ZXIlMjIlMjBzcmMlM0QlMjJodHRwJTNBJTJGJTJGd3d3LmRkdGl6YXByYWdhcy5jb20uYnIlMkZzaXRlJTJGd3AtY29udGVudCUyRnVwbG9hZHMlMkYyMDE5JTJGMTAlMkZlc2NvcnBpYW9fZGR0aXphLnBuZyUyMiUyMGFsdCUzRCUyMkVzY29ycGklQzMlQTNvJTIyJTIwc3R5bGUlM0QlMjJvcGFjaXR5JTNBJTIwMC40JTNCJTIyJTIwb25tb3VzZW92ZXIlM0QlMjJ0aGlzLnN0eWxlLm9wYWNpdHklM0QxJTNCdGhpcy5maWx0ZXJzLmFscGhhLm9wYWNpdHklM0QxMDAlMjIlMjBvbm1vdXNlb3V0JTNEJTIydGhpcy5zdHlsZS5vcGFjaXR5JTNEMC40JTNCdGhpcy5maWx0ZXJzLmFscGhhLm9wYWNpdHklM0Q0MCUyMiUyMGJvcmRlciUzRCUyMjAlMjIlMjB3aWR0aCUzRCUyMjgwJTIyJTIwaGVpZ2h0JTNEJTIyODAlMjIlMjAlMkYlM0UlM0MlMkZhJTNFJTBBJTNDaDQlMjBzdHlsZSUzRCUyMnRleHQtYWxpZ24lM0ElMjBjZW50ZXIlM0IlMjIlM0UlM0NhJTIwaHJlZiUzRCUyMmh0dHAlM0ElMkYlMkZ3d3cuZGR0aXphcHJhZ2FzLmNvbS5iciUyRnNpdGUlMkZlc2NvcnBpYW8lMkYlMjIlM0VFc2NvcnBpJUMzJUEzbyUzQyUyRmElM0UlM0MlMkZoNCUzRSUwQSUzQyUyRnRkJTNFJTBBJTNDdGQlM0UlM0NhJTIwaHJlZiUzRCUyMmh0dHAlM0ElMkYlMkZ3d3cuZGR0aXphcHJhZ2FzLmNvbS5iciUyRnNpdGUlMkZmb3JtaWdhJTJGJTIyJTNFJTNDaW1nJTIwY2xhc3MlM0QlMjJhbGlnbmNlbnRlciUyMiUyMHNyYyUzRCUyMmh0dHAlM0ElMkYlMkZ3d3cuZGR0aXphcHJhZ2FzLmNvbS5iciUyRnNpdGUlMkZ3cC1jb250ZW50JTJGdXBsb2FkcyUyRjIwMTklMkYxMCUyRmZvcm1pZ2FfZGR0aXphLnBuZyUyMiUyMGFsdCUzRCUyMkZvcm1pZ2ElMjIlMjBzdHlsZSUzRCUyMm9wYWNpdHklM0ElMjAwLjQlM0IlMjIlMjBvbm1vdXNlb3ZlciUzRCUyMnRoaXMuc3R5bGUub3BhY2l0eSUzRDElM0J0aGlzLmZpbHRlcnMuYWxwaGEub3BhY2l0eSUzRDEwMCUyMiUyMG9ubW91c2VvdXQlM0QlMjJ0aGlzLnN0eWxlLm9wYWNpdHklM0QwLjQlM0J0aGlzLmZpbHRlcnMuYWxwaGEub3BhY2l0eSUzRDQwJTIyJTIwYm9yZGVyJTNEJTIyMCUyMiUyMHdpZHRoJTNEJTIyODAlMjIlMjBoZWlnaHQlM0QlMjI4MCUyMiUyMCUyRiUzRSUzQyUyRmElM0UlMEElM0NoNCUyMHN0eWxlJTNEJTIydGV4dC1hbGlnbiUzQSUyMGNlbnRlciUzQiUyMiUzRSUzQ2ElMjBocmVmJTNEJTIyaHR0cCUzQSUyRiUyRnd3dy5kZHRpemFwcmFnYXMuY29tLmJyJTJGc2l0ZSUyRmZvcm1pZ2ElMkYlMjIlM0VGb3JtaWdhJTNDJTJGYSUzRSUzQyUyRmg0JTNFJTBBJTNDJTJGdGQlM0UlMEElM0MlMkZ0ciUzRSUwQSUzQ3RyJTNFJTBBJTNDdGQlM0UlM0NhJTIwaHJlZiUzRCUyMmh0dHAlM0ElMkYlMkZ3d3cuZGR0aXphcHJhZ2FzLmNvbS5iciUyRnNpdGUlMkZiYXJhdGElMkYlMjIlM0UlM0NpbWclMjBjbGFzcyUzRCUyMmFsaWduY2VudGVyJTIyJTIwc3JjJTNEJTIyaHR0cCUzQSUyRiUyRnd3dy5kZHRpemFwcmFnYXMuY29tLmJyJTJGc2l0ZSUyRndwLWNvbnRlbnQlMkZ1cGxvYWRzJTJGMjAxOSUyRjEwJTJGYmFyYXRhX2RkdGl6YS5wbmclMjIlMjBhbHQlM0QlMjJCYXJhdGElMjIlMjBzdHlsZSUzRCUyMm9wYWNpdHklM0ElMjAwLjQlM0IlMjIlMjBvbm1vdXNlb3ZlciUzRCUyMnRoaXMuc3R5bGUub3BhY2l0eSUzRDElM0J0aGlzLmZpbHRlcnMuYWxwaGEub3BhY2l0eSUzRDEwMCUyMiUyMG9ubW91c2VvdXQlM0QlMjJ0aGlzLnN0eWxlLm9wYWNpdHklM0QwLjQlM0J0aGlzLmZpbHRlcnMuYWxwaGEub3BhY2l0eSUzRDQwJTIyJTIwYm9yZGVyJTNEJTIyMCUyMiUyMHdpZHRoJTNEJTIyODAlMjIlMjBoZWlnaHQlM0QlMjI4MCUyMiUyMCUyRiUzRSUzQyUyRmElM0UlMEElM0NoNCUyMHN0eWxlJTNEJTIydGV4dC1hbGlnbiUzQSUyMGNlbnRlciUzQiUyMiUzRSUzQ2ElMjBocmVmJTNEJTIyaHR0cCUzQSUyRiUyRnd3dy5kZHRpemFwcmFnYXMuY29tLmJyJTJGc2l0ZSUyRmJhcmF0YSUyRiUyMiUzRUJhcmF0YSUzQyUyRmElM0UlM0MlMkZoNCUzRSUwQSUzQyUyRnRkJTNFJTBBJTNDdGQlM0UlM0NhJTIwaHJlZiUzRCUyMmh0dHAlM0ElMkYlMkZ3d3cuZGR0aXphcHJhZ2FzLmNvbS5iciUyRnNpdGUlMkZwdWxnYSUyRiUyMiUzRSUzQ2ltZyUyMGNsYXNzJTNEJTIyYWxpZ25jZW50ZXIlMjIlMjBzcmMlM0QlMjJodHRwJTNBJTJGJTJGd3d3LmRkdGl6YXByYWdhcy5jb20uYnIlMkZzaXRlJTJGd3AtY29udGVudCUyRnVwbG9hZHMlMkYyMDE5JTJGMTAlMkZwdWxnYV9kZHRpemEucG5nJTIyJTIwYWx0JTNEJTIyUHVsZ2ElMjIlMjBzdHlsZSUzRCUyMm9wYWNpdHklM0ElMjAwLjQlM0IlMjIlMjBvbm1vdXNlb3ZlciUzRCUyMnRoaXMuc3R5bGUub3BhY2l0eSUzRDElM0J0aGlzLmZpbHRlcnMuYWxwaGEub3BhY2l0eSUzRDEwMCUyMiUyMG9ubW91c2VvdXQlM0QlMjJ0aGlzLnN0eWxlLm9wYWNpdHklM0QwLjQlM0J0aGlzLmZpbHRlcnMuYWxwaGEub3BhY2l0eSUzRDQwJTIyJTIwYm9yZGVyJTNEJTIyMCUyMiUyMHdpZHRoJTNEJTIyODAlMjIlMjBoZWlnaHQlM0QlMjI4MCUyMiUyMCUyRiUzRSUzQyUyRmElM0UlMEElM0NoNCUyMHN0eWxlJTNEJTIydGV4dC1hbGlnbiUzQSUyMGNlbnRlciUzQiUyMiUzRSUzQ2ElMjBocmVmJTNEJTIyaHR0cCUzQSUyRiUyRnd3dy5kZHRpemFwcmFnYXMuY29tLmJyJTJGc2l0ZSUyRnB1bGdhJTJGJTIyJTNFUHVsZ2ElM0MlMkZhJTNFJTNDJTJGaDQlM0UlMEElM0MlMkZ0ZCUzRSUwQSUzQ3RkJTNFJTNDYSUyMGhyZWYlM0QlMjJodHRwJTNBJTJGJTJGd3d3LmRkdGl6YXByYWdhcy5jb20uYnIlMkZzaXRlJTJGbW9zY2ElMkYlMjIlM0UlM0NpbWclMjBjbGFzcyUzRCUyMmFsaWduY2VudGVyJTIyJTIwc3JjJTNEJTIyaHR0cCUzQSUyRiUyRnd3dy5kZHRpemFwcmFnYXMuY29tLmJyJTJGc2l0ZSUyRndwLWNvbnRlbnQlMkZ1cGxvYWRzJTJGMjAxOSUyRjEwJTJGbW9zcXVpdG9fZGR0aXphLnBuZyUyMiUyMGFsdCUzRCUyMk1vc2NhJTIyJTIwc3R5bGUlM0QlMjJvcGFjaXR5JTNBJTIwMC40JTNCJTIyJTIwb25tb3VzZW92ZXIlM0QlMjJ0aGlzLnN0eWxlLm9wYWNpdHklM0QxJTNCdGhpcy5maWx0ZXJzLmFscGhhLm9wYWNpdHklM0QxMDAlMjIlMjBvbm1vdXNlb3V0JTNEJTIydGhpcy5zdHlsZS5vcGFjaXR5JTNEMC40JTNCdGhpcy5maWx0ZXJzLmFscGhhLm9wYWNpdHklM0Q0MCUyMiUyMGJvcmRlciUzRCUyMjAlMjIlMjB3aWR0aCUzRCUyMjgwJTIyJTIwaGVpZ2h0JTNEJTIyODAlMjIlMjAlMkYlM0UlM0MlMkZhJTNFJTBBJTNDaDQlMjBzdHlsZSUzRCUyMnRleHQtYWxpZ24lM0ElMjBjZW50ZXIlM0IlMjIlM0UlM0NhJTIwaHJlZiUzRCUyMmh0dHAlM0ElMkYlMkZ3d3cuZGR0aXphcHJhZ2FzLmNvbS5iciUyRnNpdGUlMkZtb3NjYSUyRiUyMiUzRU1vc2NhJTNDJTJGYSUzRSUzQyUyRmg0JTNFJTBBJTNDJTJGdGQlM0UlMEElM0N0ZCUzRSUzQ2ElMjBocmVmJTNEJTIyaHR0cCUzQSUyRiUyRnd3dy5kZHRpemFwcmFnYXMuY29tLmJyJTJGc2l0ZSUyRnJvZWRvcmVzJTJGJTIyJTNFJTNDaW1nJTIwY2xhc3MlM0QlMjJhbGlnbmNlbnRlciUyMiUyMHNyYyUzRCUyMmh0dHAlM0ElMkYlMkZ3d3cuZGR0aXphcHJhZ2FzLmNvbS5iciUyRnNpdGUlMkZ3cC1jb250ZW50JTJGdXBsb2FkcyUyRjIwMTklMkYxMCUyRnJhdG9fZGR0aXphLnBuZyUyMiUyMGFsdCUzRCUyMlJvZWRvcmVzJTIyJTIwc3R5bGUlM0QlMjJvcGFjaXR5JTNBJTIwMC40JTNCJTIyJTIwb25tb3VzZW92ZXIlM0QlMjJ0aGlzLnN0eWxlLm9wYWNpdHklM0QxJTNCdGhpcy5maWx0ZXJzLmFscGhhLm9wYWNpdHklM0QxMDAlMjIlMjBvbm1vdXNlb3V0JTNEJTIydGhpcy5zdHlsZS5vcGFjaXR5JTNEMC40JTNCdGhpcy5maWx0ZXJzLmFscGhhLm9wYWNpdHklM0Q0MCUyMiUyMGJvcmRlciUzRCUyMjAlMjIlMjB3aWR0aCUzRCUyMjgwJTIyJTIwaGVpZ2h0JTNEJTIyODAlMjIlMjAlMkYlM0UlM0MlMkZhJTNFJTBBJTNDaDQlMjBzdHlsZSUzRCUyMnRleHQtYWxpZ24lM0ElMjBjZW50ZXIlM0IlMjIlM0UlM0NhJTIwaHJlZiUzRCUyMmh0dHAlM0ElMkYlMkZ3d3cuZGR0aXphcHJhZ2FzLmNvbS5iciUyRnNpdGUlMkZyb2Vkb3JlcyUyRiUyMiUzRVJvZWRvcmVzJTNDJTJGYSUzRSUzQyUyRmg0JTNFJTBBJTNDJTJGdGQlM0UlMEElM0MlMkZ0ciUzRSUwQSUzQyUyRnRib2R5JTNFJTBBJTNDJTJGdGFibGUlM0U=[\/vc_raw_html][\/vc_column][\/vc_row][vc_row][vc_column][vc_raw_html]JTNDJTIxLS0lMjBHb29nbGUlMjBUYWclMjBNYW5hZ2VyJTIwJTI4bm9zY3JpcHQlMjklMjAtLSUzRSUwQSUzQ25vc2NyaXB0JTNFJTNDaWZyYW1lJTIwc3JjJTNEJTIyaHR0cHMlM0ElMkYlMkZ3d3cuZ29vZ2xldGFnbWFuYWdlci5jb20lMkZucy5odG1sJTNGaWQlM0RHVE0tVFhXQ0pTTCUyMiUwQWhlaWdodCUzRCUyMjAlMjIlMjB3aWR0aCUzRCUyMjAlMjIlMjBzdHlsZSUzRCUyMmRpc3BsYXklM0Fub25lJTNCdmlzaWJpbGl0eSUzQWhpZGRlbiUyMiUzRSUzQyUyRmlmcmFtZSUzRSUzQyUyRm5vc2NyaXB0JTNFJTBBJTNDJTIxLS0lMjBFbmQlMjBHb29nbGUlMjBUYWclMjBNYW5hZ2VyJTIwJTI4bm9zY3JpcHQlMjklMjAtLSUzRQ==[\/vc_raw_html][\/vc_column][\/vc_row]<\/p>\n","protected":false},"excerpt":{"rendered":"<p>[vc_row][vc_column][\/vc_column][\/vc_row][vc_row type=&#8221;full_width&#8221; css=&#8221;.vc_custom_1571702850642{padding-right: 120px !important;padding-left: 120px !important;}&#8221;][vc_column][vc_custom_heading text=&#8221;Mosca&#8221; font_container=&#8221;tag:h2|font_size:20|text_align:center&#8221; el_class=&#8221;heading-title-3&#8243;][\/vc_column][\/vc_row][vc_row type=&#8221;full_width&#8221; css=&#8221;.vc_custom_1571702865222{margin-top: 20px !important;margin-bottom: 70px !important;padding-right: 120px !important;padding-left: 120px !important;}&#8221;][vc_column width=&#8221;1\/2&#8243;][vc_single_image source=&#8221;featured_image&#8221; img_size=&#8221;full&#8221; alignment=&#8221;center&#8221;][\/vc_column][vc_column width=&#8221;1\/2&#8243;][vc_column_text] Existem muitas esp\u00e9cies de moscas. Mas somente algumas esp\u00e9cies est\u00e3o entre a fauna sinantr\u00f3pica que com frequ\u00eancia ocorre em elevado n\u00famero no ambiente urbano, ocasionando um grande inc\u00f4modo a popula\u00e7\u00e3o [&hellip;]<\/p>\n","protected":false},"author":1,"featured_media":75546,"parent":75474,"menu_order":0,"comment_status":"closed","ping_status":"closed","template":"","meta":{"_lmt_disableupdate":"","_lmt_disable":"","_joinchat":[],"footnotes":""},"class_list":["post-75545","page","type-page","status-publish","has-post-thumbnail","hentry"],"_links":{"self":[{"href":"https:\/\/ddtizapragas.com.br\/site\/wp-json\/wp\/v2\/pages\/75545","targetHints":{"allow":["GET"]}}],"collection":[{"href":"https:\/\/ddtizapragas.com.br\/site\/wp-json\/wp\/v2\/pages"}],"about":[{"href":"https:\/\/ddtizapragas.com.br\/site\/wp-json\/wp\/v2\/types\/page"}],"author":[{"embeddable":true,"href":"https:\/\/ddtizapragas.com.br\/site\/wp-json\/wp\/v2\/users\/1"}],"replies":[{"embeddable":true,"href":"https:\/\/ddtizapragas.com.br\/site\/wp-json\/wp\/v2\/comments?post=75545"}],"version-history":[{"count":6,"href":"https:\/\/ddtizapragas.com.br\/site\/wp-json\/wp\/v2\/pages\/75545\/revisions"}],"predecessor-version":[{"id":76062,"href":"https:\/\/ddtizapragas.com.br\/site\/wp-json\/wp\/v2\/pages\/75545\/revisions\/76062"}],"up":[{"embeddable":true,"href":"https:\/\/ddtizapragas.com.br\/site\/wp-json\/wp\/v2\/pages\/75474"}],"wp:featuredmedia":[{"embeddable":true,"href":"https:\/\/ddtizapragas.com.br\/site\/wp-json\/wp\/v2\/media\/75546"}],"wp:attachment":[{"href":"https:\/\/ddtizapragas.com.br\/site\/wp-json\/wp\/v2\/media?parent=75545"}],"curies":[{"name":"wp","href":"https:\/\/api.w.org\/{rel}","templated":true}]}}