{"id":75621,"date":"2019-10-03T18:59:55","date_gmt":"2019-10-03T21:59:55","guid":{"rendered":"http:\/\/www.ddtizapragas.com.br\/site\/?page_id=75621"},"modified":"2020-02-19T10:51:30","modified_gmt":"2020-02-19T13:51:30","slug":"cotacao","status":"publish","type":"page","link":"https:\/\/ddtizapragas.com.br\/site\/cotacao\/","title":{"rendered":"Fa\u00e7a sua cota\u00e7\u00e3o"},"content":{"rendered":"<p>[vc_row][vc_column][\/vc_column][\/vc_row][vc_row type=&#8221;full_width&#8221; css=&#8221;.vc_custom_1571700075431{padding-right: 120px !important;padding-left: 120px !important;}&#8221;][vc_column][vc_custom_heading text=&#8221;FA\u00c7A SUA COTA\u00c7\u00c3O&#8221; font_container=&#8221;tag:h2|font_size:20|text_align:left&#8221; el_class=&#8221;heading-title-3&#8243;][\/vc_column][\/vc_row][vc_row type=&#8221;full_width&#8221; css=&#8221;.vc_custom_1571700085751{padding-right: 120px !important;padding-left: 120px !important;}&#8221;][vc_column width=&#8221;1\/2&#8243;][vc_single_image source=&#8221;featured_image&#8221; img_size=&#8221;full&#8221;][\/vc_column][vc_column width=&#8221;1\/2&#8243;][vc_column_text]<script>\n                            if (window.qmn_quiz_data === undefined) {\n                                    window.qmn_quiz_data = new Object();\n                            }\n                    <\/script><script>window.qmn_quiz_data[\"1\"] = {\"quiz_id\":\"1\",\"quiz_name\":\"Or\\u00e7amento\",\"disable_answer\":\"1\",\"ajax_show_correct\":\"0\",\"progress_bar\":\"0\",\"contact_info_location\":\"0\",\"qpages\":{\"1\":{\"id\":\"1\",\"quizID\":\"1\",\"pagekey\":\"60521c81de785\",\"hide_prevbtn\":\"0\"},\"2\":{\"id\":\"2\",\"quizID\":\"1\",\"pagekey\":\"60521c81de7e0\",\"hide_prevbtn\":\"0\"}},\"skip_validation_time_expire\":1,\"timer_limit_val\":0,\"disable_scroll_next_previous_click\":0,\"disable_scroll_on_result\":0,\"disable_first_page\":0,\"enable_result_after_timer_end\":\"0\",\"enable_quick_result_mc\":\"0\",\"end_quiz_if_wrong\":0,\"form_disable_autofill\":0,\"disable_mathjax\":0,\"enable_quick_correct_answer_info\":0,\"quick_result_correct_answer_text\":\"Correct! You have selected correct answer.\",\"quick_result_wrong_answer_text\":\"Wrong! You have selected wrong answer.\",\"quiz_processing_message\":\"\",\"quiz_limit_choice\":\"Limit of choice is reached.\",\"not_allow_after_expired_time\":0,\"scheduled_time_end\":false,\"prevent_reload\":0,\"limit_email_based_submission\":0,\"total_user_tries\":0,\"is_logged_in\":false,\"error_messages\":{\"email_error_text\":\"Por favor, insira um e-mail v\\u00e1lido.\",\"number_error_text\":\"Por favor, preencha corretamente.\",\"incorrect_error_text\":\"Por favor, preencha corretamente.\",\"empty_error_text\":\"Por favor, preencha todos os campos.\",\"url_error_text\":\"The entered URL is not valid!\",\"minlength_error_text\":\"Required atleast %minlength% characters.\",\"maxlength_error_text\":\"Maximum %maxlength% characters allowed.\",\"recaptcha_error_text\":\"ReCaptcha is missing\"},\"first_page\":true,\"questions_settings\":[]}\n                    <\/script><div class='qsm-quiz-container qsm-quiz-container-1 qmn_quiz_container mlw_qmn_quiz  quiz_theme_default  '>\n\t\t\t\t\t\t\t\t<form name=\"quizForm1\" id=\"quizForm1\" action=\"\/site\/wp-json\/wp\/v2\/pages\/75621\" method=\"POST\" class=\"qsm-quiz-form qmn_quiz_form mlw_quiz_form\" novalidate enctype=\"multipart\/form-data\">\n\t\t\t\t<input type=\"hidden\" name=\"qsm_hidden_questions\" id=\"qsm_hidden_questions\" value=\"\">\n\t\t\t\t<input type=\"hidden\" name=\"qsm_nonce\" id=\"qsm_nonce_1\" value=\"27d14364f6\">\n\t\t\t\t<input type=\"hidden\" name=\"qsm_unique_key\" id=\"qsm_unique_key_1\" value=\"69fe1427b8b16\">\n\t\t\t\t<div id=\"mlw_error_message\" class=\"qsm-error-message qmn_error_message_section\"><\/div>\n\t\t\t\t<span id=\"mlw_top_of_quiz\"><\/span>\n\t\t\t\t\t\t\t<section class=\"qsm-page \">\n\t\t\t\t<div class=\"quiz_section quiz_begin\">\n\t\t\t\t\t<div class='qsm-before-message mlw_qmn_message_before'>\n\t\t\t<p>Ol\u00e1! Este \u00e9 o nosso formul\u00e1rio de cota\u00e7\u00e3o.<\/p>\n<p>Precisamos que voc\u00ea responda algumas perguntas. \u00c9 rapidinho.<br \/>\nCaso queira entrar em contato direto, ligue para (31) 3372-4882, ou nos chame pelo Whatsapp.<\/p>\n\t\t\t\t\t<\/div>\n\t\t\t\t\t\t\t\t<div class=\"qsm_contact_div qsm-contact-type-text\">\n\t\t\t\t\t\t\t\t\t\t\t<span class='mlw_qmn_question qsm_question'><label for=\"contact_field_0\">Qual o seu nome?<\/label><\/span>\n\t\t\t\t\t\t\t\t<input type='text' class='mlwRequiredText qsm_required_text'  name='contact_field_0' id='contact_field_0'  value=''  placeholder='Qual o seu nome?'  \/>\n\t\t\t\t\t\t\t\t\t<\/div>\n\t\t\t\t\t\t\t\t\t\t<div class=\"qsm_contact_div qsm-contact-type-email\">\n\t\t\t\t\t\t\t\t\t\t\t<span class='mlw_qmn_question qsm_question'><label for=\"contact_field_1\">Qual o seu e-mail?<\/label><\/span>\n\t\t\t\t\t\t\t\t<input type='email' class='mlwEmail mlwRequiredText qsm_required_text'  name='contact_field_1' id='contact_field_1'  value=''  placeholder='Qual o seu e-mail?'  \/>\n\t\t\t\t\t\t\t\t\t<\/div>\n\t\t\t\t\t\t\t\t\t\t<div class=\"qsm_contact_div qsm-contact-type-text\">\n\t\t\t\t\t\t\t\t\t\t\t<span class='mlw_qmn_question qsm_question'><label for=\"contact_field_2\">Informe um n\u00famero de telefone para contato, com DDD:<\/label><\/span>\n\t\t\t\t\t\t\t\t<input type='text' class='mlwRequiredText qsm_required_textmlwPhoneNumber'  name='contact_field_2' id='contact_field_2'  value=''  onkeydown='return event.keyCode !== 69'  placeholder='Informe um n\u00famero de telefone para contato, com DDD:'  \/>\n\t\t\t\t\t\t\t\t\t<\/div>\n\t\t\t\t\t\t\t\t\t\t<div class=\"qsm_contact_div qsm-contact-type-text\">\n\t\t\t\t\t\t\t\t\t\t\t<span class='mlw_qmn_question qsm_question'><label for=\"contact_field_3\">Informe tamb\u00e9m o seu endere\u00e7o completo, incluindo logradouro, bairro e cidade.<\/label><\/span>\n\t\t\t\t\t\t\t\t<input type='text' class='mlwRequiredText qsm_required_text'  name='contact_field_3' id='contact_field_3'  value=''  placeholder='Informe tamb\u00e9m o seu endere\u00e7o completo, incluindo logradouro, bairro e cidade.'  \/>\n\t\t\t\t\t\t\t\t\t<\/div>\n\t\t\t\t\t\t\t\t\t<\/div>\n\t\t\t<\/section>\n\t\t\t\t\t\t\t<section class=\"qsm-page qsm-question-page  qsm-page-1\"\n\t\t\t\t\t\tdata-pid=\"1\" data-qpid=\"1\" data-prevbtn=\"0\" style='display: none;'>\n\t\t\t\t\t\t\t\t\t\t\t\t\t\t<div class='quiz_section qsm-question-wrapper question-type-4 question-section-id-5 ' data-qid='5'>\n\t\t\t\t\t\t<div class='mlw_qmn_question ' >\n\t\t<p>E em qual \u00e1rea ser\u00e1 realizado o servi\u00e7o?<\/p>\n\t<\/div>\n\t\t<fieldset>\n\t\t<legend><\/legend>\n\t<div class=\"qmn_check_answers mlwRequiredRadio\">\n\t\t\t\t\t\t\t<div class=\"qsm_check_answer  mrq_checkbox_class\">\n\t\t\t\t\t\t<input type=\"checkbox\" class=\"qsm-multiple-response-input\"  name=\"question5[]\" id=\"question5_1\" value=\"0\" \/>\n\t\t\t\t\t\t<label class=\"qsm-input-label\" for=\"question5_1\">\n\t\t\t\t\t\t\tApartamento\t\t\t\t\t\t<\/label>\n\t\t\t\t\t<\/div>\n\t\t\t\t\t\t\t\t\t\t<div class=\"qsm_check_answer  mrq_checkbox_class\">\n\t\t\t\t\t\t<input type=\"checkbox\" class=\"qsm-multiple-response-input\"  name=\"question5[]\" id=\"question5_2\" value=\"1\" \/>\n\t\t\t\t\t\t<label class=\"qsm-input-label\" for=\"question5_2\">\n\t\t\t\t\t\t\tCasa\t\t\t\t\t\t<\/label>\n\t\t\t\t\t<\/div>\n\t\t\t\t\t\t\t\t\t\t<div class=\"qsm_check_answer  mrq_checkbox_class\">\n\t\t\t\t\t\t<input type=\"checkbox\" class=\"qsm-multiple-response-input\"  name=\"question5[]\" id=\"question5_3\" value=\"2\" \/>\n\t\t\t\t\t\t<label class=\"qsm-input-label\" for=\"question5_3\">\n\t\t\t\t\t\t\tCondom\u00ednio\t\t\t\t\t\t<\/label>\n\t\t\t\t\t<\/div>\n\t\t\t\t\t\t\t\t\t\t<div class=\"qsm_check_answer  mrq_checkbox_class\">\n\t\t\t\t\t\t<input type=\"checkbox\" class=\"qsm-multiple-response-input\"  name=\"question5[]\" id=\"question5_4\" value=\"3\" \/>\n\t\t\t\t\t\t<label class=\"qsm-input-label\" for=\"question5_4\">\n\t\t\t\t\t\t\tGalp\u00e3o\t\t\t\t\t\t<\/label>\n\t\t\t\t\t<\/div>\n\t\t\t\t\t\t\t\t\t\t<div class=\"qsm_check_answer  mrq_checkbox_class\">\n\t\t\t\t\t\t<input type=\"checkbox\" class=\"qsm-multiple-response-input\"  name=\"question5[]\" id=\"question5_5\" value=\"4\" \/>\n\t\t\t\t\t\t<label class=\"qsm-input-label\" for=\"question5_5\">\n\t\t\t\t\t\t\tEmpresa\t\t\t\t\t\t<\/label>\n\t\t\t\t\t<\/div>\n\t\t\t\t\t\t\t\t\t\t<div class=\"qsm_check_answer  mrq_checkbox_class\">\n\t\t\t\t\t\t<input type=\"checkbox\" class=\"qsm-multiple-response-input\"  name=\"question5[]\" id=\"question5_6\" value=\"5\" \/>\n\t\t\t\t\t\t<label class=\"qsm-input-label\" for=\"question5_6\">\n\t\t\t\t\t\t\tSa\u00fade\t\t\t\t\t\t<\/label>\n\t\t\t\t\t<\/div>\n\t\t\t\t\t\t\t\t\t\t<div class=\"qsm_check_answer  mrq_checkbox_class\">\n\t\t\t\t\t\t<input type=\"checkbox\" class=\"qsm-multiple-response-input\"  name=\"question5[]\" id=\"question5_7\" value=\"6\" \/>\n\t\t\t\t\t\t<label class=\"qsm-input-label\" for=\"question5_7\">\n\t\t\t\t\t\t\tAliment\u00edcia\t\t\t\t\t\t<\/label>\n\t\t\t\t\t<\/div>\n\t\t\t\t\t\t\t\t\t\t<div class=\"qsm_check_answer  mrq_checkbox_class\">\n\t\t\t\t\t\t<input type=\"checkbox\" class=\"qsm-multiple-response-input\"  name=\"question5[]\" id=\"question5_8\" value=\"7\" \/>\n\t\t\t\t\t\t<label class=\"qsm-input-label\" for=\"question5_8\">\n\t\t\t\t\t\t\tOutros\t\t\t\t\t\t<\/label>\n\t\t\t\t\t<\/div>\n\t\t\t\t\t\t<\/div>\n\t<\/fieldset>\n\t<input type=\"hidden\" name=\"answer_limit_keys_5\" value=\"\" \/>\n\t\t\t\t\t\t\t<\/div>\n\t\t\t\t\t\t\t\t\t\t\t<div class='quiz_section qsm-question-wrapper question-type-5 question-section-id-23 ' data-qid='23'>\n\t\t\t\t\t\t<div class='mlw_qmn_question ' >\n\t\t<p>Informa\u00e7\u00f5es complementares:<\/p>\n\t<\/div>\n\t\t<textarea class=\"mlw_answer_open_text mlwRequiredText\" cols=\"70\" rows=\"5\" id=\"question23\" name=\"question23\"   placeholder=\"\" \/><\/textarea>\n\t\t\t\t\t\t\t<\/div>\n\t\t\t\t\t\t\t\t\t\t\t<div class='quiz_section qsm-question-wrapper question-type-6 question-section-id-22 ' data-qid='22'>\n\t\t\t\t\t\t<div class='mlw_qmn_question ' >\n\t\t<p><p style=\"font-size: 14px\"><em>Por exemplo: <\/em><br \/><em>Se for apartamento, informe o n\u00famero de quartos;<\/em><br \/><em>Se for casa, informe a \u00e1rea constru\u00edda;<\/em><br \/><em>Se for condom\u00ednio, informe quantos pavimentos e unidades;<\/em><br \/><em>Se for galp\u00e3o, informe a \u00e1rea constru\u00edda;<\/em><br \/><em>Se for aliment\u00edcio, informe se \u00e9 bar, restaurante, hot\u00e9is ou similares;<\/em><br \/><em>Para outros, informe tipo de \u00e1rea e especifica\u00e7\u00f5es:<\/em><\/p><\/p>\n\t<\/div>\n\t\t\t\t\t\t\t<\/div>\n\t\t\t\t\t\t\t\t\t<\/section>\n\t\t\t\t\t\t\t\t<section class=\"qsm-page qsm-question-page  qsm-page-2\"\n\t\t\t\t\t\tdata-pid=\"2\" data-qpid=\"2\" data-prevbtn=\"0\" style='display: none;'>\n\t\t\t\t\t\t\t\t\t\t\t\t\t\t<div class='quiz_section qsm-question-wrapper question-type-4 question-section-id-7 ' data-qid='7'>\n\t\t\t\t\t\t<div class='mlw_qmn_question ' >\n\t\t<p>Vamos l\u00e1! Qual praga est\u00e1 te incomodando nesse momento?<\/p>\n\t<\/div>\n\t\t<fieldset>\n\t\t<legend><\/legend>\n\t<div class=\"qmn_check_answers mlwRequiredRadio\">\n\t\t\t\t\t\t\t<div class=\"qsm_check_answer  mrq_checkbox_class\">\n\t\t\t\t\t\t<input type=\"checkbox\" class=\"qsm-multiple-response-input\"  name=\"question7[]\" id=\"question7_1\" value=\"0\" \/>\n\t\t\t\t\t\t<label class=\"qsm-input-label\" for=\"question7_1\">\n\t\t\t\t\t\t\tAranha\t\t\t\t\t\t<\/label>\n\t\t\t\t\t<\/div>\n\t\t\t\t\t\t\t\t\t\t<div class=\"qsm_check_answer  mrq_checkbox_class\">\n\t\t\t\t\t\t<input type=\"checkbox\" class=\"qsm-multiple-response-input\"  name=\"question7[]\" id=\"question7_2\" value=\"1\" \/>\n\t\t\t\t\t\t<label class=\"qsm-input-label\" for=\"question7_2\">\n\t\t\t\t\t\t\tBarata\t\t\t\t\t\t<\/label>\n\t\t\t\t\t<\/div>\n\t\t\t\t\t\t\t\t\t\t<div class=\"qsm_check_answer  mrq_checkbox_class\">\n\t\t\t\t\t\t<input type=\"checkbox\" class=\"qsm-multiple-response-input\"  name=\"question7[]\" id=\"question7_3\" value=\"2\" \/>\n\t\t\t\t\t\t<label class=\"qsm-input-label\" for=\"question7_3\">\n\t\t\t\t\t\t\tCarrapato\t\t\t\t\t\t<\/label>\n\t\t\t\t\t<\/div>\n\t\t\t\t\t\t\t\t\t\t<div class=\"qsm_check_answer  mrq_checkbox_class\">\n\t\t\t\t\t\t<input type=\"checkbox\" class=\"qsm-multiple-response-input\"  name=\"question7[]\" id=\"question7_4\" value=\"3\" \/>\n\t\t\t\t\t\t<label class=\"qsm-input-label\" for=\"question7_4\">\n\t\t\t\t\t\t\tCupim\t\t\t\t\t\t<\/label>\n\t\t\t\t\t<\/div>\n\t\t\t\t\t\t\t\t\t\t<div class=\"qsm_check_answer  mrq_checkbox_class\">\n\t\t\t\t\t\t<input type=\"checkbox\" class=\"qsm-multiple-response-input\"  name=\"question7[]\" id=\"question7_5\" value=\"4\" \/>\n\t\t\t\t\t\t<label class=\"qsm-input-label\" for=\"question7_5\">\n\t\t\t\t\t\t\tEscorpi\u00e3o\t\t\t\t\t\t<\/label>\n\t\t\t\t\t<\/div>\n\t\t\t\t\t\t\t\t\t\t<div class=\"qsm_check_answer  mrq_checkbox_class\">\n\t\t\t\t\t\t<input type=\"checkbox\" class=\"qsm-multiple-response-input\"  name=\"question7[]\" id=\"question7_6\" value=\"5\" \/>\n\t\t\t\t\t\t<label class=\"qsm-input-label\" for=\"question7_6\">\n\t\t\t\t\t\t\tFormiga\t\t\t\t\t\t<\/label>\n\t\t\t\t\t<\/div>\n\t\t\t\t\t\t\t\t\t\t<div class=\"qsm_check_answer  mrq_checkbox_class\">\n\t\t\t\t\t\t<input type=\"checkbox\" class=\"qsm-multiple-response-input\"  name=\"question7[]\" id=\"question7_7\" value=\"6\" \/>\n\t\t\t\t\t\t<label class=\"qsm-input-label\" for=\"question7_7\">\n\t\t\t\t\t\t\tPercevejo\t\t\t\t\t\t<\/label>\n\t\t\t\t\t<\/div>\n\t\t\t\t\t\t\t\t\t\t<div class=\"qsm_check_answer  mrq_checkbox_class\">\n\t\t\t\t\t\t<input type=\"checkbox\" class=\"qsm-multiple-response-input\"  name=\"question7[]\" id=\"question7_8\" value=\"7\" \/>\n\t\t\t\t\t\t<label class=\"qsm-input-label\" for=\"question7_8\">\n\t\t\t\t\t\t\tPulga\t\t\t\t\t\t<\/label>\n\t\t\t\t\t<\/div>\n\t\t\t\t\t\t\t\t\t\t<div class=\"qsm_check_answer  mrq_checkbox_class\">\n\t\t\t\t\t\t<input type=\"checkbox\" class=\"qsm-multiple-response-input\"  name=\"question7[]\" id=\"question7_9\" value=\"8\" \/>\n\t\t\t\t\t\t<label class=\"qsm-input-label\" for=\"question7_9\">\n\t\t\t\t\t\t\tRato\t\t\t\t\t\t<\/label>\n\t\t\t\t\t<\/div>\n\t\t\t\t\t\t\t\t\t\t<div class=\"qsm_check_answer  mrq_checkbox_class\">\n\t\t\t\t\t\t<input type=\"checkbox\" class=\"qsm-multiple-response-input\"  name=\"question7[]\" id=\"question7_10\" value=\"9\" \/>\n\t\t\t\t\t\t<label class=\"qsm-input-label\" for=\"question7_10\">\n\t\t\t\t\t\t\tTra\u00e7a\t\t\t\t\t\t<\/label>\n\t\t\t\t\t<\/div>\n\t\t\t\t\t\t\t\t\t\t<div class=\"qsm_check_answer  mrq_checkbox_class\">\n\t\t\t\t\t\t<input type=\"checkbox\" class=\"qsm-multiple-response-input\"  name=\"question7[]\" id=\"question7_11\" value=\"10\" \/>\n\t\t\t\t\t\t<label class=\"qsm-input-label\" for=\"question7_11\">\n\t\t\t\t\t\t\tNenhuma\/Preventiva\t\t\t\t\t\t<\/label>\n\t\t\t\t\t<\/div>\n\t\t\t\t\t\t<\/div>\n\t<\/fieldset>\n\t<input type=\"hidden\" name=\"answer_limit_keys_7\" value=\"\" \/>\n\t\t\t\t\t\t\t<\/div>\n\t\t\t\t\t\t\t\t\t\t\t<div class='quiz_section qsm-question-wrapper question-type-0 question-section-id-9 ' data-qid='9'>\n\t\t\t\t\t\t<div class='mlw_qmn_question ' >\n\t\t<p>Anotado! Agora conte pra gente como voc\u00ea conheceu a DDTIZA:<\/p>\n\t<\/div>\n\t\t<fieldset>\n\t\t<legend><\/legend>\n\t<div class='qmn_radio_answers '>\n\t\t\t\t\t\t\t\t<div class=\"qmn_mc_answer_wrap  mrq_checkbox_class\" id=\"question9-1 \">\n\t\t\t\t\t\t\t\t\t\t\t<input type='radio' class='qmn_quiz_radio qmn-multiple-choice-input ' name=\"question9\" id=\"question9_1\" value=\"0\" \/>\n\t\t\t\t\t<label class=\"qsm-input-label\" for=\"question9_1\">\n\t\t\t\t\tPesquisa no Google\t\t\t\t\t<\/label>\n\t\t\t\t\t \t\t\t\t<\/div>\n\t\t\t\t\t\t\t\t\t\t\t<div class=\"qmn_mc_answer_wrap  mrq_checkbox_class\" id=\"question9-2 \">\n\t\t\t\t\t\t\t\t\t\t\t<input type='radio' class='qmn_quiz_radio qmn-multiple-choice-input ' name=\"question9\" id=\"question9_2\" value=\"1\" \/>\n\t\t\t\t\t<label class=\"qsm-input-label\" for=\"question9_2\">\n\t\t\t\t\tIndica\u00e7\u00e3o de amigos\/empresas\t\t\t\t\t<\/label>\n\t\t\t\t\t \t\t\t\t<\/div>\n\t\t\t\t\t\t\t\t\t\t\t<div class=\"qmn_mc_answer_wrap  mrq_checkbox_class\" id=\"question9-3 \">\n\t\t\t\t\t\t\t\t\t\t\t<input type='radio' class='qmn_quiz_radio qmn-multiple-choice-input ' name=\"question9\" id=\"question9_3\" value=\"2\" \/>\n\t\t\t\t\t<label class=\"qsm-input-label\" for=\"question9_3\">\n\t\t\t\t\tFacebook\t\t\t\t\t<\/label>\n\t\t\t\t\t \t\t\t\t<\/div>\n\t\t\t\t\t\t\t\t\t\t\t<div class=\"qmn_mc_answer_wrap  mrq_checkbox_class\" id=\"question9-4 \">\n\t\t\t\t\t\t\t\t\t\t\t<input type='radio' class='qmn_quiz_radio qmn-multiple-choice-input ' name=\"question9\" id=\"question9_4\" value=\"3\" \/>\n\t\t\t\t\t<label class=\"qsm-input-label\" for=\"question9_4\">\n\t\t\t\t\tInstagram\t\t\t\t\t<\/label>\n\t\t\t\t\t \t\t\t\t<\/div>\n\t\t\t\t\t\t\t\t\t\t\t<div class=\"qmn_mc_answer_wrap  mrq_checkbox_class\" id=\"question9-5 \">\n\t\t\t\t\t\t\t\t\t\t\t<input type='radio' class='qmn_quiz_radio qmn-multiple-choice-input ' name=\"question9\" id=\"question9_5\" value=\"4\" \/>\n\t\t\t\t\t<label class=\"qsm-input-label\" for=\"question9_5\">\n\t\t\t\t\tOutros\t\t\t\t\t<\/label>\n\t\t\t\t\t \t\t\t\t<\/div>\n\t\t\t\t\t \t\t\t<label style=\"display: none !important;\" for=\"question9_none\">None<\/label>\n\t\t\t<input type=\"radio\" style=\"display: none;\" name=\"question9\" id=\"question9_none\" checked=\"checked\" value=\"\" \/>\n\t\t\t\t<\/div>\n\t<\/fieldset>\n\t<input type=\"hidden\" name=\"answer_limit_keys_9\" value=\"\" \/>\n\t\t\t\t\t\t\t<\/div>\n\t\t\t\t\t\t\t\t\t<\/section>\n\t\t\t\t\t\t\t<section class=\"qsm-page\" style=\"display: none;\">\n\t\t\t\t<div class=\"quiz_section\">\n\t\t\t\t\t<div class='qsm-after-message mlw_qmn_message_end'>\n\t\t\t\t\t\t<p>Agora basta clicar em \"Enviar\" e aguardar nossa equipe entrar em contato.<\/p>\n\t\t\t\t\t<\/div>\n\t\t\t\t\t\t\t\t\t<\/div>\n\t\t\t\t\t\t\t<\/section>\n\t\t\t\t\t<input type=\"hidden\" name=\"qmn_question_list\" value=\"5Q23Q22Q7Q9Q\" \/>\n\t\t\t\t\t\t\t<div id=\"mlw_error_message_bottom\" class=\"qsm-error-message qmn_error_message_section\"><\/div>\n\t\t\t\t\t<input type=\"hidden\" name=\"qmn_all_questions_count\" id=\"qmn_all_questions_count\" value=\"5\" \/>\n\t\t\t\t\t<input type=\"hidden\" name=\"total_questions\" id=\"total_questions\" value=\"4\" \/>\n\t\t\t\t\t<input type=\"hidden\" name=\"timer\" id=\"timer\" value=\"0\" \/>\n\t\t\t\t\t<input type=\"hidden\" name=\"timer_ms\" id=\"timer_ms\" value=\"0\"\/>\n\t\t\t\t\t<input type=\"hidden\" class=\"qmn_quiz_id\" name=\"qmn_quiz_id\" id=\"qmn_quiz_id\" value=\"1\" \/>\n\t\t\t\t\t<input type='hidden' name='complete_quiz' value='confirmation' \/>\n\t\t\t\t\t\t\t\t\t<\/form>\n\t\t\t\t\t\t<\/div>\n\t\t<div style=\"display: none;\" class=\"qsm-popup qsm-popup-slide\" id=\"modal-4\" aria-hidden=\"false\"><div class=\"qsm-popup__overlay\" tabindex=\"-1\" data-micromodal-close=\"\"><div class=\"qsm-popup__container qmn_quiz_container\" role=\"dialog\" aria-modal=\"true\"><div class=\"qsm-popup__content\"><img decoding=\"async\" src=\"https:\/\/ddtizapragas.com.br\/site\/wp-content\/plugins\/quiz-master-next\/assets\/clock.png\" alt=\"clock.png\"\/><p class=\"qsm-time-up-text\"> Time's up<\/p><\/div><footer class=\"qsm-popup__footer\"><button class=\"qsm-popup-secondary-button qmn_btn\" data-micromodal-close=\"\" aria-label=\"Close this dialog window\" onclick=\"location.reload();\">Cancel<\/button><\/footer><\/div><\/div><\/div>\n[\/vc_column_text][\/vc_column][\/vc_row][vc_row][vc_column][vc_empty_space][\/vc_column][\/vc_row][vc_row type=&#8221;full_width&#8221; full_width=&#8221;stretch_row_content&#8221; css=&#8221;.vc_custom_1571860736884{padding-right: 120px !important;padding-left: 120px !important;background-color: #ef7d00 !important;}&#8221; el_class=&#8221;intro align-center&#8221;][vc_column width=&#8221;3\/4&#8243;][vc_custom_heading text=&#8221;A DDTIZA tem um padr\u00e3o de excel\u00eancia em qualidade na presta\u00e7\u00e3o de servi\u00e7o em controle de pragas urbanas.&#8221; font_container=&#8221;tag:h4|font_size:22|text_align:center|color:%23ffffff&#8221; el_class=&#8221;align-in-line&#8221;][\/vc_column][vc_column width=&#8221;1\/4&#8243;][vc_btn title=&#8221;SOLICITE SUA COTA\u00c7\u00c3O&#8221; style=&#8221;outline&#8221; shape=&#8221;square&#8221; color=&#8221;white&#8221; size=&#8221;lg&#8221; link=&#8221;url:http%3A%2F%2Fwww.ddtizapragas.com.br%2Fsite%2Fcotacao%2F|title:Fa%C3%A7a%20sua%20cota%C3%A7%C3%A3o||&#8221; css=&#8221;.vc_custom_1571539835176{background-color: rgba(255,123,0,0.01) !important;*background-color: rgb(255,123,0) !important;}&#8221;][\/vc_column][\/vc_row][vc_row][vc_column][vc_raw_html]JTNDJTIxLS0lMjBHb29nbGUlMjBUYWclMjBNYW5hZ2VyJTIwJTI4bm9zY3JpcHQlMjklMjAtLSUzRSUwQSUzQ25vc2NyaXB0JTNFJTNDaWZyYW1lJTIwc3JjJTNEJTIyaHR0cHMlM0ElMkYlMkZ3d3cuZ29vZ2xldGFnbWFuYWdlci5jb20lMkZucy5odG1sJTNGaWQlM0RHVE0tVFhXQ0pTTCUyMiUwQWhlaWdodCUzRCUyMjAlMjIlMjB3aWR0aCUzRCUyMjAlMjIlMjBzdHlsZSUzRCUyMmRpc3BsYXklM0Fub25lJTNCdmlzaWJpbGl0eSUzQWhpZGRlbiUyMiUzRSUzQyUyRmlmcmFtZSUzRSUzQyUyRm5vc2NyaXB0JTNFJTBBJTNDJTIxLS0lMjBFbmQlMjBHb29nbGUlMjBUYWclMjBNYW5hZ2VyJTIwJTI4bm9zY3JpcHQlMjklMjAtLSUzRQ==[\/vc_raw_html][\/vc_column][\/vc_row]<\/p>\r\n","protected":false},"excerpt":{"rendered":"<p>[vc_row][vc_column][\/vc_column][\/vc_row][vc_row type=&#8221;full_width&#8221; css=&#8221;.vc_custom_1571700075431{padding-right: 120px !important;padding-left: 120px !important;}&#8221;][vc_column][vc_custom_heading text=&#8221;FA\u00c7A SUA COTA\u00c7\u00c3O&#8221; font_container=&#8221;tag:h2|font_size:20|text_align:left&#8221; el_class=&#8221;heading-title-3&#8243;][\/vc_column][\/vc_row][vc_row type=&#8221;full_width&#8221; css=&#8221;.vc_custom_1571700085751{padding-right: 120px !important;padding-left: 120px !important;}&#8221;][vc_column width=&#8221;1\/2&#8243;][vc_single_image source=&#8221;featured_image&#8221; img_size=&#8221;full&#8221;][\/vc_column][vc_column width=&#8221;1\/2&#8243;][vc_column_text][\/vc_column_text][\/vc_column][\/vc_row][vc_row][vc_column][vc_empty_space][\/vc_column][\/vc_row][vc_row type=&#8221;full_width&#8221; full_width=&#8221;stretch_row_content&#8221; css=&#8221;.vc_custom_1571860736884{padding-right: 120px !important;padding-left: 120px !important;background-color: #ef7d00 !important;}&#8221; el_class=&#8221;intro align-center&#8221;][vc_column width=&#8221;3\/4&#8243;][vc_custom_heading text=&#8221;A DDTIZA tem um padr\u00e3o de excel\u00eancia em qualidade na presta\u00e7\u00e3o de servi\u00e7o em controle de pragas urbanas.&#8221; font_container=&#8221;tag:h4|font_size:22|text_align:center|color:%23ffffff&#8221; el_class=&#8221;align-in-line&#8221;][\/vc_column][vc_column width=&#8221;1\/4&#8243;][vc_btn [&hellip;]<\/p>\n","protected":false},"author":1,"featured_media":75627,"parent":0,"menu_order":0,"comment_status":"closed","ping_status":"closed","template":"","meta":{"_lmt_disableupdate":"","_lmt_disable":"","_joinchat":[],"footnotes":""},"class_list":["post-75621","page","type-page","status-publish","has-post-thumbnail","hentry"],"_links":{"self":[{"href":"https:\/\/ddtizapragas.com.br\/site\/wp-json\/wp\/v2\/pages\/75621","targetHints":{"allow":["GET"]}}],"collection":[{"href":"https:\/\/ddtizapragas.com.br\/site\/wp-json\/wp\/v2\/pages"}],"about":[{"href":"https:\/\/ddtizapragas.com.br\/site\/wp-json\/wp\/v2\/types\/page"}],"author":[{"embeddable":true,"href":"https:\/\/ddtizapragas.com.br\/site\/wp-json\/wp\/v2\/users\/1"}],"replies":[{"embeddable":true,"href":"https:\/\/ddtizapragas.com.br\/site\/wp-json\/wp\/v2\/comments?post=75621"}],"version-history":[{"count":10,"href":"https:\/\/ddtizapragas.com.br\/site\/wp-json\/wp\/v2\/pages\/75621\/revisions"}],"predecessor-version":[{"id":76054,"href":"https:\/\/ddtizapragas.com.br\/site\/wp-json\/wp\/v2\/pages\/75621\/revisions\/76054"}],"wp:featuredmedia":[{"embeddable":true,"href":"https:\/\/ddtizapragas.com.br\/site\/wp-json\/wp\/v2\/media\/75627"}],"wp:attachment":[{"href":"https:\/\/ddtizapragas.com.br\/site\/wp-json\/wp\/v2\/media?parent=75621"}],"curies":[{"name":"wp","href":"https:\/\/api.w.org\/{rel}","templated":true}]}}