{"id":75659,"date":"2019-10-04T03:55:29","date_gmt":"2019-10-04T06:55:29","guid":{"rendered":"http:\/\/www.ddtizapragas.com.br\/site\/?page_id=75659"},"modified":"2022-01-26T17:30:22","modified_gmt":"2022-01-26T20:30:22","slug":"nossos-clientes","status":"publish","type":"page","link":"https:\/\/ddtizapragas.com.br\/site\/nossos-clientes\/","title":{"rendered":"Nossos Clientes"},"content":{"rendered":"<p>[vc_row][vc_column][\/vc_column][\/vc_row][vc_row type=&#8221;full_width&#8221; css=&#8221;.vc_custom_1571700155406{padding-right: 120px !important;padding-left: 120px !important;}&#8221;][vc_column][vc_custom_heading text=&#8221;Nossos Clientes&#8221; font_container=&#8221;tag:h2|font_size:20|text_align:left&#8221; el_class=&#8221;heading-title-3&#8243;][\/vc_column][\/vc_row][vc_row type=&#8221;full_width&#8221; css=&#8221;.vc_custom_1571700166142{padding-right: 120px !important;padding-left: 120px !important;}&#8221;][vc_column width=&#8221;1\/2&#8243;][vc_single_image image=&#8221;75677&#8243; img_size=&#8221;full&#8221;][\/vc_column][vc_column width=&#8221;1\/2&#8243;][vc_column_text]A experi\u00eancia acumulada e a qualidade dos seus servi\u00e7os fazem da DDTIZA uma empresa com know-how no mercado de controle de pragas, firmando-se como refer\u00eancia em\u00a0<strong>dedetiza\u00e7\u00e3o em BH<\/strong>.<\/p>\r\n<p>Acreditamos que a excel\u00eancia no atendimento, qualidade e responsabilidade fazem toda a diferen\u00e7a no mercado. A maior prova desse sucesso \u00e9 a nossa carteira de clientes.<\/p>\r\n<p>Conhe\u00e7a algumas empresas que confiam no trabalho da DDTIZA \u2013 Controle de Pragas e Vetores:<\/p>\r\n<p>[\/vc_column_text][\/vc_column][\/vc_row][vc_row type=&#8221;full_width&#8221; css=&#8221;.vc_custom_1571700177869{padding-right: 120px !important;padding-left: 120px !important;}&#8221;][vc_column][vc_empty_space][vc_gallery type=&#8221;image_grid&#8221; images=&#8221;75992,75990,75686,76078,76079,75638,75639,75640,75642,75643,75645,75646,75647,75648,75649,75651,75652,75656,75657,75658,75991,75995,75994&#8243; onclick=&#8221;&#8221;][\/vc_column][\/vc_row][vc_row][vc_column][vc_empty_space][\/vc_column][\/vc_row][vc_row type=&#8221;full_width&#8221; full_width=&#8221;stretch_row_content&#8221; css=&#8221;.vc_custom_1571860736884{padding-right: 120px !important;padding-left: 120px !important;background-color: #ef7d00 !important;}&#8221; el_class=&#8221;intro align-center&#8221;][vc_column width=&#8221;3\/4&#8243;][vc_custom_heading text=&#8221;A DDTIZA tem um padr\u00e3o de excel\u00eancia em qualidade na presta\u00e7\u00e3o de servi\u00e7o em controle de pragas urbanas.&#8221; font_container=&#8221;tag:h4|font_size:22|text_align:center|color:%23ffffff&#8221; el_class=&#8221;align-in-line&#8221;][\/vc_column][vc_column width=&#8221;1\/4&#8243;][vc_btn title=&#8221;SOLICITE SUA COTA\u00c7\u00c3O&#8221; style=&#8221;outline&#8221; shape=&#8221;square&#8221; color=&#8221;white&#8221; size=&#8221;lg&#8221; link=&#8221;url:http%3A%2F%2Fwww.ddtizapragas.com.br%2Fsite%2Fcotacao%2F|title:Fa%C3%A7a%20sua%20cota%C3%A7%C3%A3o||&#8221; css=&#8221;.vc_custom_1571539835176{background-color: rgba(255,123,0,0.01) !important;*background-color: rgb(255,123,0) !important;}&#8221;][\/vc_column][\/vc_row][vc_row][vc_column][vc_raw_html]JTNDJTIxLS0lMjBHb29nbGUlMjBUYWclMjBNYW5hZ2VyJTIwJTI4bm9zY3JpcHQlMjklMjAtLSUzRSUwQSUzQ25vc2NyaXB0JTNFJTNDaWZyYW1lJTIwc3JjJTNEJTIyaHR0cHMlM0ElMkYlMkZ3d3cuZ29vZ2xldGFnbWFuYWdlci5jb20lMkZucy5odG1sJTNGaWQlM0RHVE0tVFhXQ0pTTCUyMiUwQWhlaWdodCUzRCUyMjAlMjIlMjB3aWR0aCUzRCUyMjAlMjIlMjBzdHlsZSUzRCUyMmRpc3BsYXklM0Fub25lJTNCdmlzaWJpbGl0eSUzQWhpZGRlbiUyMiUzRSUzQyUyRmlmcmFtZSUzRSUzQyUyRm5vc2NyaXB0JTNFJTBBJTNDJTIxLS0lMjBFbmQlMjBHb29nbGUlMjBUYWclMjBNYW5hZ2VyJTIwJTI4bm9zY3JpcHQlMjklMjAtLSUzRQ==[\/vc_raw_html][\/vc_column][\/vc_row]<\/p>\r\n","protected":false},"excerpt":{"rendered":"<p>[vc_row][vc_column][\/vc_column][\/vc_row][vc_row type=&#8221;full_width&#8221; css=&#8221;.vc_custom_1571700155406{padding-right: 120px !important;padding-left: 120px !important;}&#8221;][vc_column][vc_custom_heading text=&#8221;Nossos Clientes&#8221; font_container=&#8221;tag:h2|font_size:20|text_align:left&#8221; el_class=&#8221;heading-title-3&#8243;][\/vc_column][\/vc_row][vc_row type=&#8221;full_width&#8221; css=&#8221;.vc_custom_1571700166142{padding-right: 120px !important;padding-left: 120px !important;}&#8221;][vc_column width=&#8221;1\/2&#8243;][vc_single_image image=&#8221;75677&#8243; img_size=&#8221;full&#8221;][\/vc_column][vc_column width=&#8221;1\/2&#8243;][vc_column_text]A experi\u00eancia acumulada e a qualidade dos seus servi\u00e7os fazem da DDTIZA uma empresa com know-how no mercado de controle de pragas, firmando-se como refer\u00eancia em\u00a0dedetiza\u00e7\u00e3o em BH. Acreditamos que a excel\u00eancia no atendimento, qualidade [&hellip;]<\/p>\n","protected":false},"author":1,"featured_media":0,"parent":0,"menu_order":0,"comment_status":"closed","ping_status":"closed","template":"","meta":{"_lmt_disableupdate":"no","_lmt_disable":"","_joinchat":[],"footnotes":""},"class_list":["post-75659","page","type-page","status-publish","hentry"],"_links":{"self":[{"href":"https:\/\/ddtizapragas.com.br\/site\/wp-json\/wp\/v2\/pages\/75659","targetHints":{"allow":["GET"]}}],"collection":[{"href":"https:\/\/ddtizapragas.com.br\/site\/wp-json\/wp\/v2\/pages"}],"about":[{"href":"https:\/\/ddtizapragas.com.br\/site\/wp-json\/wp\/v2\/types\/page"}],"author":[{"embeddable":true,"href":"https:\/\/ddtizapragas.com.br\/site\/wp-json\/wp\/v2\/users\/1"}],"replies":[{"embeddable":true,"href":"https:\/\/ddtizapragas.com.br\/site\/wp-json\/wp\/v2\/comments?post=75659"}],"version-history":[{"count":27,"href":"https:\/\/ddtizapragas.com.br\/site\/wp-json\/wp\/v2\/pages\/75659\/revisions"}],"predecessor-version":[{"id":76194,"href":"https:\/\/ddtizapragas.com.br\/site\/wp-json\/wp\/v2\/pages\/75659\/revisions\/76194"}],"wp:attachment":[{"href":"https:\/\/ddtizapragas.com.br\/site\/wp-json\/wp\/v2\/media?parent=75659"}],"curies":[{"name":"wp","href":"https:\/\/api.w.org\/{rel}","templated":true}]}}