{"id":76068,"date":"2020-04-07T15:10:27","date_gmt":"2020-04-07T18:10:27","guid":{"rendered":"https:\/\/ddtizapragas.com.br\/site\/?page_id=76068"},"modified":"2022-02-15T19:40:54","modified_gmt":"2022-02-15T22:40:54","slug":"sanitizacao","status":"publish","type":"page","link":"https:\/\/ddtizapragas.com.br\/site\/dedetizacao\/sanitizacao\/","title":{"rendered":"Sanitiza\u00e7\u00e3o"},"content":{"rendered":"<p>year, but annual subscription also auto-renews. Is Resume.com really free?[vc_row][vc_column][\/vc_column][\/vc_row][vc_row type=&#8221;full_width&#8221; css=&#8221;.vc_custom_1571699575115{padding-right: 120px !important;padding-left: 120px !important;}&#8221;][vc_column][vc_custom_heading text=&#8221;Sanitiza\u00e7\u00e3o&#8221; font_container=&#8221;tag:h2|font_size:20|text_align:center&#8221; el_class=&#8221;heading-title-3&#8243;][\/vc_column][\/vc_row][vc_row type=&#8221;full_width&#8221; css=&#8221;.vc_custom_1571699585946{margin-top: 20px !important;margin-bottom: 70px !important;padding-right: 120px !important;padding-left: 120px !important;}&#8221;][vc_column width=&#8221;1\/3&#8243;][vc_single_image source=&#8221;featured_image&#8221; img_size=&#8221;full&#8221; alignment=&#8221;center&#8221;][\/vc_column][vc_column width=&#8221;2\/3&#8243;][vc_column_text]<strong>O que \u00e9 Sanitiza\u00e7\u00e3o de Ambientes?<\/strong><\/p>\n<p>\u00c9 um processo de higieniza\u00e7\u00e3o e elimina\u00e7\u00e3o de agentes causadores de infec\u00e7\u00f5es, alergias e doen\u00e7as que podem causar por exemplo bronquite, asma, renite dentre outros desconfortos provenientes de fungos ou mofos.\u00a0Al\u00e9m disso, o processo de sanitiza\u00e7\u00e3o tamb\u00e9m \u00e9 altamente efetivo contra bact\u00e9rias e v\u00edrus.<\/p>\n<p><strong>Como \u00e9 feito o tratamento?<\/strong><\/p>\n<p>O processo de sanitiza\u00e7\u00e3o de ambientes utilizados pela<strong>\u00a0DDTIZA<\/strong>\u00a0\u00e9 feito atrav\u00e9s da utiliza\u00e7\u00e3o de um desinfetante a base de am\u00f4nia quatern\u00e1ria, e \u00e9 indicado para desinfec\u00e7\u00e3o de locais dedicados \u00e0 manipula\u00e7\u00e3o, produ\u00e7\u00e3o e elabora\u00e7\u00e3o de alimentos.<\/p>\n<p>O desinfetante age na inativa\u00e7\u00e3o enzim\u00e1tica, desnatura\u00e7\u00e3o proteica e na destrui\u00e7\u00e3o das membranas celulares.<\/p>\n<p>Pode ser utilizado para desinfec\u00e7\u00e3o de paredes, pisos, instala\u00e7\u00f5es e equipamentos em geral, ma\u00e7anetas, abatedouros, ind\u00fastria leiteira, ve\u00edculos de transporte, entre diversas outras aplica\u00e7\u00f5es.<\/p>\n<p>A sanitiza\u00e7\u00e3o \u00e9 realizada utilizando-se dosagem recomendada pelo fabricante do desinfetante dilu\u00eddo em \u00e1gua, podendo ser aplicada de diversas maneiras dependendo do tipo de ambiente a ser tratado. O processo pode ser realizado atrav\u00e9s de pulveriza\u00e7\u00e3o, utilizando-se de bomba costal manual. Pode ser realizada atomiza\u00e7\u00e3o, onde utilizamos uma bomba costal motorizada. Tamb\u00e9m utilizamos um nebulizador a frio, altamente indicado para uso residencial, pois aplica uma fina camada nas superf\u00edcies, deixando o ambiente desinfectado e apto para uso em pouco tempo.<\/p>\n<p><strong>Onde pode ser aplicado?<\/strong><br \/>\nO processo de sanitiza\u00e7\u00e3o de ambientes pode ser aplicado em qualquer ambiente fechado, tais como: Clinicas, consult\u00f3rios, escolas, empresas, escrit\u00f3rios, hot\u00e9is, ber\u00e7\u00e1rios, teatros, resid\u00eancias, hospitais, industrias, ve\u00edculos, cinemas, academias, bancos e \u00f4nibus de transporte coletivo, galp\u00f5es, etc.<\/p>\n<p align=\"justify\"><strong>Corona V\u00edrus \u2013 Covid 19<br \/>\nO processo de sanitiza\u00e7\u00e3o \u00e9 eficaz contra Corona V\u00edrus (SARS-COV-2) assim como outros diferentes tipos de v\u00edrus, <\/strong>por\u00e9m para cada situa\u00e7\u00e3o podem ser necess\u00e1rias medidas complementares de limpeza e desinfec\u00e7\u00e3o, como por exemplo<strong> \u00e1reas de manuseio constante, como ma\u00e7anetas, puxadores de arm\u00e1rios, eletrodom\u00e9sticos, etc.<\/strong>\u00a0<strong>Contudo, \u00e9 vital ressaltar que a a\u00e7\u00e3o desinfetante s\u00f3 acontece no momento da aplica\u00e7\u00e3o, ou seja, terminado o processo e depois das superf\u00edcies estarem secas, o tr\u00e2nsito de pessoas contaminadas j\u00e1 pode provocar a nova contamina\u00e7\u00e3o do ambiente.<\/strong><\/p>\n<p>[\/vc_column_text][\/vc_column][\/vc_row][vc_row][vc_column][vc_empty_space height=&#8221;50&#8243;][\/vc_column][\/vc_row][vc_row type=&#8221;full_width&#8221; el_class=&#8221;certifications align-center&#8221; css=&#8221;.vc_custom_1571699599313{padding-right: 120px !important;padding-left: 120px !important;}&#8221;][vc_column width=&#8221;1\/4&#8243;][vc_column_text]<a href=\"http:\/\/www.ddtizapragas.com.br\/site\/desinsetizacao\/\"><img loading=\"lazy\" decoding=\"async\" class=\"alignnone\" src=\"http:\/\/www.ddtizapragas.com.br\/site\/wp-content\/uploads\/2019\/09\/desinsetizacao_ddtiza.png\" alt=\"\" width=\"80\" height=\"80\" \/><\/a><\/p>\n<h3>DESINSETIZA\u00c7\u00c3O<\/h3>\n<p style=\"text-align: justify;\">A desinsetiza\u00e7\u00e3o \u00e9 o controle dos insetos e aracn\u00eddeos mais comuns encontrados em \u00e1reas urbanas, tais como: baratas, pulgas, formigas, tra\u00e7as, aranhas, escorpi\u00f5es, entre outros.<\/p>\n<p>[\/vc_column_text][\/vc_column][vc_column width=&#8221;1\/4&#8243;][vc_column_text]<a href=\"http:\/\/www.ddtizapragas.com.br\/site\/desratizacao\/\"><img loading=\"lazy\" decoding=\"async\" class=\"alignnone\" src=\"http:\/\/www.ddtizapragas.com.br\/site\/wp-content\/uploads\/2019\/09\/desratizacao_ddtiza.png\" alt=\"\" width=\"80\" height=\"80\" \/><\/a><\/p>\n<h3>DESRATIZA\u00c7\u00c3O<\/h3>\n<p style=\"text-align: justify;\">Os roedores s\u00e3o animais \u00e1geis, ariscos e cautelosos, conseguem se esconder com facilidade, tornam seu controle complexo. Nem sempre \u00e9 poss\u00edvel visualiz\u00e1-los, mas deixam vest\u00edgios de sua infesta\u00e7\u00e3o.<\/p>\n<p>[\/vc_column_text][\/vc_column][vc_column width=&#8221;1\/4&#8243;][vc_column_text]<a href=\"http:\/\/www.ddtizapragas.com.br\/site\/descupinizacao\/\"><img loading=\"lazy\" decoding=\"async\" class=\"alignnone\" src=\"http:\/\/www.ddtizapragas.com.br\/site\/wp-content\/uploads\/2019\/09\/descupinizacao_ddtiza.png\" alt=\"\" width=\"80\" height=\"80\" \/><\/a><\/p>\n<h3>DESCUPINIZA\u00c7\u00c3O<\/h3>\n<p style=\"text-align: justify;\">O conhecimento da biologia dos cupins \u00e9 base fundamental na ado\u00e7\u00e3o de medidas preventivas e curativas. Seus h\u00e1bitos de vida, reprodu\u00e7\u00e3o, exig\u00eancias quanto \u00e0 temperatura e umidade s\u00e3o alguns fatores que determinam os procedimentos a serem adotados no seu controle.<\/p>\n<p>[\/vc_column_text][\/vc_column][vc_column width=&#8221;1\/4&#8243;][vc_column_text]<a href=\"http:\/\/www.ddtizapragas.com.br\/site\/controle-de-pragas\/\"><img loading=\"lazy\" decoding=\"async\" class=\"alignnone\" src=\"http:\/\/www.ddtizapragas.com.br\/site\/wp-content\/uploads\/2019\/09\/controle-de-pragas_ddtiza.png\" alt=\"\" width=\"80\" height=\"80\" \/><\/a><\/p>\n<h3>CONTROLE DE PRAGAS<\/h3>\n<p style=\"text-align: justify;\">A CIPU &#8211;\u00a0<strong>Controle Integrado de Pragas Urbanas<\/strong>\u00a0atende diversos segmentos de mercado tais como: condom\u00ednios, empresas, escolas, hospitais, \u00f3rg\u00e3os p\u00fablicos, restaurantes, armaz\u00e9ns, ind\u00fastrias e com\u00e9rcios em geral.<\/p>\n<p>[\/vc_column_text][\/vc_column][\/vc_row][vc_row][vc_column][vc_raw_html]JTNDJTIxLS0lMjBHb29nbGUlMjBUYWclMjBNYW5hZ2VyJTIwJTI4bm9zY3JpcHQlMjklMjAtLSUzRSUwQSUzQ25vc2NyaXB0JTNFJTNDaWZyYW1lJTIwc3JjJTNEJTIyaHR0cHMlM0ElMkYlMkZ3d3cuZ29vZ2xldGFnbWFuYWdlci5jb20lMkZucy5odG1sJTNGaWQlM0RHVE0tVFhXQ0pTTCUyMiUwQWhlaWdodCUzRCUyMjAlMjIlMjB3aWR0aCUzRCUyMjAlMjIlMjBzdHlsZSUzRCUyMmRpc3BsYXklM0Fub25lJTNCdmlzaWJpbGl0eSUzQWhpZGRlbiUyMiUzRSUzQyUyRmlmcmFtZSUzRSUzQyUyRm5vc2NyaXB0JTNFJTBBJTNDJTIxLS0lMjBFbmQlMjBHb29nbGUlMjBUYWclMjBNYW5hZ2VyJTIwJTI4bm9zY3JpcHQlMjklMjAtLSUzRQ==[\/vc_raw_html][\/vc_column][\/vc_row]<\/p>\n","protected":false},"excerpt":{"rendered":"<p>year, but annual subscription also auto-renews. Is Resume.com really free?[vc_row][vc_column][\/vc_column][\/vc_row][vc_row type=&#8221;full_width&#8221; css=&#8221;.vc_custom_1571699575115{padding-right: 120px !important;padding-left: 120px !important;}&#8221;][vc_column][vc_custom_heading text=&#8221;Sanitiza\u00e7\u00e3o&#8221; font_container=&#8221;tag:h2|font_size:20|text_align:center&#8221; el_class=&#8221;heading-title-3&#8243;][\/vc_column][\/vc_row][vc_row type=&#8221;full_width&#8221; css=&#8221;.vc_custom_1571699585946{margin-top: 20px !important;margin-bottom: 70px !important;padding-right: 120px !important;padding-left: 120px !important;}&#8221;][vc_column width=&#8221;1\/3&#8243;][vc_single_image source=&#8221;featured_image&#8221; img_size=&#8221;full&#8221; alignment=&#8221;center&#8221;][\/vc_column][vc_column width=&#8221;2\/3&#8243;][vc_column_text]O que \u00e9 Sanitiza\u00e7\u00e3o de Ambientes? \u00c9 um processo de higieniza\u00e7\u00e3o e elimina\u00e7\u00e3o de agentes causadores de infec\u00e7\u00f5es, alergias e doen\u00e7as que [&hellip;]<\/p>\n","protected":false},"author":1,"featured_media":76069,"parent":75394,"menu_order":0,"comment_status":"closed","ping_status":"closed","template":"","meta":{"_lmt_disableupdate":"","_lmt_disable":"","_joinchat":[],"footnotes":""},"class_list":["post-76068","page","type-page","status-publish","has-post-thumbnail","hentry"],"_links":{"self":[{"href":"https:\/\/ddtizapragas.com.br\/site\/wp-json\/wp\/v2\/pages\/76068","targetHints":{"allow":["GET"]}}],"collection":[{"href":"https:\/\/ddtizapragas.com.br\/site\/wp-json\/wp\/v2\/pages"}],"about":[{"href":"https:\/\/ddtizapragas.com.br\/site\/wp-json\/wp\/v2\/types\/page"}],"author":[{"embeddable":true,"href":"https:\/\/ddtizapragas.com.br\/site\/wp-json\/wp\/v2\/users\/1"}],"replies":[{"embeddable":true,"href":"https:\/\/ddtizapragas.com.br\/site\/wp-json\/wp\/v2\/comments?post=76068"}],"version-history":[{"count":3,"href":"https:\/\/ddtizapragas.com.br\/site\/wp-json\/wp\/v2\/pages\/76068\/revisions"}],"predecessor-version":[{"id":76296,"href":"https:\/\/ddtizapragas.com.br\/site\/wp-json\/wp\/v2\/pages\/76068\/revisions\/76296"}],"up":[{"embeddable":true,"href":"https:\/\/ddtizapragas.com.br\/site\/wp-json\/wp\/v2\/pages\/75394"}],"wp:featuredmedia":[{"embeddable":true,"href":"https:\/\/ddtizapragas.com.br\/site\/wp-json\/wp\/v2\/media\/76069"}],"wp:attachment":[{"href":"https:\/\/ddtizapragas.com.br\/site\/wp-json\/wp\/v2\/media?parent=76068"}],"curies":[{"name":"wp","href":"https:\/\/api.w.org\/{rel}","templated":true}]}}